{"id":114,"date":"2017-06-09T19:18:39","date_gmt":"2017-06-09T19:18:39","guid":{"rendered":"https:\/\/caspae.pt\/all-in-scratch\/?page_id=114"},"modified":"2020-04-17T08:56:20","modified_gmt":"2020-04-17T08:56:20","slug":"scratch-on-road","status":"publish","type":"page","link":"https:\/\/caspae.pt\/all-in-scratch\/scratch-on-road\/","title":{"rendered":"Scratch on Road"},"content":{"rendered":"<p style=\"text-align: justify;\"><img decoding=\"async\" loading=\"lazy\" class=\"size-medium wp-image-270 alignright\" title=\"\" src=\"https:\/\/caspae.pt\/all-in-scratch\/wp-content\/uploads\/2018\/01\/Scratct-ON-Road-Bitmap-300x140.png\" alt=\"\" width=\"300\" height=\"140\" srcset=\"https:\/\/caspae.pt\/all-in-scratch\/wp-content\/uploads\/2018\/01\/Scratct-ON-Road-Bitmap-300x140.png 300w, https:\/\/caspae.pt\/all-in-scratch\/wp-content\/uploads\/2018\/01\/Scratct-ON-Road-Bitmap-768x359.png 768w, https:\/\/caspae.pt\/all-in-scratch\/wp-content\/uploads\/2018\/01\/Scratct-ON-Road-Bitmap-1024x479.png 1024w, https:\/\/caspae.pt\/all-in-scratch\/wp-content\/uploads\/2018\/01\/Scratct-ON-Road-Bitmap-600x280.png 600w, https:\/\/caspae.pt\/all-in-scratch\/wp-content\/uploads\/2018\/01\/Scratct-ON-Road-Bitmap.png 1500w\" sizes=\"(max-width: 300px) 100vw, 300px\" \/>O projeto \u201c<strong><i>SCRATCH on ROAD<\/i><\/strong>\u201d promovido em parceria com o Instituto Superior de Engenharia de Coimbra (ISEC)&nbsp;tem por objetivo constituir uma equipa de t\u00e9cnicos especializados na \u00e1rea da programa\u00e7\u00e3o e equipar uma unidade m\u00f3vel com os computadores port\u00e1teis cedidos pelo ISEC. Esta unidade permitir\u00e1 desenvolver uma hora de programa\u00e7\u00e3o com os alunos de escolas que, pelas suas dimens\u00f5es, afastamento dos centros tecnol\u00f3gicos ou falta de recursos humanos, n\u00e3o podem ter inclu\u00edda esta atividade nos seus programas educativos e por tal assumir os desafios lan\u00e7ados pelo Minist\u00e9rio da Educa\u00e7\u00e3o, no ano 2015\/2016, com o programa <a href=\"http:\/\/www.erte.dge.mec.pt\/iniciacao-programacao-no-1o-ciclo-do-ensino-basico\">&#8220;Inicia\u00e7\u00e3o \u00e0 programa\u00e7\u00e3o no 1\u00ba ciclo&#8221;<\/a> . Assumindo o CASPAE todas as despesas de desloca\u00e7\u00e3o e materiais necess\u00e1rios ao desenvolvimento da atividade, \u00e9 imprescind\u00edvel encontrar condi\u00e7\u00f5es para a contrata\u00e7\u00e3o do t\u00e9cnico para um ano letivo (de setembro de 2017 a junho 2018).<\/p>\n<p style=\"text-align: justify;\">Apelando \u00e0 responsabilidade social das empresas atrav\u00e9s da Lei do Mecenato, o CASPAE tem envidado esfor\u00e7os para encontrar interessados em associar-se ao \u201c<strong><i>SCRATCH on ROAD<\/i><\/strong>\u201d garantindo o alargamento do projeto de \u201cInicia\u00e7\u00e3o \u00e0 Programa\u00e7\u00e3o no 1\u00ba ciclo do Ensino B\u00e1sico\u201d, \u00e0s escolas de Agrupamentos onde os quais o CASPAE desenvolve a sua atividade em parceria.<\/p>\n<p style=\"text-align: justify;\">Observa-se ainda que para as empresas que venham a apoiar alguma(s) escola(s), o desenvolvimento dos produtos a elaborar ser\u00e1 realizado em estreita articula\u00e7\u00e3o com a empresa e em \u00e1reas de a\u00e7\u00e3o que considerem importantes integrando sempre a coadjuva\u00e7\u00e3o com o Professor Titular de Turma e os volunt\u00e1rios do ISEC ( alunos da Licenciatura em Engenharia Inform\u00e1tica) que apoiar\u00e3o as v\u00e1rias atividades a decorrerem em contexto letivo.<\/p>\n<p style=\"text-align: justify;\">\n<p style=\"text-align: justify;\">Entidade parceira<a href=\"https:\/\/www.isec.pt\/PT\/Default.aspx\"><img decoding=\"async\" style=\"width: 204px; height: 98px;\" title=\"\" src=\"http:\/\/caspae.pt\/pt\/wp-content\/uploads\/2017\/01\/logo_ISEC.png\" alt=\"\"><\/a><\/p>\n","protected":false},"excerpt":{"rendered":"<p>O projeto \u201cSCRATCH on ROAD\u201d promovido em parceria com o Instituto Superior de Engenharia de Coimbra (ISEC)&nbsp;tem por objetivo constituir uma equipa de t\u00e9cnicos especializados na \u00e1rea da programa\u00e7\u00e3o e equipar uma unidade m\u00f3vel com os computadores port\u00e1teis cedidos pelo ISEC. Esta unidade permitir\u00e1 desenvolver uma hora de programa\u00e7\u00e3o com os alunos de escolas que,&#8230; <\/p>\n<div class=\"link-more\"><a href=\"https:\/\/caspae.pt\/all-in-scratch\/scratch-on-road\/\">Ler mais<\/a><\/div>\n","protected":false},"author":5,"featured_media":0,"parent":0,"menu_order":0,"comment_status":"closed","ping_status":"closed","template":"","meta":[],"folder":[],"_links":{"self":[{"href":"https:\/\/caspae.pt\/all-in-scratch\/wp-json\/wp\/v2\/pages\/114"}],"collection":[{"href":"https:\/\/caspae.pt\/all-in-scratch\/wp-json\/wp\/v2\/pages"}],"about":[{"href":"https:\/\/caspae.pt\/all-in-scratch\/wp-json\/wp\/v2\/types\/page"}],"author":[{"embeddable":true,"href":"https:\/\/caspae.pt\/all-in-scratch\/wp-json\/wp\/v2\/users\/5"}],"replies":[{"embeddable":true,"href":"https:\/\/caspae.pt\/all-in-scratch\/wp-json\/wp\/v2\/comments?post=114"}],"version-history":[{"count":24,"href":"https:\/\/caspae.pt\/all-in-scratch\/wp-json\/wp\/v2\/pages\/114\/revisions"}],"predecessor-version":[{"id":537,"href":"https:\/\/caspae.pt\/all-in-scratch\/wp-json\/wp\/v2\/pages\/114\/revisions\/537"}],"wp:attachment":[{"href":"https:\/\/caspae.pt\/all-in-scratch\/wp-json\/wp\/v2\/media?parent=114"}],"wp:term":[{"taxonomy":"folder","embeddable":true,"href":"https:\/\/caspae.pt\/all-in-scratch\/wp-json\/wp\/v2\/folder?post=114"}],"curies":[{"name":"wp","href":"https:\/\/api.w.org\/{rel}","templated":true}]}}