{"id":7870,"date":"2020-11-21T19:23:51","date_gmt":"2020-11-21T19:23:51","guid":{"rendered":"https:\/\/caspae.pt\/PT\/?page_id=7870"},"modified":"2024-05-28T21:16:33","modified_gmt":"2024-05-28T21:16:33","slug":"pradar-e-receber","status":"publish","type":"page","link":"https:\/\/caspae.pt\/PT\/pradar-e-receber\/","title":{"rendered":"PraDar e Receber"},"content":{"rendered":"<p><div class=\"fusion-fullwidth fullwidth-box fusion-builder-row-1 has-pattern-background has-mask-background nonhundred-percent-fullwidth non-hundred-percent-height-scrolling fusion-no-medium-visibility fusion-no-large-visibility\" style=\"--awb-border-radius-top-left:0px;--awb-border-radius-top-right:0px;--awb-border-radius-bottom-right:0px;--awb-border-radius-bottom-left:0px;--awb-flex-wrap:wrap;\" ><div class=\"fusion-builder-row fusion-row\"><div class=\"fusion-layout-column fusion_builder_column fusion-builder-column-0 fusion_builder_column_1_1 1_1 fusion-one-full fusion-column-first fusion-column-last fusion-animated\" style=\"--awb-bg-size:cover;\" data-animationType=\"fadeInRight\" data-animationDuration=\"0.8\" data-animationOffset=\"top-into-view\"><div class=\"fusion-column-wrapper fusion-flex-column-wrapper-legacy\"><div class=\"fusion-title title fusion-title-1 fusion-sep-none fusion-title-text fusion-title-size-three\" style=\"--awb-margin-bottom:5px;--awb-margin-top-small:0px;--awb-margin-right-small:0px;--awb-margin-bottom-small:20px;--awb-margin-left-small:0px;\"><h3 class=\"fusion-title-heading title-heading-left fusion-responsive-typography-calculated\" style=\"margin:0;--fontSize:26;--minFontSize:26;line-height:1.3;\"><p style=\"text-align: center;\">PraDar e Receber<\/p><\/h3><\/div><div class=\"fusion-sep-clear\"><\/div><div class=\"fusion-separator fusion-full-width-sep\" style=\"margin-left: auto;margin-right: auto;margin-top:15px;margin-bottom:15px;width:100%;\"><div class=\"fusion-separator-border sep-single sep-solid\" style=\"--awb-height:20px;--awb-amount:20px;border-color:#ecefef;border-top-width:1px;\"><\/div><\/div><div class=\"fusion-sep-clear\"><\/div><div class=\"fusion-text fusion-text-1\"><p><span style=\"font-weight: 400;\">O CASPAE, IPSS de Coimbra, sens\u00edvel \u00e0s dificuldades que surgem diariamente devido \u00e0 pandemia COVID-19, no \u00e2mbito do Programa de Apoio \u00e0s Pessoas Mais Carenciadas (POAPMC), criou a campanha \u201cPraDar e Receber\u201d. \u201cPraDar e Receber\u201d teve in\u00edcio no m\u00eas de novembro de 2020 \u00e9 uma iniciativa que tem como objetivo geral apoiar fam\u00edlias que estejam numa situa\u00e7\u00e3o de car\u00eancia econ\u00f3mica e\/ou em risco de exclus\u00e3o social, com roupa (adulto e crian\u00e7a), brinquedos e acess\u00f3rios necess\u00e1rios ao nosso quotidiano (t\u00eaxtil de casa, cadeiras auto, artigos de puericultura, eletrodom\u00e9sticos, etc).<\/span><\/p>\n<\/div><div class=\"fusion-text fusion-text-2\"><blockquote>\n<p><strong><i>&#8220;O objetivo das doa\u00e7\u00f5es dos doadores pode ser espalhar riqueza, diminuir a pobreza, empoderar as mulheres, salvaguardar os direitos humanos (&#8230;) e preservar o meio ambiente&#8221; (Oliveira &amp; Macedo, 2022).<\/i><\/strong><\/p>\n<\/blockquote>\n<\/div><div class=\"fusion-text fusion-text-3\"><p><span style=\"font-weight: 400;\">Para agendar, para dar e\/ou receber, contacte-nos:<\/span><\/p>\n<p><span style=\"font-weight: 400;\">Tel. +351 962 091 985<\/span><\/p>\n<p><span style=\"font-weight: 400;\">E-mail: catia.rodrigues@caspae.pt<\/span><\/p>\n<\/div><div class=\"fusion-image-element fusion-image-align-center in-legacy-container\" style=\"text-align:center;--awb-caption-title-font-family:var(--h2_typography-font-family);--awb-caption-title-font-weight:var(--h2_typography-font-weight);--awb-caption-title-font-style:var(--h2_typography-font-style);--awb-caption-title-size:var(--h2_typography-font-size);--awb-caption-title-transform:var(--h2_typography-text-transform);--awb-caption-title-line-height:var(--h2_typography-line-height);--awb-caption-title-letter-spacing:var(--h2_typography-letter-spacing);\"><div class=\"imageframe-align-center\"><span class=\" fusion-imageframe imageframe-none imageframe-1 hover-type-none\"><img decoding=\"async\" width=\"300\" height=\"300\" src=\"https:\/\/caspae.pt\/PT\/wp-content\/uploads\/2024\/05\/Catia-300x300.jpg\" alt class=\"img-responsive wp-image-15140\" srcset=\"https:\/\/caspae.pt\/PT\/wp-content\/uploads\/2024\/05\/Catia-200x200.jpg 200w, https:\/\/caspae.pt\/PT\/wp-content\/uploads\/2024\/05\/Catia-400x400.jpg 400w, https:\/\/caspae.pt\/PT\/wp-content\/uploads\/2024\/05\/Catia-600x600.jpg 600w, https:\/\/caspae.pt\/PT\/wp-content\/uploads\/2024\/05\/Catia-800x800.jpg 800w, https:\/\/caspae.pt\/PT\/wp-content\/uploads\/2024\/05\/Catia-1200x1200.jpg 1200w, https:\/\/caspae.pt\/PT\/wp-content\/uploads\/2024\/05\/Catia.jpg 1280w\" sizes=\"(max-width: 1000px) 100vw, 1200px\" \/><\/span><\/div><\/div><div class=\"fusion-clearfix\"><\/div><\/div><\/div><\/div><\/div><div class=\"fusion-fullwidth fullwidth-box fusion-builder-row-2 has-pattern-background has-mask-background nonhundred-percent-fullwidth non-hundred-percent-height-scrolling fusion-no-small-visibility\" style=\"--awb-border-radius-top-left:0px;--awb-border-radius-top-right:0px;--awb-border-radius-bottom-right:0px;--awb-border-radius-bottom-left:0px;--awb-flex-wrap:wrap;\" ><div class=\"fusion-builder-row fusion-row\"><div class=\"fusion-layout-column fusion_builder_column fusion-builder-column-1 fusion_builder_column_1_1 1_1 fusion-one-full fusion-column-first fusion-column-last fusion-animated\" style=\"--awb-bg-size:cover;\" data-animationType=\"fadeInRight\" data-animationDuration=\"0.8\" data-animationOffset=\"top-into-view\"><div class=\"fusion-column-wrapper fusion-flex-column-wrapper-legacy\"><div class=\"fusion-title title fusion-title-2 fusion-sep-none fusion-title-text fusion-title-size-three\" style=\"--awb-margin-bottom:5px;--awb-margin-top-small:0px;--awb-margin-right-small:0px;--awb-margin-bottom-small:20px;--awb-margin-left-small:0px;\"><h3 class=\"fusion-title-heading title-heading-left fusion-responsive-typography-calculated\" style=\"margin:0;--fontSize:26;--minFontSize:26;line-height:1.3;\"><p style=\"text-align: center;\">PraDar e Receber<\/p><\/h3><\/div><div class=\"fusion-sep-clear\"><\/div><div class=\"fusion-separator fusion-full-width-sep\" style=\"margin-left: auto;margin-right: auto;margin-top:15px;margin-bottom:15px;width:100%;\"><div class=\"fusion-separator-border sep-single sep-solid\" style=\"--awb-height:20px;--awb-amount:20px;border-color:#ecefef;border-top-width:1px;\"><\/div><\/div><div class=\"fusion-sep-clear\"><\/div><div class=\"fusion-text fusion-text-4\"><p><span style=\"font-weight: 400;\">O CASPAE, IPSS de Coimbra, sens\u00edvel \u00e0s dificuldades que surgem diariamente devido \u00e0 pandemia COVID-19, no \u00e2mbito do Programa de Apoio \u00e0s Pessoas Mais Carenciadas (POAPMC), criou a campanha \u201cPraDar e Receber\u201d. \u201cPraDar e Receber\u201d teve in\u00edcio no m\u00eas de novembro de 2020 \u00e9 uma iniciativa que tem como objetivo geral apoiar fam\u00edlias que estejam numa situa\u00e7\u00e3o de car\u00eancia econ\u00f3mica e\/ou em risco de exclus\u00e3o social, com roupa (adulto e crian\u00e7a), brinquedos e acess\u00f3rios necess\u00e1rios ao nosso quotidiano (t\u00eaxtil de casa, cadeiras auto, artigos de puericultura, eletrodom\u00e9sticos, etc).<\/span><\/p>\n<\/div><div class=\"fusion-clearfix\"><\/div><\/div><\/div><div class=\"fusion-layout-column fusion_builder_column fusion-builder-column-2 fusion_builder_column_2_3 2_3 fusion-two-third fusion-column-first fusion-animated\" style=\"--awb-bg-size:cover;width:66.666666666667%;width:calc(66.666666666667% - ( ( 10% ) * 0.66666666666667 ) );margin-right: 10%;\" data-animationType=\"fadeInRight\" data-animationDuration=\"0.8\" data-animationOffset=\"top-into-view\"><div class=\"fusion-column-wrapper fusion-flex-column-wrapper-legacy\"><div class=\"fusion-text fusion-text-5\"><blockquote>\n<p><strong><i>&#8220;O objetivo das doa\u00e7\u00f5es dos doadores pode ser espalhar riqueza, diminuir a pobreza, empoderar as mulheres, salvaguardar os direitos humanos (&#8230;) e preservar o meio ambiente&#8221; (Oliveira &amp; Macedo, 2022).<\/i><\/strong><\/p>\n<\/blockquote>\n<\/div><div class=\"fusion-text fusion-text-6\"><p><span style=\"font-weight: 400;\">Para agendar, para dar e\/ou receber, contacte-nos:<\/span><\/p>\n<p><span style=\"font-weight: 400;\">Tel. +351 962 091 985<\/span><\/p>\n<p><span style=\"font-weight: 400;\">E-mail: catia.rodrigues@caspae.pt<\/span><\/p>\n<\/div><div class=\"fusion-clearfix\"><\/div><\/div><\/div><div class=\"fusion-layout-column fusion_builder_column fusion-builder-column-3 fusion_builder_column_1_3 1_3 fusion-one-third fusion-column-last fusion-animated\" style=\"--awb-bg-size:cover;width:33.333333333333%;width:calc(33.333333333333% - ( ( 10% ) * 0.33333333333333 ) );\" data-animationType=\"fadeInRight\" data-animationDuration=\"0.8\" data-animationOffset=\"top-into-view\"><div class=\"fusion-column-wrapper fusion-flex-column-wrapper-legacy\"><div class=\"fusion-image-element in-legacy-container\" style=\"--awb-caption-title-font-family:var(--h2_typography-font-family);--awb-caption-title-font-weight:var(--h2_typography-font-weight);--awb-caption-title-font-style:var(--h2_typography-font-style);--awb-caption-title-size:var(--h2_typography-font-size);--awb-caption-title-transform:var(--h2_typography-text-transform);--awb-caption-title-line-height:var(--h2_typography-line-height);--awb-caption-title-letter-spacing:var(--h2_typography-letter-spacing);\"><span class=\" fusion-imageframe imageframe-none imageframe-2 hover-type-none\"><img decoding=\"async\" width=\"300\" height=\"300\" src=\"https:\/\/caspae.pt\/PT\/wp-content\/uploads\/2024\/05\/Catia-300x300.jpg\" alt class=\"img-responsive wp-image-15140\" srcset=\"https:\/\/caspae.pt\/PT\/wp-content\/uploads\/2024\/05\/Catia-200x200.jpg 200w, https:\/\/caspae.pt\/PT\/wp-content\/uploads\/2024\/05\/Catia-400x400.jpg 400w, https:\/\/caspae.pt\/PT\/wp-content\/uploads\/2024\/05\/Catia-600x600.jpg 600w, https:\/\/caspae.pt\/PT\/wp-content\/uploads\/2024\/05\/Catia-800x800.jpg 800w, https:\/\/caspae.pt\/PT\/wp-content\/uploads\/2024\/05\/Catia-1200x1200.jpg 1200w, https:\/\/caspae.pt\/PT\/wp-content\/uploads\/2024\/05\/Catia.jpg 1280w\" sizes=\"(max-width: 1000px) 100vw, 400px\" \/><\/span><\/div><div class=\"fusion-clearfix\"><\/div><\/div><\/div><\/div><\/div><\/p>\n","protected":false},"excerpt":{"rendered":"","protected":false},"author":1,"featured_media":0,"parent":0,"menu_order":0,"comment_status":"closed","ping_status":"closed","template":"100-width.php","meta":{"footnotes":""},"class_list":["post-7870","page","type-page","status-publish","hentry"],"_links":{"self":[{"href":"https:\/\/caspae.pt\/PT\/wp-json\/wp\/v2\/pages\/7870","targetHints":{"allow":["GET"]}}],"collection":[{"href":"https:\/\/caspae.pt\/PT\/wp-json\/wp\/v2\/pages"}],"about":[{"href":"https:\/\/caspae.pt\/PT\/wp-json\/wp\/v2\/types\/page"}],"author":[{"embeddable":true,"href":"https:\/\/caspae.pt\/PT\/wp-json\/wp\/v2\/users\/1"}],"replies":[{"embeddable":true,"href":"https:\/\/caspae.pt\/PT\/wp-json\/wp\/v2\/comments?post=7870"}],"version-history":[{"count":30,"href":"https:\/\/caspae.pt\/PT\/wp-json\/wp\/v2\/pages\/7870\/revisions"}],"predecessor-version":[{"id":15535,"href":"https:\/\/caspae.pt\/PT\/wp-json\/wp\/v2\/pages\/7870\/revisions\/15535"}],"wp:attachment":[{"href":"https:\/\/caspae.pt\/PT\/wp-json\/wp\/v2\/media?parent=7870"}],"curies":[{"name":"wp","href":"https:\/\/api.w.org\/{rel}","templated":true}]}}