{"id":7115,"date":"2020-06-17T20:37:11","date_gmt":"2020-06-17T20:37:11","guid":{"rendered":"https:\/\/caspae.pt\/PT\/?page_id=7115"},"modified":"2024-02-19T17:01:21","modified_gmt":"2024-02-19T17:01:21","slug":"gerarte","status":"publish","type":"page","link":"https:\/\/caspae.pt\/PT\/gerarte\/","title":{"rendered":"GerArte"},"content":{"rendered":"<p><div class=\"fusion-fullwidth fullwidth-box fusion-builder-row-1 nonhundred-percent-fullwidth non-hundred-percent-height-scrolling fusion-no-large-visibility\" style=\"--awb-border-radius-top-left:0px;--awb-border-radius-top-right:0px;--awb-border-radius-bottom-right:0px;--awb-border-radius-bottom-left:0px;--awb-flex-wrap:wrap;\" ><div class=\"fusion-builder-row fusion-row\"><div class=\"fusion-layout-column fusion_builder_column fusion-builder-column-0 fusion_builder_column_1_1 1_1 fusion-one-full fusion-column-first fusion-column-last\" style=\"--awb-bg-size:cover;\"><div class=\"fusion-column-wrapper fusion-column-has-shadow fusion-flex-column-wrapper-legacy\"><div class=\"fusion-modal modal fade modal-1 Call_Gerarte\" tabindex=\"-1\" role=\"dialog\" aria-labelledby=\"modal-heading-1\" aria-hidden=\"true\" style=\"--awb-border-color:#ecefef;--awb-background:#f2f3f3;\"><div class=\"modal-dialog modal-lg\" role=\"document\"><div class=\"modal-content fusion-modal-content\"><div class=\"modal-header\"><button class=\"close\" type=\"button\" data-dismiss=\"modal\" aria-hidden=\"true\" aria-label=\"Close\">&times;<\/button><h3 class=\"modal-title\" id=\"modal-heading-1\" data-dismiss=\"modal\" aria-hidden=\"true\"><\/h3><\/div><div class=\"modal-body fusion-clearfix\">\n<p><strong>Jo\u00e3o Bigotte de Almeida: <\/strong><\/p>\n<p><span style=\"font-weight: 500;\">Licenciado em Anima\u00e7\u00e3o SocioEducativa pela Escola Superior de Educa\u00e7\u00e3o de Coimbra; Formado como T\u00e9cnico de Apoio \u00e0 Gest\u00e3o Hoteleira pela Escola de Hotelaria e Turismo de Coimbra e como T\u00e9cnico Desportivo pela escola Secund\u00e1ria Quinta das Flores.\u00a0<\/span><\/p>\n<p><span style=\"font-weight: 500;\"><strong>Testemunho:<\/strong><\/span><\/p>\n<p><span style=\"font-weight: 500;\">Desde 2013 que tem vindo a Intervir nas \u00e1reas Social, Educacional, Desportiva e Tur\u00edstica com jovens e crian\u00e7as, tanto em Portugal como na Rep\u00fablica Checa, desenvolvendo o seu gosto pela intera\u00e7\u00e3o com pessoas levando-o a desenvolver mais compet\u00eancias neste campo atrav\u00e9s de diferentes experi\u00eancias, tais como Animador de campo de f\u00e9rias, t\u00e9cnico de atividades extracurriculares, Agente de interven\u00e7\u00e3o Social, professor e treinador desportivo. Em Agosto de 2021 abra\u00e7ou o Projeto GerArte, tornando-se coordenador do mesmo.<\/span><\/p>\n<\/div><div class=\"modal-footer\"><button class=\"fusion-button button-default button-medium button default medium\" type=\"button\" data-dismiss=\"modal\">Close<\/button><\/div><\/div><\/div><\/div><div class=\"fusion-clearfix\"><\/div><\/div><\/div><div class=\"fusion-layout-column fusion_builder_column fusion-builder-column-1 fusion_builder_column_1_1 1_1 fusion-one-full fusion-column-first fusion-column-last fusion-animated\" style=\"--awb-bg-size:cover;\" data-animationType=\"fadeInRight\" data-animationDuration=\"0.8\" data-animationOffset=\"top-into-view\"><div class=\"fusion-column-wrapper fusion-flex-column-wrapper-legacy\"><div class=\"fusion-title title fusion-title-1 fusion-sep-none fusion-title-text fusion-title-size-three\" style=\"--awb-margin-bottom:5px;--awb-margin-top-small:0px;--awb-margin-right-small:0px;--awb-margin-bottom-small:20px;--awb-margin-left-small:0px;\"><h3 class=\"fusion-title-heading title-heading-left fusion-responsive-typography-calculated\" style=\"margin:0;--fontSize:26;--minFontSize:26;line-height:1.3;\"><p style=\"text-align: center;\">GerArte<\/p><\/h3><\/div><div class=\"fusion-sep-clear\"><\/div><div class=\"fusion-separator fusion-full-width-sep\" style=\"margin-left: auto;margin-right: auto;margin-top:15px;margin-bottom:15px;width:100%;\"><div class=\"fusion-separator-border sep-single sep-solid\" style=\"--awb-height:20px;--awb-amount:20px;border-color:#ecefef;border-top-width:1px;\"><\/div><\/div><div class=\"fusion-sep-clear\"><\/div><div class=\"fusion-text fusion-text-1\"><p style=\"text-align: center;\"><span style=\"font-weight: 400;\">O projeto GerArte trata-se de um projeto de Solidariedade Intergeracional, que se centra na promo\u00e7\u00e3o da qualidade de vida de pessoas s\u00e9niores, atrav\u00e9s da dinamiza\u00e7\u00e3o de pr\u00e1ticas l\u00fadicas e recreativas. Desenvolve-se num modelo econ\u00f3mico reorganizado \u2013 economia circular \u2013 \u00e9 inten\u00e7\u00e3o que os\/as jovens volunt\u00e1rios\/as dinamizem sess\u00f5es de confe\u00e7\u00e3o de produtos, a partir de desperd\u00edcios, com a popula\u00e7\u00e3o s\u00e9nior. A <\/span><i><span style=\"font-weight: 400;\">posteriori <\/span><\/i><span style=\"font-weight: 400;\">as receitas das vendas destes produtos, realizadas com recurso on line mas tamb\u00e9m ao com\u00e9rcio local, ser\u00e3o revertidas na participa\u00e7\u00e3o gratuita, em atividades l\u00fadico-pedag\u00f3gicas, de crian\u00e7as socioeconomicamente carenciadas.\u00a0<\/span><\/p>\n<p style=\"text-align: center;\"><span style=\"font-weight: 400;\">Enquadra-se no eixo 4 do +CO3SO, financiado e apoiado pelo Centro2020, Portugal2020 e pela uni\u00e3o Europeia- Fundo Social Europeu.<\/span><\/p>\n<p style=\"text-align: center;\"><span style=\"font-weight: 400;\">Poder\u00e1 aceder \u00e0 listagem dos projetos cofinanciados pela UE atrav\u00e9s do bot\u00e3o abaixo, caso pretenda aceder \u00e0 ficha do projeto, basta colocar o c\u00f3digo de opera\u00e7\u00e3o do projeto, CENTRO-04-3321-FSE-001496, no respetivo local.<\/span><\/p>\n<\/div><div class=\"fusion-person person fusion-person-center fusion-person-1 fusion-person-icon-bottom\" style=\"--awb-pic-style-color:#1b2032;--awb-margin-top:0px;--awb-margin-right:0px;--awb-margin-bottom:0px;--awb-margin-left:0px;--awb-social-box-border-top:0px;--awb-social-box-border-right:0px;--awb-social-box-border-bottom:0px;--awb-social-box-border-left:0px;--awb-social-box-border-color:var(--awb-color3);--awb-social-box-border-color-hover:var(--awb-color4);--awb-social-box-colors-hover:rgba(150,159,172,0.096);--awb-social-icon-boxed-colors:rgba(150,159,172,0.12);--awb-social-icon-colors:#969fac;--awb-social-icon-colors-hover:rgba(150,159,172,0.8);\"><div class=\"person-shortcode-image-wrapper\"><div class=\"person-image-container hover-type-none\" style=\"border:0px solid #ecefef;\"><img decoding=\"async\" class=\"person-img img-responsive wp-image-14273\" width=\"1024\" height=\"1024\" src=\"https:\/\/caspae.pt\/PT\/wp-content\/uploads\/2023\/08\/Educacao-Aprender-a-Aprender1-1024x1024.jpg\" srcset=\"https:\/\/caspae.pt\/PT\/wp-content\/uploads\/2023\/08\/Educacao-Aprender-a-Aprender1-200x200.jpg 200w, https:\/\/caspae.pt\/PT\/wp-content\/uploads\/2023\/08\/Educacao-Aprender-a-Aprender1-400x400.jpg 400w, https:\/\/caspae.pt\/PT\/wp-content\/uploads\/2023\/08\/Educacao-Aprender-a-Aprender1-600x600.jpg 600w, https:\/\/caspae.pt\/PT\/wp-content\/uploads\/2023\/08\/Educacao-Aprender-a-Aprender1-800x800.jpg 800w, https:\/\/caspae.pt\/PT\/wp-content\/uploads\/2023\/08\/Educacao-Aprender-a-Aprender1-1200x1200.jpg 1200w, https:\/\/caspae.pt\/PT\/wp-content\/uploads\/2023\/08\/Educacao-Aprender-a-Aprender1.jpg 1280w\" sizes=\"(max-width: 1000px) 100vw, 1200px\" \/><\/div><\/div><div class=\"person-desc\"><div class=\"person-author\"><div class=\"person-author-wrapper\"><span class=\"person-name\"><\/span><span class=\"person-title\">Coordenador<\/span><\/div><\/div><div class=\"person-content fusion-clearfix\"><\/div><\/div><\/div><div class=\"fusion-button-wrapper fusion-aligncenter\"><a class=\"fusion-button button-flat fusion-button-default-size button-lightgray fusion-button-lightgray button-1 fusion-button-default-span fusion-button-default-type\" target=\"_self\" href=\"#\" data-toggle=\"modal\" data-target=\".fusion-modal.Call_Gerarte\"><i class=\"fa-plus-circle fas awb-button__icon awb-button__icon--default button-icon-left\" aria-hidden=\"true\"><\/i><span class=\"fusion-button-text awb-button__text awb-button__text--default\">Jo\u00e3o Bigotte de Almeida<\/span><\/a><\/div><div class=\"fusion-sep-clear\"><\/div><div class=\"fusion-separator fusion-full-width-sep\" style=\"margin-left: auto;margin-right: auto;margin-top:20px;width:100%;\"><\/div><div class=\"fusion-sep-clear\"><\/div><div class=\"fusion-button-wrapper fusion-aligncenter\"><a class=\"fusion-button button-flat fusion-button-default-size button-default fusion-button-default button-2 fusion-button-default-span fusion-button-default-type\" target=\"_self\" href=\"https:\/\/caspae.pt\/PT\/wp-content\/uploads\/2023\/09\/PROJETO_GERARTE.pdf\"><span class=\"fusion-button-text awb-button__text awb-button__text--default\">O Projeto<\/span><\/a><\/div><div class=\"fusion-sep-clear\"><\/div><div class=\"fusion-separator fusion-full-width-sep\" style=\"margin-left: auto;margin-right: auto;margin-top:20px;width:100%;\"><\/div><div class=\"fusion-sep-clear\"><\/div><div class=\"fusion-button-wrapper fusion-aligncenter\"><a class=\"fusion-button button-flat fusion-button-default-size button-default fusion-button-default button-3 fusion-button-default-span fusion-button-default-type\" target=\"_self\" href=\"http:\/\/www.centro.portugal2020.pt\/index.php\/projetos-aprovados\"><span class=\"fusion-button-text awb-button__text awb-button__text--default\">Projetos cofinanciados pela EU<\/span><\/a><\/div><div class=\"fusion-clearfix\"><\/div><\/div><\/div><\/div><\/div><div class=\"fusion-fullwidth fullwidth-box fusion-builder-row-2 nonhundred-percent-fullwidth non-hundred-percent-height-scrolling fusion-no-small-visibility fusion-no-medium-visibility\" style=\"--awb-border-radius-top-left:0px;--awb-border-radius-top-right:0px;--awb-border-radius-bottom-right:0px;--awb-border-radius-bottom-left:0px;--awb-flex-wrap:wrap;\" ><div class=\"fusion-builder-row fusion-row\"><div class=\"fusion-layout-column fusion_builder_column fusion-builder-column-2 fusion_builder_column_1_1 1_1 fusion-one-full fusion-column-first fusion-column-last\" style=\"--awb-bg-size:cover;\"><div class=\"fusion-column-wrapper fusion-column-has-shadow fusion-flex-column-wrapper-legacy\"><div class=\"fusion-modal modal fade modal-2 Call_Gerarte\" tabindex=\"-1\" role=\"dialog\" aria-labelledby=\"modal-heading-2\" aria-hidden=\"true\" style=\"--awb-border-color:#ecefef;--awb-background:#f2f3f3;\"><div class=\"modal-dialog modal-lg\" role=\"document\"><div class=\"modal-content fusion-modal-content\"><div class=\"modal-header\"><button class=\"close\" type=\"button\" data-dismiss=\"modal\" aria-hidden=\"true\" aria-label=\"Close\">&times;<\/button><h3 class=\"modal-title\" id=\"modal-heading-2\" data-dismiss=\"modal\" aria-hidden=\"true\"><\/h3><\/div><div class=\"modal-body fusion-clearfix\">\n<p><strong>Jo\u00e3o Bigotte de Almeida: <\/strong><\/p>\n<p><span style=\"font-weight: 500;\">Licenciado em Anima\u00e7\u00e3o SocioEducativa pela Escola Superior de Educa\u00e7\u00e3o de Coimbra; Formado como T\u00e9cnico de Apoio \u00e0 Gest\u00e3o Hoteleira pela Escola de Hotelaria e Turismo de Coimbra e como T\u00e9cnico Desportivo pela escola Secund\u00e1ria Quinta das Flores.\u00a0<\/span><\/p>\n<p><span style=\"font-weight: 500;\"><strong>Testemunho:<\/strong><\/span><\/p>\n<p><span style=\"font-weight: 500;\">Desde 2013 que tem vindo a Intervir nas \u00e1reas Social, Educacional, Desportiva e Tur\u00edstica com jovens e crian\u00e7as, tanto em Portugal como na Rep\u00fablica Checa, desenvolvendo o seu gosto pela intera\u00e7\u00e3o com pessoas levando-o a desenvolver mais compet\u00eancias neste campo atrav\u00e9s de diferentes experi\u00eancias, tais como Animador de campo de f\u00e9rias, t\u00e9cnico de atividades extracurriculares, Agente de interven\u00e7\u00e3o Social, professor e treinador desportivo. Em Agosto de 2021 abra\u00e7ou o Projeto GerArte, tornando-se coordenador do mesmo.<\/span><\/p>\n<\/div><div class=\"modal-footer\"><button class=\"fusion-button button-default button-medium button default medium\" type=\"button\" data-dismiss=\"modal\">Close<\/button><\/div><\/div><\/div><\/div><div class=\"fusion-clearfix\"><\/div><\/div><\/div><div class=\"fusion-layout-column fusion_builder_column fusion-builder-column-3 fusion_builder_column_2_3 2_3 fusion-two-third fusion-column-first fusion-animated\" style=\"--awb-bg-size:cover;width:66.666666666667%;width:calc(66.666666666667% - ( ( 10% ) * 0.66666666666667 ) );margin-right: 10%;\" data-animationType=\"fadeInRight\" data-animationDuration=\"0.8\" data-animationOffset=\"top-into-view\"><div class=\"fusion-column-wrapper fusion-flex-column-wrapper-legacy\"><div class=\"fusion-title title fusion-title-2 fusion-sep-none fusion-title-text fusion-title-size-three\" style=\"--awb-margin-bottom:5px;--awb-margin-top-small:0px;--awb-margin-right-small:0px;--awb-margin-bottom-small:20px;--awb-margin-left-small:0px;\"><h3 class=\"fusion-title-heading title-heading-left fusion-responsive-typography-calculated\" style=\"margin:0;--fontSize:26;--minFontSize:26;line-height:1.3;\"><p style=\"text-align: center;\">GerArte<\/p><\/h3><\/div><div class=\"fusion-sep-clear\"><\/div><div class=\"fusion-separator fusion-full-width-sep\" style=\"margin-left: auto;margin-right: auto;margin-top:15px;margin-bottom:15px;width:100%;\"><div class=\"fusion-separator-border sep-single sep-solid\" style=\"--awb-height:20px;--awb-amount:20px;border-color:#ecefef;border-top-width:1px;\"><\/div><\/div><div class=\"fusion-sep-clear\"><\/div><div class=\"fusion-text fusion-text-2\"><p><span style=\"font-weight: 400;\">O projeto GerArte trata-se de um projeto de Solidariedade Intergeracional, que se centra na promo\u00e7\u00e3o da qualidade de vida de pessoas s\u00e9niores, atrav\u00e9s da dinamiza\u00e7\u00e3o de pr\u00e1ticas l\u00fadicas e recreativas. Desenvolve-se num modelo econ\u00f3mico reorganizado \u2013 economia circular \u2013 \u00e9 inten\u00e7\u00e3o que os\/as jovens volunt\u00e1rios\/as dinamizem sess\u00f5es de confe\u00e7\u00e3o de produtos, a partir de desperd\u00edcios, com a popula\u00e7\u00e3o s\u00e9nior. A <\/span><i><span style=\"font-weight: 400;\">posteriori <\/span><\/i><span style=\"font-weight: 400;\">as receitas das vendas destes produtos, realizadas com recurso on line mas tamb\u00e9m ao com\u00e9rcio local, ser\u00e3o revertidas na participa\u00e7\u00e3o gratuita, em atividades l\u00fadico-pedag\u00f3gicas, de crian\u00e7as socioeconomicamente carenciadas.\u00a0<\/span><\/p>\n<p><span style=\"font-weight: 400;\">Enquadra-se no eixo 4 do +CO3SO, financiado e apoiado pelo Centro2020, Portugal2020 e pela uni\u00e3o Europeia- Fundo Social Europeu.<\/span><\/p>\n<p><span style=\"font-weight: 400;\">Poder\u00e1 aceder \u00e0 listagem dos projetos cofinanciados pela UE atrav\u00e9s do bot\u00e3o abaixo, caso pretenda aceder \u00e0 ficha do projeto, basta colocar o c\u00f3digo de opera\u00e7\u00e3o do projeto, CENTRO-04-3321-FSE-001496, no respetivo local.<\/span><\/p>\n<\/div><div class=\"fusion-clearfix\"><\/div><\/div><\/div><div class=\"fusion-layout-column fusion_builder_column fusion-builder-column-4 fusion_builder_column_1_3 1_3 fusion-one-third fusion-column-last fusion-animated\" style=\"--awb-bg-size:cover;width:33.333333333333%;width:calc(33.333333333333% - ( ( 10% ) * 0.33333333333333 ) );\" data-animationType=\"fadeInRight\" data-animationDuration=\"0.8\" data-animationOffset=\"top-into-view\"><div class=\"fusion-column-wrapper fusion-flex-column-wrapper-legacy\"><div class=\"fusion-person person fusion-person-center fusion-person-2 fusion-person-icon-bottom\" style=\"--awb-pic-style-color:#1b2032;--awb-margin-top:0px;--awb-margin-right:0px;--awb-margin-bottom:0px;--awb-margin-left:0px;--awb-social-box-border-top:0px;--awb-social-box-border-right:0px;--awb-social-box-border-bottom:0px;--awb-social-box-border-left:0px;--awb-social-box-border-color:var(--awb-color3);--awb-social-box-border-color-hover:var(--awb-color4);--awb-social-box-colors-hover:rgba(150,159,172,0.096);--awb-social-icon-boxed-colors:rgba(150,159,172,0.12);--awb-social-icon-colors:#969fac;--awb-social-icon-colors-hover:rgba(150,159,172,0.8);\"><div class=\"person-shortcode-image-wrapper\"><div class=\"person-image-container hover-type-none\" style=\"border:0px solid #ecefef;\"><img decoding=\"async\" class=\"person-img img-responsive wp-image-14273\" width=\"1024\" height=\"1024\" src=\"https:\/\/caspae.pt\/PT\/wp-content\/uploads\/2023\/08\/Educacao-Aprender-a-Aprender1-1024x1024.jpg\" srcset=\"https:\/\/caspae.pt\/PT\/wp-content\/uploads\/2023\/08\/Educacao-Aprender-a-Aprender1-200x200.jpg 200w, https:\/\/caspae.pt\/PT\/wp-content\/uploads\/2023\/08\/Educacao-Aprender-a-Aprender1-400x400.jpg 400w, https:\/\/caspae.pt\/PT\/wp-content\/uploads\/2023\/08\/Educacao-Aprender-a-Aprender1-600x600.jpg 600w, https:\/\/caspae.pt\/PT\/wp-content\/uploads\/2023\/08\/Educacao-Aprender-a-Aprender1-800x800.jpg 800w, https:\/\/caspae.pt\/PT\/wp-content\/uploads\/2023\/08\/Educacao-Aprender-a-Aprender1-1200x1200.jpg 1200w, https:\/\/caspae.pt\/PT\/wp-content\/uploads\/2023\/08\/Educacao-Aprender-a-Aprender1.jpg 1280w\" sizes=\"(max-width: 1000px) 100vw, 400px\" \/><\/div><\/div><div class=\"person-desc\"><div class=\"person-author\"><div class=\"person-author-wrapper\"><span class=\"person-name\"><\/span><span class=\"person-title\">Coordenador<\/span><\/div><\/div><div class=\"person-content fusion-clearfix\"><\/div><\/div><\/div><div class=\"fusion-button-wrapper fusion-aligncenter\"><a class=\"fusion-button button-flat fusion-button-default-size button-lightgray fusion-button-lightgray button-4 fusion-button-default-span fusion-button-default-type\" target=\"_self\" href=\"#\" data-toggle=\"modal\" data-target=\".fusion-modal.Call_Gerarte\"><i class=\"fa-plus-circle fas awb-button__icon awb-button__icon--default button-icon-left\" aria-hidden=\"true\"><\/i><span class=\"fusion-button-text awb-button__text awb-button__text--default\">Jo\u00e3o Bigotte de Almeida<\/span><\/a><\/div><div class=\"fusion-clearfix\"><\/div><\/div><\/div><div class=\"fusion-layout-column fusion_builder_column fusion-builder-column-5 fusion_builder_column_1_5 1_5 fusion-one-fifth fusion-column-first\" style=\"--awb-bg-size:cover;width:20%;width:calc(20% - ( ( 4% + 4% ) * 0.2 ) );margin-right: 4%;\"><div class=\"fusion-column-wrapper fusion-column-has-shadow fusion-flex-column-wrapper-legacy\"><div class=\"fusion-sep-clear\"><\/div><div class=\"fusion-separator fusion-full-width-sep\" style=\"margin-left: auto;margin-right: auto;margin-bottom:30px;width:100%;\"><\/div><div class=\"fusion-sep-clear\"><\/div><div class=\"fusion-button-wrapper\"><a class=\"fusion-button button-flat fusion-button-default-size button-default fusion-button-default button-5 fusion-button-default-span fusion-button-default-type\" target=\"_self\" href=\"https:\/\/caspae.pt\/PT\/wp-content\/uploads\/2023\/09\/PROJETO_GERARTE.pdf\"><span class=\"fusion-button-text awb-button__text awb-button__text--default\">O Projeto<\/span><\/a><\/div><div class=\"fusion-clearfix\"><\/div><\/div><\/div><div class=\"fusion-layout-column fusion_builder_column fusion-builder-column-6 fusion_builder_column_1_5 1_5 fusion-one-fifth\" style=\"--awb-bg-size:cover;width:20%;width:calc(20% - ( ( 4% + 4% ) * 0.2 ) );margin-right: 4%;\"><div class=\"fusion-column-wrapper fusion-column-has-shadow fusion-flex-column-wrapper-legacy\"><div class=\"fusion-sep-clear\"><\/div><div class=\"fusion-separator fusion-full-width-sep\" style=\"margin-left: auto;margin-right: auto;margin-bottom:30px;width:100%;\"><\/div><div class=\"fusion-sep-clear\"><\/div><div class=\"fusion-button-wrapper fusion-aligncenter\"><a class=\"fusion-button button-flat fusion-button-default-size button-default fusion-button-default button-6 fusion-button-default-span fusion-button-default-type\" target=\"_self\" href=\"http:\/\/www.centro.portugal2020.pt\/index.php\/projetos-aprovados\"><span class=\"fusion-button-text awb-button__text awb-button__text--default\">Projetos cofinanciados pela EU<\/span><\/a><\/div><div class=\"fusion-clearfix\"><\/div><\/div><\/div><div class=\"fusion-layout-column fusion_builder_column fusion-builder-column-7 fusion_builder_column_1_5 1_5 fusion-one-fifth fusion-column-last\" style=\"--awb-bg-size:cover;width:20%;width:calc(20% - ( ( 4% + 4% ) * 0.2 ) );\"><div class=\"fusion-column-wrapper fusion-column-has-shadow fusion-flex-column-wrapper-legacy\"><div class=\"fusion-sep-clear\"><\/div><div class=\"fusion-separator fusion-full-width-sep\" style=\"margin-left: auto;margin-right: auto;margin-bottom:30px;width:100%;\"><\/div><div class=\"fusion-sep-clear\"><\/div><div class=\"fusion-button-wrapper fusion-aligncenter\"><a class=\"fusion-button button-flat fusion-button-default-size button-default fusion-button-default button-7 fusion-button-default-span fusion-button-default-type\" target=\"_self\" href=\"https:\/\/caspae.pt\/PT\/wp-content\/uploads\/2024\/02\/Modelo-1_A3-bx-PO-Centro-FSE.pdf\"><span class=\"fusion-button-text awb-button__text awb-button__text--default\">Cartaz FSE<\/span><\/a><\/div><div class=\"fusion-clearfix\"><\/div><\/div><\/div><\/div><\/div><div class=\"fusion-fullwidth fullwidth-box fusion-builder-row-3 nonhundred-percent-fullwidth non-hundred-percent-height-scrolling fusion-no-large-visibility\" style=\"--awb-border-radius-top-left:0px;--awb-border-radius-top-right:0px;--awb-border-radius-bottom-right:0px;--awb-border-radius-bottom-left:0px;--awb-flex-wrap:wrap;\" ><div class=\"fusion-builder-row fusion-row\"><div class=\"fusion-layout-column fusion_builder_column fusion-builder-column-8 fusion_builder_column_1_1 1_1 fusion-one-full fusion-column-first fusion-column-last\" style=\"--awb-bg-size:cover;\"><div class=\"fusion-column-wrapper fusion-column-has-shadow fusion-flex-column-wrapper-legacy\"><div class=\"fusion-image-element fusion-image-align-center in-legacy-container\" style=\"text-align:center;--awb-caption-title-font-family:var(--h2_typography-font-family);--awb-caption-title-font-weight:var(--h2_typography-font-weight);--awb-caption-title-font-style:var(--h2_typography-font-style);--awb-caption-title-size:var(--h2_typography-font-size);--awb-caption-title-transform:var(--h2_typography-text-transform);--awb-caption-title-line-height:var(--h2_typography-line-height);--awb-caption-title-letter-spacing:var(--h2_typography-letter-spacing);\"><div class=\"imageframe-align-center\"><span class=\" fusion-imageframe imageframe-none imageframe-1 hover-type-none\"><img decoding=\"async\" width=\"2560\" height=\"1280\" title=\"Barra_Gerarte\" src=\"https:\/\/caspae.pt\/PT\/wp-content\/uploads\/2023\/09\/Barra_Gerarte-scaled.jpg\" alt class=\"img-responsive wp-image-14419\" srcset=\"https:\/\/caspae.pt\/PT\/wp-content\/uploads\/2023\/09\/Barra_Gerarte-200x100.jpg 200w, https:\/\/caspae.pt\/PT\/wp-content\/uploads\/2023\/09\/Barra_Gerarte-400x200.jpg 400w, https:\/\/caspae.pt\/PT\/wp-content\/uploads\/2023\/09\/Barra_Gerarte-600x300.jpg 600w, https:\/\/caspae.pt\/PT\/wp-content\/uploads\/2023\/09\/Barra_Gerarte-800x400.jpg 800w, https:\/\/caspae.pt\/PT\/wp-content\/uploads\/2023\/09\/Barra_Gerarte-1200x600.jpg 1200w, https:\/\/caspae.pt\/PT\/wp-content\/uploads\/2023\/09\/Barra_Gerarte-scaled.jpg 2560w\" sizes=\"(max-width: 1000px) 100vw, 1200px\" \/><\/span><\/div><\/div><div class=\"fusion-clearfix\"><\/div><\/div><\/div><\/div><\/div><div class=\"fusion-fullwidth fullwidth-box fusion-builder-row-4 nonhundred-percent-fullwidth non-hundred-percent-height-scrolling fusion-no-small-visibility fusion-no-medium-visibility\" style=\"--awb-border-radius-top-left:0px;--awb-border-radius-top-right:0px;--awb-border-radius-bottom-right:0px;--awb-border-radius-bottom-left:0px;--awb-flex-wrap:wrap;\" ><div class=\"fusion-builder-row fusion-row\"><div class=\"fusion-layout-column fusion_builder_column fusion-builder-column-9 fusion_builder_column_1_1 1_1 fusion-one-full fusion-column-first fusion-column-last\" style=\"--awb-bg-size:cover;\"><div class=\"fusion-column-wrapper fusion-column-has-shadow fusion-flex-column-wrapper-legacy\"><div class=\"fusion-image-element fusion-image-align-center in-legacy-container\" style=\"text-align:center;--awb-caption-title-font-family:var(--h2_typography-font-family);--awb-caption-title-font-weight:var(--h2_typography-font-weight);--awb-caption-title-font-style:var(--h2_typography-font-style);--awb-caption-title-size:var(--h2_typography-font-size);--awb-caption-title-transform:var(--h2_typography-text-transform);--awb-caption-title-line-height:var(--h2_typography-line-height);--awb-caption-title-letter-spacing:var(--h2_typography-letter-spacing);\"><div class=\"imageframe-align-center\"><span class=\" fusion-imageframe imageframe-none imageframe-2 hover-type-none\"><img decoding=\"async\" width=\"1024\" height=\"512\" title=\"Barra_Gerarte\" src=\"https:\/\/caspae.pt\/PT\/wp-content\/uploads\/2023\/09\/Barra_Gerarte-1024x512.jpg\" alt class=\"img-responsive wp-image-14419\" srcset=\"https:\/\/caspae.pt\/PT\/wp-content\/uploads\/2023\/09\/Barra_Gerarte-200x100.jpg 200w, https:\/\/caspae.pt\/PT\/wp-content\/uploads\/2023\/09\/Barra_Gerarte-400x200.jpg 400w, https:\/\/caspae.pt\/PT\/wp-content\/uploads\/2023\/09\/Barra_Gerarte-600x300.jpg 600w, https:\/\/caspae.pt\/PT\/wp-content\/uploads\/2023\/09\/Barra_Gerarte-800x400.jpg 800w, https:\/\/caspae.pt\/PT\/wp-content\/uploads\/2023\/09\/Barra_Gerarte-1200x600.jpg 1200w\" sizes=\"(max-width: 1000px) 100vw, 1200px\" \/><\/span><\/div><\/div><div class=\"fusion-clearfix\"><\/div><\/div><\/div><\/div><\/div><\/p>\n","protected":false},"excerpt":{"rendered":"","protected":false},"author":1,"featured_media":0,"parent":0,"menu_order":0,"comment_status":"closed","ping_status":"closed","template":"100-width.php","meta":{"footnotes":""},"class_list":["post-7115","page","type-page","status-publish","hentry"],"_links":{"self":[{"href":"https:\/\/caspae.pt\/PT\/wp-json\/wp\/v2\/pages\/7115","targetHints":{"allow":["GET"]}}],"collection":[{"href":"https:\/\/caspae.pt\/PT\/wp-json\/wp\/v2\/pages"}],"about":[{"href":"https:\/\/caspae.pt\/PT\/wp-json\/wp\/v2\/types\/page"}],"author":[{"embeddable":true,"href":"https:\/\/caspae.pt\/PT\/wp-json\/wp\/v2\/users\/1"}],"replies":[{"embeddable":true,"href":"https:\/\/caspae.pt\/PT\/wp-json\/wp\/v2\/comments?post=7115"}],"version-history":[{"count":52,"href":"https:\/\/caspae.pt\/PT\/wp-json\/wp\/v2\/pages\/7115\/revisions"}],"predecessor-version":[{"id":14988,"href":"https:\/\/caspae.pt\/PT\/wp-json\/wp\/v2\/pages\/7115\/revisions\/14988"}],"wp:attachment":[{"href":"https:\/\/caspae.pt\/PT\/wp-json\/wp\/v2\/media?parent=7115"}],"curies":[{"name":"wp","href":"https:\/\/api.w.org\/{rel}","templated":true}]}}