{"id":3446,"date":"2020-04-09T16:33:51","date_gmt":"2020-04-09T16:33:51","guid":{"rendered":"https:\/\/caspae.pt\/PT\/?page_id=3446"},"modified":"2021-09-02T11:26:48","modified_gmt":"2021-09-02T11:26:48","slug":"epops","status":"publish","type":"page","link":"https:\/\/caspae.pt\/PT\/epops\/","title":{"rendered":"EPOPS"},"content":{"rendered":"<p><div class=\"fusion-fullwidth fullwidth-box fusion-builder-row-1 nonhundred-percent-fullwidth non-hundred-percent-height-scrolling\" style=\"--awb-border-radius-top-left:0px;--awb-border-radius-top-right:0px;--awb-border-radius-bottom-right:0px;--awb-border-radius-bottom-left:0px;--awb-flex-wrap:wrap;\" ><div class=\"fusion-builder-row fusion-row\"><div class=\"fusion-layout-column fusion_builder_column fusion-builder-column-0 fusion_builder_column_1_1 1_1 fusion-one-full fusion-column-first fusion-column-last fusion-animated\" style=\"--awb-bg-size:cover;\" data-animationType=\"fadeInRight\" data-animationDuration=\"0.8\" data-animationOffset=\"top-into-view\"><div class=\"fusion-column-wrapper fusion-flex-column-wrapper-legacy\"><div class=\"fusion-title title fusion-title-1 fusion-sep-none fusion-title-text fusion-title-size-three\" style=\"--awb-margin-bottom:5px;--awb-margin-top-small:0px;--awb-margin-right-small:0px;--awb-margin-bottom-small:20px;--awb-margin-left-small:0px;\"><h3 class=\"fusion-title-heading title-heading-left fusion-responsive-typography-calculated\" style=\"margin:0;--fontSize:26;--minFontSize:26;line-height:1.3;\"><p style=\"text-align: center;\">EPOPS<\/p><\/h3><\/div><div class=\"fusion-sep-clear\"><\/div><div class=\"fusion-separator fusion-full-width-sep\" style=\"margin-left: auto;margin-right: auto;margin-top:15px;margin-bottom:15px;width:100%;\"><div class=\"fusion-separator-border sep-single sep-solid\" style=\"--awb-height:20px;--awb-amount:20px;border-color:#ecefef;border-top-width:1px;\"><\/div><\/div><div class=\"fusion-sep-clear\"><\/div><div class=\"fusion-text fusion-text-1\"><p>O CASPAE foi parceiro do projeto europeu \u2018Empowering Parents Organizations to Prevent Substance use\u2019 (EPOPS), co-financiado pela DIRE\u00c7\u00c3O-GERAL DAS MIGRA\u00c7\u00d5ES E ASSUNTOS INTERNOS da Comiss\u00e3o Europeia. O Projeto \u00a0EPOPS visou a preven\u00e7\u00e3o de depend\u00eancias qu\u00edmicas e n\u00e3o qu\u00edmicas atrav\u00e9s da capacita\u00e7\u00e3o de organiza\u00e7\u00f5es\/associa\u00e7\u00f5es de Pais e Educadores\/Fam\u00edlias, potenciando a sua a\u00e7\u00e3o enquanto agentes preventivos. Trata-se, pois, de um programa desenvolvido a partir da perspetiva de uma rede organizada e estrat\u00e9gica, que promove a figura dos pais e m\u00e3es proativos\/as, que integram associa\u00e7\u00f5es de pais, colaborando com outros pais e associa\u00e7\u00f5es, bem como a profissionais de v\u00e1rias \u00e1reas e representantes de outras estruturas p\u00fablicas e privadas, capacitados para liderar interven\u00e7\u00f5es que permitam atingir os objetivos tra\u00e7ados. A decorrer entre os anos de 2017 e 2019, este projeto \u00e9 dinamizado pela parceria IREFREA Portugal e Escola Superior de Enfermagem de Coimbra, tendo como parceiros o CASPAE, o SNS\/<em>Servi\u00e7o de Interven\u00e7\u00e3o nos Comportamentos Aditivos e nas Depend\u00eancias<\/em> (<em>SICAD<\/em>), com o apoio da ESEnfC\/Unidade de Investiga\u00e7\u00e3o em Ci\u00eancias da Sa\u00fade e a FCT.<\/p>\n<\/div><div class=\"fusion-clearfix\"><\/div><\/div><\/div><\/div><\/div><div class=\"fusion-fullwidth fullwidth-box fusion-builder-row-2 nonhundred-percent-fullwidth non-hundred-percent-height-scrolling\" style=\"--awb-border-radius-top-left:0px;--awb-border-radius-top-right:0px;--awb-border-radius-bottom-right:0px;--awb-border-radius-bottom-left:0px;--awb-flex-wrap:wrap;\" ><div class=\"fusion-builder-row fusion-row\"><div class=\"fusion-layout-column fusion_builder_column fusion-builder-column-1 fusion_builder_column_1_1 1_1 fusion-one-full fusion-column-first fusion-column-last fusion-animated\" style=\"--awb-bg-size:cover;\" data-animationType=\"fadeInRight\" data-animationDuration=\"0.8\" data-animationOffset=\"top-into-view\"><div class=\"fusion-column-wrapper fusion-flex-column-wrapper-legacy\"><div class=\"fusion-text fusion-text-2\"><p>Para mais informa\u00e7\u00f5es, clique <a href=\"https:\/\/www.esenfc.pt\/pt\/page\/100004173\/437\">aqui<\/a><br \/>\nSaiba mais, tamb\u00e9m, na rede social Facebook da <span class=\"fwn fcg\"><span class=\"fwb fcg\" data-ft=\"\"><a href=\"https:\/\/www.facebook.com\/Irefrea\/?__tn__=kC-R&eid=ARDVmywdGkLLbfBgsp2EO4zQHWwR_d75XXshTWk4h_D1mFtMngtC263hu4lfPLJbITb8kH3nZAHe5bM9&hc_ref=ARSfEn3o08q7iim5wABY5WquDqf9U216nB54GvIYfpjnczRWrn04P1GDwhe5Nawgz1o&fref=nf&__xts__%5B0%5D=68.ARD5wVIHCjA-fjouVUCYZbvDCQWQbv5jzmioQnDdchCObXe4QKqT4TOYcRmURxq7KKq3GhSLe2W2YMp3D_LhQjY0VL3CdDwVgv0Wk_iEN1yJtzWqWxpl5wq1tCPCnA-_42FxqgBILHQAxRviEqwAtcpbo_mcA_fg7UKyJnI5gxzkoyvlg1zzOPEhz9otRz2zXk9NXq-TdSjDzocJfag8_ZNC5V_uDeRpNzPQBh_EtCJZvHBuRKUfWOmFQ2anWzgPuO8MWiHB9OYQKSbCOLizfYx6J7_DFOTTQ89EKw6BvsTAKo62bq1BfOmZk7fvB-W9WRnKaFWWOke43NNBWtXoIJ23IA\" data-hovercard=\"\/ajax\/hovercard\/page.php?id=219688218070905&extragetparams=%7B%22__tn__%22%3A%22%2CdkC-R-R%22%2C%22eid%22%3A%22ARDVmywdGkLLbfBgsp2EO4zQHWwR_d75XXshTWk4h_D1mFtMngtC263hu4lfPLJbITb8kH3nZAHe5bM9%22%2C%22hc_ref%22%3A%22ARSfEn3o08q7iim5wABY5WquDqf9U216nB54GvIYfpjnczRWrn04P1GDwhe5Nawgz1o%22%2C%22fref%22%3A%22nf%22%7D\" data-hovercard-prefer-more-content-show=\"1\" data-hovercard-referer=\"ARSfEn3o08q7iim5wABY5WquDqf9U216nB54GvIYfpjnczRWrn04P1GDwhe5Nawgz1o\">Irefrea \u2013 Portugal\u00a0<\/a><\/span><\/span><a href=\"https:\/\/www.facebook.com\/Irefrea\/photos\/o-nosso-projecto-epops-esteve\/1804890026217375\/\">aqui<\/a><\/p>\n<p>Leia a <span id=\"ctl00_m_g_bf3e98fd_fe49_4225_a04a_9838a42624f6_ctl00_Title\" class=\"title\">NEWSLETTER DO PROJETO EPOPS<\/span> do Servi\u00e7o Nacional de Sa\u00fade, clicando <a href=\"http:\/\/www.sicad.pt\/pt\/Paginas\/detalhe.aspx?itemId=215&lista=SICAD_NOVIDADES&bkUrl=BK\/\">aqui<\/a><\/p>\n<\/div><div class=\"fusion-clearfix\"><\/div><\/div><\/div><\/div><\/div><div class=\"fusion-fullwidth fullwidth-box fusion-builder-row-3 nonhundred-percent-fullwidth non-hundred-percent-height-scrolling fusion-no-small-visibility fusion-no-medium-visibility\" style=\"--awb-border-radius-top-left:0px;--awb-border-radius-top-right:0px;--awb-border-radius-bottom-right:0px;--awb-border-radius-bottom-left:0px;--awb-flex-wrap:wrap;\" ><div class=\"fusion-builder-row fusion-row\"><div class=\"fusion-layout-column fusion_builder_column fusion-builder-column-2 fusion_builder_column_2_3 2_3 fusion-two-third fusion-column-first\" style=\"--awb-bg-size:cover;width:66.666666666667%;width:calc(66.666666666667% - ( ( 4% ) * 0.66666666666667 ) );margin-right: 4%;\"><div class=\"fusion-column-wrapper fusion-column-has-shadow fusion-flex-column-wrapper-legacy\"><div class=\"fusion-sep-clear\"><\/div><div class=\"fusion-separator fusion-no-small-visibility fusion-no-medium-visibility fusion-full-width-sep\" style=\"margin-left: auto;margin-right: auto;margin-top:10px;width:100%;\"><\/div><div class=\"fusion-sep-clear\"><\/div><div class=\"fusion-image-element fusion-image-align-left in-legacy-container\" style=\"text-align:left;--awb-caption-title-font-family:var(--h2_typography-font-family);--awb-caption-title-font-weight:var(--h2_typography-font-weight);--awb-caption-title-font-style:var(--h2_typography-font-style);--awb-caption-title-size:var(--h2_typography-font-size);--awb-caption-title-transform:var(--h2_typography-text-transform);--awb-caption-title-line-height:var(--h2_typography-line-height);--awb-caption-title-letter-spacing:var(--h2_typography-letter-spacing);\"><span class=\" fusion-imageframe imageframe-none imageframe-1 hover-type-none\" style=\"margin-right:25px;float:left;\"><img decoding=\"async\" width=\"680\" height=\"414\" title=\"LOGOS-EPOPS_apoio\" src=\"https:\/\/caspae.pt\/PT\/wp-content\/uploads\/2020\/04\/LOGOS-EPOPS_apoio.jpg\" alt class=\"img-responsive wp-image-3454\" srcset=\"https:\/\/caspae.pt\/PT\/wp-content\/uploads\/2020\/04\/LOGOS-EPOPS_apoio-200x122.jpg 200w, https:\/\/caspae.pt\/PT\/wp-content\/uploads\/2020\/04\/LOGOS-EPOPS_apoio-400x244.jpg 400w, https:\/\/caspae.pt\/PT\/wp-content\/uploads\/2020\/04\/LOGOS-EPOPS_apoio-600x365.jpg 600w, https:\/\/caspae.pt\/PT\/wp-content\/uploads\/2020\/04\/LOGOS-EPOPS_apoio.jpg 680w\" sizes=\"(max-width: 1000px) 100vw, 680px\" \/><\/span><\/div><div class=\"fusion-clearfix\"><\/div><\/div><\/div><div class=\"fusion-layout-column fusion_builder_column fusion-builder-column-3 fusion_builder_column_1_3 1_3 fusion-one-third fusion-column-last fusion-no-small-visibility fusion-no-medium-visibility\" style=\"--awb-bg-size:cover;width:33.333333333333%;width:calc(33.333333333333% - ( ( 4% ) * 0.33333333333333 ) );\"><div class=\"fusion-column-wrapper fusion-flex-column-wrapper-legacy\"><div class=\"fusion-clearfix\"><\/div><\/div><\/div><\/div><\/div><div class=\"fusion-fullwidth fullwidth-box fusion-builder-row-4 nonhundred-percent-fullwidth non-hundred-percent-height-scrolling fusion-equal-height-columns fusion-no-large-visibility\" style=\"--awb-border-radius-top-left:0px;--awb-border-radius-top-right:0px;--awb-border-radius-bottom-right:0px;--awb-border-radius-bottom-left:0px;--awb-padding-top:70px;--awb-padding-bottom:0px;--awb-flex-wrap:wrap;\" ><div class=\"fusion-builder-row fusion-row\"><div class=\"fusion-layout-column fusion_builder_column fusion-builder-column-4 fusion_builder_column_1_1 1_1 fusion-one-full fusion-column-first fusion-column-last\" style=\"--awb-bg-size:cover;\"><div class=\"fusion-column-wrapper fusion-column-has-shadow fusion-flex-column-wrapper-legacy\"><div class=\"fusion-column-content-centered\"><div class=\"fusion-column-content\"><div class=\"fusion-image-element in-legacy-container\" style=\"--awb-caption-title-font-family:var(--h2_typography-font-family);--awb-caption-title-font-weight:var(--h2_typography-font-weight);--awb-caption-title-font-style:var(--h2_typography-font-style);--awb-caption-title-size:var(--h2_typography-font-size);--awb-caption-title-transform:var(--h2_typography-text-transform);--awb-caption-title-line-height:var(--h2_typography-line-height);--awb-caption-title-letter-spacing:var(--h2_typography-letter-spacing);\"><span class=\" fusion-imageframe imageframe-none imageframe-2 hover-type-none\"><img decoding=\"async\" width=\"680\" height=\"414\" title=\"LOGOS-EPOPS_apoio\" src=\"https:\/\/caspae.pt\/PT\/wp-content\/uploads\/2020\/04\/LOGOS-EPOPS_apoio.jpg\" alt class=\"img-responsive wp-image-3454\" srcset=\"https:\/\/caspae.pt\/PT\/wp-content\/uploads\/2020\/04\/LOGOS-EPOPS_apoio-200x122.jpg 200w, https:\/\/caspae.pt\/PT\/wp-content\/uploads\/2020\/04\/LOGOS-EPOPS_apoio-400x244.jpg 400w, https:\/\/caspae.pt\/PT\/wp-content\/uploads\/2020\/04\/LOGOS-EPOPS_apoio-600x365.jpg 600w, https:\/\/caspae.pt\/PT\/wp-content\/uploads\/2020\/04\/LOGOS-EPOPS_apoio.jpg 680w\" sizes=\"(max-width: 1000px) 100vw, 680px\" \/><\/span><\/div><\/div><\/div><div class=\"fusion-clearfix\"><\/div><\/div><\/div><\/div><\/div><div class=\"fusion-bg-parallax\" data-bg-align=\"center top\" data-direction=\"down\" data-mute=\"false\" data-opacity=\"100\" data-velocity=\"-0.3\" data-mobile-enabled=\"false\" data-break_parents=\"0\" data-bg-image=\"https:\/\/caspae.pt\/PT\/wp-content\/uploads\/2019\/01\/register-cta-bg.png\" data-bg-repeat=\"false\" data-bg-color=\"#1b2032\" ><\/div><div class=\"fusion-fullwidth fullwidth-box fusion-builder-row-5 fusion-parallax-down nonhundred-percent-fullwidth non-hundred-percent-height-scrolling fusion-equal-height-columns fusion-no-large-visibility\" style=\"--awb-background-position:center top;--awb-border-radius-top-left:0px;--awb-border-radius-top-right:0px;--awb-border-radius-bottom-right:0px;--awb-border-radius-bottom-left:0px;--awb-padding-top:5%;--awb-padding-bottom:4%;--awb-background-color:#1b2032;--awb-background-image:url(&quot;https:\/\/caspae.pt\/PT\/wp-content\/uploads\/2019\/01\/register-cta-bg.png&quot;);--awb-background-size:cover;--awb-flex-wrap:wrap;\" ><div class=\"fusion-builder-row fusion-row\"><div class=\"fusion-layout-column fusion_builder_column fusion-builder-column-5 fusion_builder_column_1_1 1_1 fusion-one-full fusion-column-first fusion-column-last fusion-animated\" style=\"--awb-bg-size:cover;--awb-margin-top:30px;--awb-margin-bottom:0px;\" data-animationType=\"fadeInLeft\" data-animationDuration=\"0.8\" data-animationOffset=\"top-into-view\"><div class=\"fusion-column-wrapper fusion-flex-column-wrapper-legacy\"><div class=\"fusion-column-content-centered\"><div class=\"fusion-column-content\"><div class=\"fusion-title title fusion-title-2 fusion-sep-none fusion-title-text fusion-title-size-two\" style=\"--awb-text-color:#ffffff;--awb-margin-top-small:0px;--awb-margin-right-small:0px;--awb-margin-bottom-small:20px;--awb-margin-left-small:0px;--awb-font-size:60px;\"><h2 class=\"fusion-title-heading title-heading-left fusion-responsive-typography-calculated\" style=\"margin:0;font-size:1em;--fontSize:60;line-height:1.25;\">Informa\u00e7\u00f5es sobre Forma\u00e7\u00f5es<\/h2><\/div><div class=\"fusion-sep-clear\"><\/div><div class=\"fusion-separator fusion-full-width-sep\" style=\"margin-left: auto;margin-right: auto;margin-top:10px;width:100%;\"><\/div><div class=\"fusion-sep-clear\"><\/div>\n<div class=\"wpcf7 no-js\" id=\"wpcf7-f117-o1\" lang=\"en-US\" dir=\"ltr\" data-wpcf7-id=\"117\">\n<div class=\"screen-reader-response\"><p role=\"status\" aria-live=\"polite\" aria-atomic=\"true\"><\/p> <ul><\/ul><\/div>\n<form action=\"\/PT\/wp-json\/wp\/v2\/pages\/3446#wpcf7-f117-o1\" method=\"post\" class=\"wpcf7-form init\" aria-label=\"Contact form\" novalidate=\"novalidate\" data-status=\"init\">\n<fieldset class=\"hidden-fields-container\"><input type=\"hidden\" name=\"_wpcf7\" value=\"117\" \/><input type=\"hidden\" name=\"_wpcf7_version\" value=\"6.1.5\" \/><input type=\"hidden\" name=\"_wpcf7_locale\" value=\"en_US\" \/><input type=\"hidden\" name=\"_wpcf7_unit_tag\" value=\"wpcf7-f117-o1\" \/><input type=\"hidden\" name=\"_wpcf7_container_post\" value=\"0\" \/><input type=\"hidden\" name=\"_wpcf7_posted_data_hash\" value=\"\" \/>\n<\/fieldset>\n<div class=\"fusion-layout-column\" style=\"width:calc(55% - 10px); float:left; margin:0 14px 14px 0;\">\n\t<p><span class=\"wpcf7-form-control-wrap\" data-name=\"your-email\"><input size=\"40\" maxlength=\"400\" class=\"wpcf7-form-control wpcf7-email wpcf7-validates-as-required wpcf7-text wpcf7-validates-as-email\" aria-required=\"true\" aria-invalid=\"false\" placeholder=\"Insira o seu email\" value=\"\" type=\"email\" name=\"your-email\" \/><\/span>\n\t<\/p>\n<\/div>\n<div class=\"fusion-layout-column\" style=\"width:calc(45% - 10px); float:left; margin-bottom:14px;\">\n\t<p><input class=\"wpcf7-form-control wpcf7-submit has-spinner button-large\" type=\"submit\" value=\"Enviar\" \/>\n\t<\/p>\n<\/div>\n<div style=\"clear:both\">\n<\/div><div class=\"fusion-alert alert custom alert-custom fusion-alert-center wpcf7-response-output fusion-alert-capitalize awb-alert-native-link-color alert-dismissable awb-alert-close-boxed\" style=\"--awb-border-size:1px;--awb-border-top-left-radius:0px;--awb-border-top-right-radius:0px;--awb-border-bottom-left-radius:0px;--awb-border-bottom-right-radius:0px;\" role=\"alert\"><div class=\"fusion-alert-content-wrapper\"><span class=\"fusion-alert-content\"><\/span><\/div><button type=\"button\" class=\"close toggle-alert\" data-dismiss=\"alert\" aria-label=\"Close\">&times;<\/button><\/div>\n<\/form>\n<\/div>\n<div class=\"fusion-text fusion-text-3\"><p style=\"font-size: 15px; color: #ffffff;\">\u00c0 procura de ajuda? <a href=\"https:\/\/caspae.pt\/PT\/contact\/\"><span style=\"color: #f8b526;\">Entre em contato conosco<\/span><\/a><\/p>\n<\/div><\/div><\/div><div class=\"fusion-clearfix\"><\/div><\/div><\/div><\/div><\/div><div class=\"fusion-bg-parallax\" data-bg-align=\"center top\" data-direction=\"down\" data-mute=\"false\" data-opacity=\"100\" data-velocity=\"-0.3\" data-mobile-enabled=\"false\" data-break_parents=\"0\" data-bg-image=\"https:\/\/caspae.pt\/PT\/wp-content\/uploads\/2019\/01\/register-cta-bg.png\" data-bg-repeat=\"false\" data-bg-color=\"#1b2032\" ><\/div><div class=\"fusion-fullwidth fullwidth-box fusion-builder-row-6 fusion-parallax-down nonhundred-percent-fullwidth non-hundred-percent-height-scrolling fusion-equal-height-columns fusion-no-small-visibility fusion-no-medium-visibility\" style=\"--awb-background-position:center top;--awb-border-radius-top-left:0px;--awb-border-radius-top-right:0px;--awb-border-radius-bottom-right:0px;--awb-border-radius-bottom-left:0px;--awb-padding-top:5%;--awb-padding-bottom:4%;--awb-background-color:#1b2032;--awb-background-image:url(&quot;https:\/\/caspae.pt\/PT\/wp-content\/uploads\/2019\/01\/register-cta-bg.png&quot;);--awb-background-size:cover;--awb-flex-wrap:wrap;\" ><div class=\"fusion-builder-row fusion-row\"><div class=\"fusion-layout-column fusion_builder_column fusion-builder-column-6 fusion_builder_column_1_2 1_2 fusion-one-half fusion-column-first fusion-animated\" style=\"--awb-bg-size:cover;--awb-margin-top:30px;--awb-margin-bottom:0px;width:50%;width:calc(50% - ( ( 4% ) * 0.5 ) );margin-right: 4%;\" data-animationType=\"fadeInLeft\" data-animationDuration=\"0.8\" data-animationOffset=\"top-into-view\"><div class=\"fusion-column-wrapper fusion-flex-column-wrapper-legacy\"><div class=\"fusion-column-content-centered\"><div class=\"fusion-column-content\"><div class=\"fusion-title title fusion-title-3 fusion-sep-none fusion-title-text fusion-title-size-two\" style=\"--awb-text-color:#ffffff;--awb-margin-top-small:0px;--awb-margin-right-small:0px;--awb-margin-bottom-small:20px;--awb-margin-left-small:0px;--awb-font-size:60px;\"><h2 class=\"fusion-title-heading title-heading-left fusion-responsive-typography-calculated\" style=\"margin:0;font-size:1em;--fontSize:60;line-height:1.25;\">Informa\u00e7\u00f5es sobre Forma\u00e7\u00f5es<\/h2><\/div><div class=\"fusion-sep-clear\"><\/div><div class=\"fusion-separator fusion-full-width-sep\" style=\"margin-left: auto;margin-right: auto;margin-top:10px;width:100%;\"><\/div><div class=\"fusion-sep-clear\"><\/div>\n<div class=\"wpcf7 no-js\" id=\"wpcf7-f117-o2\" lang=\"en-US\" dir=\"ltr\" data-wpcf7-id=\"117\">\n<div class=\"screen-reader-response\"><p role=\"status\" aria-live=\"polite\" aria-atomic=\"true\"><\/p> <ul><\/ul><\/div>\n<form action=\"\/PT\/wp-json\/wp\/v2\/pages\/3446#wpcf7-f117-o2\" method=\"post\" class=\"wpcf7-form init\" aria-label=\"Contact form\" novalidate=\"novalidate\" data-status=\"init\">\n<fieldset class=\"hidden-fields-container\"><input type=\"hidden\" name=\"_wpcf7\" value=\"117\" \/><input type=\"hidden\" name=\"_wpcf7_version\" value=\"6.1.5\" \/><input type=\"hidden\" name=\"_wpcf7_locale\" value=\"en_US\" \/><input type=\"hidden\" name=\"_wpcf7_unit_tag\" value=\"wpcf7-f117-o2\" \/><input type=\"hidden\" name=\"_wpcf7_container_post\" value=\"0\" \/><input type=\"hidden\" name=\"_wpcf7_posted_data_hash\" value=\"\" \/>\n<\/fieldset>\n<div class=\"fusion-layout-column\" style=\"width:calc(55% - 10px); float:left; margin:0 14px 14px 0;\">\n\t<p><span class=\"wpcf7-form-control-wrap\" data-name=\"your-email\"><input size=\"40\" maxlength=\"400\" class=\"wpcf7-form-control wpcf7-email wpcf7-validates-as-required wpcf7-text wpcf7-validates-as-email\" aria-required=\"true\" aria-invalid=\"false\" placeholder=\"Insira o seu email\" value=\"\" type=\"email\" name=\"your-email\" \/><\/span>\n\t<\/p>\n<\/div>\n<div class=\"fusion-layout-column\" style=\"width:calc(45% - 10px); float:left; margin-bottom:14px;\">\n\t<p><input class=\"wpcf7-form-control wpcf7-submit has-spinner button-large\" type=\"submit\" value=\"Enviar\" \/>\n\t<\/p>\n<\/div>\n<div style=\"clear:both\">\n<\/div><div class=\"fusion-alert alert custom alert-custom fusion-alert-center wpcf7-response-output fusion-alert-capitalize awb-alert-native-link-color alert-dismissable awb-alert-close-boxed\" style=\"--awb-border-size:1px;--awb-border-top-left-radius:0px;--awb-border-top-right-radius:0px;--awb-border-bottom-left-radius:0px;--awb-border-bottom-right-radius:0px;\" role=\"alert\"><div class=\"fusion-alert-content-wrapper\"><span class=\"fusion-alert-content\"><\/span><\/div><button type=\"button\" class=\"close toggle-alert\" data-dismiss=\"alert\" aria-label=\"Close\">&times;<\/button><\/div>\n<\/form>\n<\/div>\n<div class=\"fusion-text fusion-text-4\"><p style=\"font-size: 15px; color: #ffffff;\">\u00c0 procura de ajuda? <a href=\"https:\/\/caspae.pt\/PT\/contact\/\"><span style=\"color: #f8b526;\">Entre em contato conosco<\/span><\/a><\/p>\n<\/div><\/div><\/div><div class=\"fusion-clearfix\"><\/div><\/div><\/div><div class=\"fusion-layout-column fusion_builder_column fusion-builder-column-7 fusion_builder_column_1_2 1_2 fusion-one-half fusion-column-last fusion-animated\" style=\"--awb-bg-size:cover;width:50%;width:calc(50% - ( ( 4% ) * 0.5 ) );\" data-animationType=\"fadeInLeft\" data-animationDuration=\"0.8\" data-animationOffset=\"top-into-view\"><div class=\"fusion-column-wrapper fusion-flex-column-wrapper-legacy\"><div class=\"fusion-column-content-centered\"><div class=\"fusion-column-content\"><div class=\"fusion-image-element fusion-image-align-center in-legacy-container\" style=\"text-align:center;--awb-caption-title-font-family:var(--h2_typography-font-family);--awb-caption-title-font-weight:var(--h2_typography-font-weight);--awb-caption-title-font-style:var(--h2_typography-font-style);--awb-caption-title-size:var(--h2_typography-font-size);--awb-caption-title-transform:var(--h2_typography-text-transform);--awb-caption-title-line-height:var(--h2_typography-line-height);--awb-caption-title-letter-spacing:var(--h2_typography-letter-spacing);\"><div class=\"imageframe-align-center\"><span class=\" fusion-imageframe imageframe-none imageframe-3 hover-type-none\"><img decoding=\"async\" width=\"300\" height=\"300\" title=\"mail\" src=\"https:\/\/caspae.pt\/PT\/wp-content\/uploads\/2019\/12\/mail-300x300.png\" alt class=\"img-responsive wp-image-2534\" srcset=\"https:\/\/caspae.pt\/PT\/wp-content\/uploads\/2019\/12\/mail-200x200.png 200w, https:\/\/caspae.pt\/PT\/wp-content\/uploads\/2019\/12\/mail-400x400.png 400w, https:\/\/caspae.pt\/PT\/wp-content\/uploads\/2019\/12\/mail.png 512w\" sizes=\"(max-width: 1000px) 100vw, 300px\" \/><\/span><\/div><\/div><\/div><\/div><div class=\"fusion-clearfix\"><\/div><\/div><\/div><\/div><\/div><\/p>\n","protected":false},"excerpt":{"rendered":"","protected":false},"author":1,"featured_media":0,"parent":0,"menu_order":0,"comment_status":"closed","ping_status":"closed","template":"100-width.php","meta":{"footnotes":""},"class_list":["post-3446","page","type-page","status-publish","hentry"],"_links":{"self":[{"href":"https:\/\/caspae.pt\/PT\/wp-json\/wp\/v2\/pages\/3446","targetHints":{"allow":["GET"]}}],"collection":[{"href":"https:\/\/caspae.pt\/PT\/wp-json\/wp\/v2\/pages"}],"about":[{"href":"https:\/\/caspae.pt\/PT\/wp-json\/wp\/v2\/types\/page"}],"author":[{"embeddable":true,"href":"https:\/\/caspae.pt\/PT\/wp-json\/wp\/v2\/users\/1"}],"replies":[{"embeddable":true,"href":"https:\/\/caspae.pt\/PT\/wp-json\/wp\/v2\/comments?post=3446"}],"version-history":[{"count":22,"href":"https:\/\/caspae.pt\/PT\/wp-json\/wp\/v2\/pages\/3446\/revisions"}],"predecessor-version":[{"id":11199,"href":"https:\/\/caspae.pt\/PT\/wp-json\/wp\/v2\/pages\/3446\/revisions\/11199"}],"wp:attachment":[{"href":"https:\/\/caspae.pt\/PT\/wp-json\/wp\/v2\/media?parent=3446"}],"curies":[{"name":"wp","href":"https:\/\/api.w.org\/{rel}","templated":true}]}}