{"id":2869,"date":"2019-12-28T23:38:57","date_gmt":"2019-12-28T23:38:57","guid":{"rendered":"https:\/\/caspae.pt\/PT\/?page_id=2869"},"modified":"2024-08-08T13:55:38","modified_gmt":"2024-08-08T13:55:38","slug":"respostas_sociais","status":"publish","type":"page","link":"https:\/\/caspae.pt\/PT\/respostas_sociais\/","title":{"rendered":"Respostas Sociais"},"content":{"rendered":"<p><div class=\"fusion-fullwidth fullwidth-box fusion-builder-row-1 nonhundred-percent-fullwidth non-hundred-percent-height-scrolling fusion-no-large-visibility\" style=\"--awb-border-radius-top-left:0px;--awb-border-radius-top-right:0px;--awb-border-radius-bottom-right:0px;--awb-border-radius-bottom-left:0px;--awb-flex-wrap:wrap;\" ><div class=\"fusion-builder-row fusion-row\"><div class=\"fusion-layout-column fusion_builder_column fusion-builder-column-0 fusion_builder_column_1_1 1_1 fusion-one-full fusion-column-first fusion-column-last fusion-animated\" style=\"--awb-bg-size:cover;\" data-animationType=\"fadeInRight\" data-animationDuration=\"0.8\" data-animationOffset=\"top-into-view\"><div class=\"fusion-column-wrapper fusion-flex-column-wrapper-legacy\"><div class=\"fusion-sep-clear\"><\/div><div class=\"fusion-separator fusion-full-width-sep\" style=\"margin-left: auto;margin-right: auto;margin-top:15px;margin-bottom:15px;width:100%;\"><\/div><div class=\"fusion-sep-clear\"><\/div><div class=\"fusion-text fusion-text-1\"><p>O CASPAE disponibiliza um conjunto de respostas sociais, em diferentes \u00e1reas de interven\u00e7\u00e3o, que visa a valoriza\u00e7\u00e3o pessoal e de bem estar dos indiv\u00edduos.<\/p>\n<p>Para a prossecu\u00e7\u00e3o deste fim a Institui\u00e7\u00e3o possui um conjunto de recursos humanos devidamente habilitados para o exerc\u00edcio de cada fun\u00e7\u00e3o que permitem a presta\u00e7\u00e3o de servi\u00e7os, e consequente execu\u00e7\u00e3o de projetos espec\u00edficos, ajustados \u00e0 faixa et\u00e1ria do p\u00fablico-alvo.<\/p>\n<\/div><div class=\"fusion-sep-clear\"><\/div><div class=\"fusion-separator fusion-full-width-sep\" style=\"margin-left: auto;margin-right: auto;margin-top:15px;margin-bottom:15px;width:100%;\"><\/div><div class=\"fusion-sep-clear\"><\/div><div class=\"fusion-image-element in-legacy-container\" style=\"--awb-caption-title-font-family:var(--h2_typography-font-family);--awb-caption-title-font-weight:var(--h2_typography-font-weight);--awb-caption-title-font-style:var(--h2_typography-font-style);--awb-caption-title-size:var(--h2_typography-font-size);--awb-caption-title-transform:var(--h2_typography-text-transform);--awb-caption-title-line-height:var(--h2_typography-line-height);--awb-caption-title-letter-spacing:var(--h2_typography-letter-spacing);\"><span class=\" fusion-imageframe imageframe-none imageframe-1 hover-type-none\"><a class=\"fusion-no-lightbox\" href=\"https:\/\/caspae.pt\/PT\/catl\/ \" target=\"_self\" aria-label=\"BOT\u00c3O CATL\"><img decoding=\"async\" width=\"1024\" height=\"1024\" src=\"https:\/\/caspae.pt\/PT\/wp-content\/uploads\/2023\/02\/BOTAO-CATL-1024x1024.jpg\" alt class=\"img-responsive wp-image-13067\" srcset=\"https:\/\/caspae.pt\/PT\/wp-content\/uploads\/2023\/02\/BOTAO-CATL-200x200.jpg 200w, https:\/\/caspae.pt\/PT\/wp-content\/uploads\/2023\/02\/BOTAO-CATL-400x400.jpg 400w, https:\/\/caspae.pt\/PT\/wp-content\/uploads\/2023\/02\/BOTAO-CATL-600x600.jpg 600w, https:\/\/caspae.pt\/PT\/wp-content\/uploads\/2023\/02\/BOTAO-CATL-800x800.jpg 800w, https:\/\/caspae.pt\/PT\/wp-content\/uploads\/2023\/02\/BOTAO-CATL-1200x1200.jpg 1200w, https:\/\/caspae.pt\/PT\/wp-content\/uploads\/2023\/02\/BOTAO-CATL.jpg 1280w\" sizes=\"(max-width: 1000px) 100vw, 1200px\" \/><\/a><\/span><\/div><div class=\"fusion-sep-clear\"><\/div><div class=\"fusion-separator fusion-full-width-sep\" style=\"margin-left: auto;margin-right: auto;margin-top:15px;margin-bottom:15px;width:100%;\"><\/div><div class=\"fusion-sep-clear\"><\/div><div class=\"fusion-text fusion-text-2\"><p style=\"text-align: center;\">Centro de Atividades de Tempos Livres<\/p>\n<\/div><div class=\"fusion-image-element in-legacy-container\" style=\"--awb-caption-title-font-family:var(--h2_typography-font-family);--awb-caption-title-font-weight:var(--h2_typography-font-weight);--awb-caption-title-font-style:var(--h2_typography-font-style);--awb-caption-title-size:var(--h2_typography-font-size);--awb-caption-title-transform:var(--h2_typography-text-transform);--awb-caption-title-line-height:var(--h2_typography-line-height);--awb-caption-title-letter-spacing:var(--h2_typography-letter-spacing);\"><span class=\" fusion-imageframe imageframe-none imageframe-2 hover-type-none\"><a class=\"fusion-no-lightbox\" href=\"https:\/\/caspae.pt\/PT\/sad\/\" target=\"_self\" aria-label=\"BOT\u00c3O SAD\"><img decoding=\"async\" width=\"1024\" height=\"1024\" src=\"https:\/\/caspae.pt\/PT\/wp-content\/uploads\/2023\/02\/BOTAO-SAD-1024x1024.png\" alt class=\"img-responsive wp-image-13069\" srcset=\"https:\/\/caspae.pt\/PT\/wp-content\/uploads\/2023\/02\/BOTAO-SAD-200x200.png 200w, https:\/\/caspae.pt\/PT\/wp-content\/uploads\/2023\/02\/BOTAO-SAD-400x400.png 400w, https:\/\/caspae.pt\/PT\/wp-content\/uploads\/2023\/02\/BOTAO-SAD-600x600.png 600w, https:\/\/caspae.pt\/PT\/wp-content\/uploads\/2023\/02\/BOTAO-SAD-800x800.png 800w, https:\/\/caspae.pt\/PT\/wp-content\/uploads\/2023\/02\/BOTAO-SAD-1200x1200.png 1200w, https:\/\/caspae.pt\/PT\/wp-content\/uploads\/2023\/02\/BOTAO-SAD.png 1280w\" sizes=\"(max-width: 1000px) 100vw, 1200px\" \/><\/a><\/span><\/div><div class=\"fusion-sep-clear\"><\/div><div class=\"fusion-separator fusion-full-width-sep\" style=\"margin-left: auto;margin-right: auto;margin-top:15px;margin-bottom:15px;width:100%;\"><\/div><div class=\"fusion-sep-clear\"><\/div><div class=\"fusion-text fusion-text-3\"><p style=\"text-align: center;\">Servi\u00e7o de Apoio Domicili\u00e1rio<\/p>\n<\/div><div class=\"fusion-sep-clear\"><\/div><div class=\"fusion-separator fusion-full-width-sep\" style=\"margin-left: auto;margin-right: auto;width:100%;\"><\/div><div class=\"fusion-sep-clear\"><\/div><div class=\"fusion-sep-clear\"><\/div><div class=\"fusion-separator fusion-full-width-sep\" style=\"margin-left: auto;margin-right: auto;width:100%;\"><div class=\"fusion-separator-border sep-single sep-solid\" style=\"--awb-height:20px;--awb-amount:20px;border-color:#ecefef;border-top-width:1px;\"><\/div><\/div><div class=\"fusion-sep-clear\"><\/div><div class=\"fusion-image-element in-legacy-container\" style=\"--awb-caption-title-font-family:var(--h2_typography-font-family);--awb-caption-title-font-weight:var(--h2_typography-font-weight);--awb-caption-title-font-style:var(--h2_typography-font-style);--awb-caption-title-size:var(--h2_typography-font-size);--awb-caption-title-transform:var(--h2_typography-text-transform);--awb-caption-title-line-height:var(--h2_typography-line-height);--awb-caption-title-letter-spacing:var(--h2_typography-letter-spacing);\"><span class=\" fusion-imageframe imageframe-none imageframe-3 hover-type-none\"><a class=\"fusion-no-lightbox\" href=\"https:\/\/caspae.pt\/PT\/poapmc\/\" target=\"_self\" aria-label=\"BOT\u00c3O poapmc\"><img decoding=\"async\" width=\"1280\" height=\"1280\" src=\"https:\/\/caspae.pt\/PT\/wp-content\/uploads\/2024\/08\/BOTAO-poapmc.jpg\" alt class=\"img-responsive wp-image-15974\" srcset=\"https:\/\/caspae.pt\/PT\/wp-content\/uploads\/2024\/08\/BOTAO-poapmc-200x200.jpg 200w, https:\/\/caspae.pt\/PT\/wp-content\/uploads\/2024\/08\/BOTAO-poapmc-400x400.jpg 400w, https:\/\/caspae.pt\/PT\/wp-content\/uploads\/2024\/08\/BOTAO-poapmc-600x600.jpg 600w, https:\/\/caspae.pt\/PT\/wp-content\/uploads\/2024\/08\/BOTAO-poapmc-800x800.jpg 800w, https:\/\/caspae.pt\/PT\/wp-content\/uploads\/2024\/08\/BOTAO-poapmc-1200x1200.jpg 1200w, https:\/\/caspae.pt\/PT\/wp-content\/uploads\/2024\/08\/BOTAO-poapmc.jpg 1280w\" sizes=\"(max-width: 1000px) 100vw, 1200px\" \/><\/a><\/span><\/div><div class=\"fusion-sep-clear\"><\/div><div class=\"fusion-separator fusion-full-width-sep\" style=\"margin-left: auto;margin-right: auto;width:100%;\"><\/div><div class=\"fusion-sep-clear\"><\/div><div class=\"fusion-text fusion-text-4\"><p style=\"text-align: center;\">Programa Operacional de Apoio \u00e0s Pessoas Mais Carenciadas, desenvolvido de 2017 a 2023<\/p>\n<\/div><div class=\"fusion-sep-clear\"><\/div><div class=\"fusion-separator fusion-full-width-sep\" style=\"margin-left: auto;margin-right: auto;width:100%;\"><\/div><div class=\"fusion-sep-clear\"><\/div><div class=\"fusion-clearfix\"><\/div><\/div><\/div><\/div><\/div><div class=\"fusion-fullwidth fullwidth-box fusion-builder-row-2 nonhundred-percent-fullwidth non-hundred-percent-height-scrolling fusion-no-small-visibility fusion-no-medium-visibility\" style=\"--awb-border-radius-top-left:0px;--awb-border-radius-top-right:0px;--awb-border-radius-bottom-right:0px;--awb-border-radius-bottom-left:0px;--awb-flex-wrap:wrap;\" ><div class=\"fusion-builder-row fusion-row\"><div class=\"fusion-layout-column fusion_builder_column fusion-builder-column-1 fusion_builder_column_1_1 1_1 fusion-one-full fusion-column-first fusion-column-last fusion-animated\" style=\"--awb-bg-size:cover;\" data-animationType=\"fadeInRight\" data-animationDuration=\"0.8\" data-animationOffset=\"top-into-view\"><div class=\"fusion-column-wrapper fusion-flex-column-wrapper-legacy\"><div class=\"fusion-sep-clear\"><\/div><div class=\"fusion-separator fusion-full-width-sep\" style=\"margin-left: auto;margin-right: auto;margin-top:15px;margin-bottom:15px;width:100%;\"><\/div><div class=\"fusion-sep-clear\"><\/div><div class=\"fusion-text fusion-text-5\"><p>O CASPAE disponibiliza um conjunto de respostas sociais, em diferentes \u00e1reas de interven\u00e7\u00e3o, que visa a valoriza\u00e7\u00e3o pessoal e de bem estar dos indiv\u00edduos.<\/p>\n<p>Para a prossecu\u00e7\u00e3o deste fim a Institui\u00e7\u00e3o possui um conjunto de recursos humanos devidamente habilitados para o exerc\u00edcio de cada fun\u00e7\u00e3o que permitem a presta\u00e7\u00e3o de servi\u00e7os, e consequente execu\u00e7\u00e3o de projetos espec\u00edficos, ajustados \u00e0 faixa et\u00e1ria do p\u00fablico-alvo.<\/p>\n<\/div><div class=\"fusion-clearfix\"><\/div><\/div><\/div><div class=\"fusion-layout-column fusion_builder_column fusion-builder-column-2 fusion_builder_column_1_3 1_3 fusion-one-third fusion-column-first\" style=\"--awb-bg-size:cover;width:33.333333333333%;width:calc(33.333333333333% - ( ( 4% + 4% ) * 0.33333333333333 ) );margin-right: 4%;\"><div class=\"fusion-column-wrapper fusion-column-has-shadow fusion-flex-column-wrapper-legacy\"><div class=\"fusion-image-element in-legacy-container\" style=\"--awb-caption-title-font-family:var(--h2_typography-font-family);--awb-caption-title-font-weight:var(--h2_typography-font-weight);--awb-caption-title-font-style:var(--h2_typography-font-style);--awb-caption-title-size:var(--h2_typography-font-size);--awb-caption-title-transform:var(--h2_typography-text-transform);--awb-caption-title-line-height:var(--h2_typography-line-height);--awb-caption-title-letter-spacing:var(--h2_typography-letter-spacing);\"><span class=\" fusion-imageframe imageframe-none imageframe-4 hover-type-none\"><a class=\"fusion-no-lightbox\" href=\"https:\/\/caspae.pt\/PT\/catl\/ \" target=\"_self\" aria-label=\"BOT\u00c3O CATL\"><img decoding=\"async\" width=\"1024\" height=\"1024\" src=\"https:\/\/caspae.pt\/PT\/wp-content\/uploads\/2023\/02\/BOTAO-CATL-1024x1024.jpg\" alt class=\"img-responsive wp-image-13067\" srcset=\"https:\/\/caspae.pt\/PT\/wp-content\/uploads\/2023\/02\/BOTAO-CATL-200x200.jpg 200w, https:\/\/caspae.pt\/PT\/wp-content\/uploads\/2023\/02\/BOTAO-CATL-400x400.jpg 400w, https:\/\/caspae.pt\/PT\/wp-content\/uploads\/2023\/02\/BOTAO-CATL-600x600.jpg 600w, https:\/\/caspae.pt\/PT\/wp-content\/uploads\/2023\/02\/BOTAO-CATL-800x800.jpg 800w, https:\/\/caspae.pt\/PT\/wp-content\/uploads\/2023\/02\/BOTAO-CATL-1200x1200.jpg 1200w, https:\/\/caspae.pt\/PT\/wp-content\/uploads\/2023\/02\/BOTAO-CATL.jpg 1280w\" sizes=\"(max-width: 1000px) 100vw, 400px\" \/><\/a><\/span><\/div><div class=\"fusion-sep-clear\"><\/div><div class=\"fusion-separator fusion-full-width-sep\" style=\"margin-left: auto;margin-right: auto;margin-top:10px;width:100%;\"><\/div><div class=\"fusion-sep-clear\"><\/div><div class=\"fusion-text fusion-text-6\"><p style=\"text-align: center;\">Centro de Atividades de Tempos Livres<\/p>\n<\/div><div class=\"fusion-clearfix\"><\/div><\/div><\/div><div class=\"fusion-layout-column fusion_builder_column fusion-builder-column-3 fusion_builder_column_1_3 1_3 fusion-one-third\" style=\"--awb-bg-size:cover;width:33.333333333333%;width:calc(33.333333333333% - ( ( 4% + 4% ) * 0.33333333333333 ) );margin-right: 4%;\"><div class=\"fusion-column-wrapper fusion-column-has-shadow fusion-flex-column-wrapper-legacy\"><div class=\"fusion-image-element in-legacy-container\" style=\"--awb-caption-title-font-family:var(--h2_typography-font-family);--awb-caption-title-font-weight:var(--h2_typography-font-weight);--awb-caption-title-font-style:var(--h2_typography-font-style);--awb-caption-title-size:var(--h2_typography-font-size);--awb-caption-title-transform:var(--h2_typography-text-transform);--awb-caption-title-line-height:var(--h2_typography-line-height);--awb-caption-title-letter-spacing:var(--h2_typography-letter-spacing);\"><span class=\" fusion-imageframe imageframe-none imageframe-5 hover-type-none\"><a class=\"fusion-no-lightbox\" href=\"https:\/\/caspae.pt\/PT\/sad\/\" target=\"_self\" aria-label=\"BOT\u00c3O SAD\"><img decoding=\"async\" width=\"1024\" height=\"1024\" src=\"https:\/\/caspae.pt\/PT\/wp-content\/uploads\/2023\/02\/BOTAO-SAD-1024x1024.png\" alt class=\"img-responsive wp-image-13069\" srcset=\"https:\/\/caspae.pt\/PT\/wp-content\/uploads\/2023\/02\/BOTAO-SAD-200x200.png 200w, https:\/\/caspae.pt\/PT\/wp-content\/uploads\/2023\/02\/BOTAO-SAD-400x400.png 400w, https:\/\/caspae.pt\/PT\/wp-content\/uploads\/2023\/02\/BOTAO-SAD-600x600.png 600w, https:\/\/caspae.pt\/PT\/wp-content\/uploads\/2023\/02\/BOTAO-SAD-800x800.png 800w, https:\/\/caspae.pt\/PT\/wp-content\/uploads\/2023\/02\/BOTAO-SAD-1200x1200.png 1200w, https:\/\/caspae.pt\/PT\/wp-content\/uploads\/2023\/02\/BOTAO-SAD.png 1280w\" sizes=\"(max-width: 1000px) 100vw, 400px\" \/><\/a><\/span><\/div><div class=\"fusion-sep-clear\"><\/div><div class=\"fusion-separator fusion-full-width-sep\" style=\"margin-left: auto;margin-right: auto;margin-top:10px;width:100%;\"><\/div><div class=\"fusion-sep-clear\"><\/div><div class=\"fusion-text fusion-text-7\"><p style=\"text-align: center;\">Servi\u00e7o de Apoio Domicili\u00e1rio<\/p>\n<\/div><div class=\"fusion-clearfix\"><\/div><\/div><\/div><div class=\"fusion-layout-column fusion_builder_column fusion-builder-column-4 fusion_builder_column_1_3 1_3 fusion-one-third fusion-column-last fusion-column-inner-bg-wrapper\" style=\"--awb-inner-bg-size:cover;width:33.333333333333%;width:calc(33.333333333333% - ( ( 4% + 4% ) * 0.33333333333333 ) );\"><span class=\"fusion-column-inner-bg hover-type-none\"><a class=\"fusion-column-anchor\" href=\"https:\/\/caspae.pt\/PT\/pessoas-2030\/\"><span class=\"fusion-column-inner-bg-image\"><\/span><\/a><\/span><div class=\"fusion-column-wrapper fusion-column-has-shadow fusion-flex-column-wrapper-legacy\"><div class=\"fusion-image-element in-legacy-container\" style=\"--awb-caption-title-font-family:var(--h2_typography-font-family);--awb-caption-title-font-weight:var(--h2_typography-font-weight);--awb-caption-title-font-style:var(--h2_typography-font-style);--awb-caption-title-size:var(--h2_typography-font-size);--awb-caption-title-transform:var(--h2_typography-text-transform);--awb-caption-title-line-height:var(--h2_typography-line-height);--awb-caption-title-letter-spacing:var(--h2_typography-letter-spacing);\"><span class=\" fusion-imageframe imageframe-none imageframe-6 hover-type-none\"><a class=\"fusion-no-lightbox\" href=\"https:\/\/caspae.pt\/PT\/pessoas-2030\/\" target=\"_self\" aria-label=\"BOT\u00c3O POAPMC\"><img decoding=\"async\" width=\"1024\" height=\"1024\" src=\"https:\/\/caspae.pt\/PT\/wp-content\/uploads\/2023\/12\/BOTAO-POAPMC-1024x1024.jpg\" alt class=\"img-responsive wp-image-14800\" srcset=\"https:\/\/caspae.pt\/PT\/wp-content\/uploads\/2023\/12\/BOTAO-POAPMC-200x200.jpg 200w, https:\/\/caspae.pt\/PT\/wp-content\/uploads\/2023\/12\/BOTAO-POAPMC-400x400.jpg 400w, https:\/\/caspae.pt\/PT\/wp-content\/uploads\/2023\/12\/BOTAO-POAPMC-600x600.jpg 600w, https:\/\/caspae.pt\/PT\/wp-content\/uploads\/2023\/12\/BOTAO-POAPMC-800x800.jpg 800w, https:\/\/caspae.pt\/PT\/wp-content\/uploads\/2023\/12\/BOTAO-POAPMC-1200x1200.jpg 1200w, https:\/\/caspae.pt\/PT\/wp-content\/uploads\/2023\/12\/BOTAO-POAPMC.jpg 1280w\" sizes=\"(max-width: 1000px) 100vw, 400px\" \/><\/a><\/span><\/div><div class=\"fusion-sep-clear\"><\/div><div class=\"fusion-separator fusion-full-width-sep\" style=\"margin-left: auto;margin-right: auto;margin-top:10px;width:100%;\"><\/div><div class=\"fusion-sep-clear\"><\/div><div class=\"fusion-text fusion-text-8\"><p style=\"text-align: center;\">Pessoas 2030 &#8211; Priva\u00e7\u00e3o Material<\/p>\n<\/div><div class=\"fusion-clearfix\"><\/div><\/div><\/div><div class=\"fusion-layout-column fusion_builder_column fusion-builder-column-5 fusion_builder_column_1_1 1_1 fusion-one-full fusion-column-first fusion-column-last\" style=\"--awb-bg-size:cover;\"><div class=\"fusion-column-wrapper fusion-column-has-shadow fusion-flex-column-wrapper-legacy\"><div class=\"fusion-sep-clear\"><\/div><div class=\"fusion-separator fusion-full-width-sep\" style=\"margin-left: auto;margin-right: auto;width:100%;\"><div class=\"fusion-separator-border sep-single sep-solid\" style=\"--awb-height:20px;--awb-amount:20px;border-color:#ecefef;border-top-width:1px;\"><\/div><\/div><div class=\"fusion-sep-clear\"><\/div><div class=\"fusion-clearfix\"><\/div><\/div><\/div><div class=\"fusion-layout-column fusion_builder_column fusion-builder-column-6 fusion_builder_column_1_3 1_3 fusion-one-third fusion-column-first\" style=\"--awb-bg-size:cover;width:33.333333333333%;width:calc(33.333333333333% - ( ( 4% ) * 0.33333333333333 ) );margin-right: 4%;\"><div class=\"fusion-column-wrapper fusion-column-has-shadow fusion-flex-column-wrapper-legacy\"><div class=\"fusion-image-element in-legacy-container\" style=\"--awb-caption-title-font-family:var(--h2_typography-font-family);--awb-caption-title-font-weight:var(--h2_typography-font-weight);--awb-caption-title-font-style:var(--h2_typography-font-style);--awb-caption-title-size:var(--h2_typography-font-size);--awb-caption-title-transform:var(--h2_typography-text-transform);--awb-caption-title-line-height:var(--h2_typography-line-height);--awb-caption-title-letter-spacing:var(--h2_typography-letter-spacing);\"><span class=\" fusion-imageframe imageframe-none imageframe-7 hover-type-none\"><a class=\"fusion-no-lightbox\" href=\"https:\/\/caspae.pt\/PT\/poapmc\/\" target=\"_self\" aria-label=\"BOT\u00c3O poapmc\"><img decoding=\"async\" width=\"1280\" height=\"1280\" src=\"https:\/\/caspae.pt\/PT\/wp-content\/uploads\/2024\/08\/BOTAO-poapmc.jpg\" alt class=\"img-responsive wp-image-15974\" srcset=\"https:\/\/caspae.pt\/PT\/wp-content\/uploads\/2024\/08\/BOTAO-poapmc-200x200.jpg 200w, https:\/\/caspae.pt\/PT\/wp-content\/uploads\/2024\/08\/BOTAO-poapmc-400x400.jpg 400w, https:\/\/caspae.pt\/PT\/wp-content\/uploads\/2024\/08\/BOTAO-poapmc-600x600.jpg 600w, https:\/\/caspae.pt\/PT\/wp-content\/uploads\/2024\/08\/BOTAO-poapmc-800x800.jpg 800w, https:\/\/caspae.pt\/PT\/wp-content\/uploads\/2024\/08\/BOTAO-poapmc-1200x1200.jpg 1200w, https:\/\/caspae.pt\/PT\/wp-content\/uploads\/2024\/08\/BOTAO-poapmc.jpg 1280w\" sizes=\"(max-width: 1000px) 100vw, 400px\" \/><\/a><\/span><\/div><div class=\"fusion-sep-clear\"><\/div><div class=\"fusion-separator fusion-full-width-sep\" style=\"margin-left: auto;margin-right: auto;margin-top:10px;width:100%;\"><\/div><div class=\"fusion-sep-clear\"><\/div><div class=\"fusion-text fusion-text-9\"><p style=\"text-align: center;\">Programa Operacional de Apoio \u00e0s Pessoas Mais Carenciadas, desenvolvido de 2017 a 2023<\/p>\n<\/div><div class=\"fusion-clearfix\"><\/div><\/div><\/div><\/div><\/div><\/p>\n","protected":false},"excerpt":{"rendered":"","protected":false},"author":1,"featured_media":0,"parent":0,"menu_order":0,"comment_status":"closed","ping_status":"closed","template":"100-width.php","meta":{"footnotes":""},"class_list":["post-2869","page","type-page","status-publish","hentry"],"_links":{"self":[{"href":"https:\/\/caspae.pt\/PT\/wp-json\/wp\/v2\/pages\/2869","targetHints":{"allow":["GET"]}}],"collection":[{"href":"https:\/\/caspae.pt\/PT\/wp-json\/wp\/v2\/pages"}],"about":[{"href":"https:\/\/caspae.pt\/PT\/wp-json\/wp\/v2\/types\/page"}],"author":[{"embeddable":true,"href":"https:\/\/caspae.pt\/PT\/wp-json\/wp\/v2\/users\/1"}],"replies":[{"embeddable":true,"href":"https:\/\/caspae.pt\/PT\/wp-json\/wp\/v2\/comments?post=2869"}],"version-history":[{"count":39,"href":"https:\/\/caspae.pt\/PT\/wp-json\/wp\/v2\/pages\/2869\/revisions"}],"predecessor-version":[{"id":17774,"href":"https:\/\/caspae.pt\/PT\/wp-json\/wp\/v2\/pages\/2869\/revisions\/17774"}],"wp:attachment":[{"href":"https:\/\/caspae.pt\/PT\/wp-json\/wp\/v2\/media?parent=2869"}],"curies":[{"name":"wp","href":"https:\/\/api.w.org\/{rel}","templated":true}]}}