{"id":2673,"date":"2019-12-26T16:25:56","date_gmt":"2019-12-26T16:25:56","guid":{"rendered":"https:\/\/caspae.pt\/PT\/?page_id=2673"},"modified":"2024-05-26T01:06:34","modified_gmt":"2024-05-26T01:06:34","slug":"voluntariado","status":"publish","type":"page","link":"https:\/\/caspae.pt\/PT\/voluntariado\/","title":{"rendered":"Voluntariado"},"content":{"rendered":"<p><div class=\"fusion-fullwidth fullwidth-box fusion-builder-row-1 has-pattern-background has-mask-background nonhundred-percent-fullwidth non-hundred-percent-height-scrolling fusion-no-large-visibility\" style=\"--awb-border-radius-top-left:0px;--awb-border-radius-top-right:0px;--awb-border-radius-bottom-right:0px;--awb-border-radius-bottom-left:0px;--awb-flex-wrap:wrap;\" ><div class=\"fusion-builder-row fusion-row\"><div class=\"fusion-layout-column fusion_builder_column fusion-builder-column-0 fusion_builder_column_1_1 1_1 fusion-one-full fusion-column-first fusion-column-last fusion-animated\" style=\"--awb-bg-size:cover;\" data-animationType=\"fadeInRight\" data-animationDuration=\"0.8\" data-animationOffset=\"top-into-view\"><div class=\"fusion-column-wrapper fusion-flex-column-wrapper-legacy\"><div class=\"fusion-title title fusion-title-1 fusion-sep-none fusion-title-center fusion-title-text fusion-title-size-three\" style=\"--awb-margin-bottom:5px;--awb-margin-top-small:0px;--awb-margin-right-small:0px;--awb-margin-bottom-small:20px;--awb-margin-left-small:0px;\"><h3 class=\"fusion-title-heading title-heading-center fusion-responsive-typography-calculated\" style=\"margin:0;--fontSize:26;--minFontSize:26;line-height:1.3;\"><p style=\"text-align: center;\">Programa de Voluntariado<\/p><\/h3><\/div><div class=\"fusion-clearfix\"><\/div><\/div><\/div><div class=\"fusion-layout-column fusion_builder_column fusion-builder-column-1 fusion_builder_column_1_1 1_1 fusion-one-full fusion-column-first fusion-column-last fusion-animated\" style=\"--awb-bg-size:cover;\" data-animationType=\"fadeInRight\" data-animationDuration=\"0.8\" data-animationOffset=\"top-into-view\"><div class=\"fusion-column-wrapper fusion-flex-column-wrapper-legacy\"><div class=\"fusion-sep-clear\"><\/div><div class=\"fusion-separator fusion-full-width-sep\" style=\"margin-left: auto;margin-right: auto;margin-top:15px;margin-bottom:15px;width:100%;\"><div class=\"fusion-separator-border sep-single sep-solid\" style=\"--awb-height:20px;--awb-amount:20px;border-color:#ecefef;border-top-width:1px;\"><\/div><\/div><div class=\"fusion-sep-clear\"><\/div><div class=\"fusion-text fusion-text-1\"><p>O <em><strong>CASPAE<\/strong><\/em> acolhe volunt\u00e1rios de diversas \u00e1reas de interesse, integrando-os nas suas a\u00e7\u00f5es e projetos, sempre devidamente acompanhados por profissionais qualificados da Institui\u00e7\u00e3o, tendo em vista o cumprimento dos objetivos a que se prop\u00f5em.<\/p>\n<p>As \u00e1reas nas quais s\u00e3o enquadrados os volunt\u00e1rios s\u00e3o as respostas sociais e servi\u00e7os para a Inf\u00e2ncia, Juventude e Idosos.<\/p>\n<p>Os dados recolhidos na sua candidatura permitir\u00e3o a integra\u00e7\u00e3o do candidato na \u00e1rea que melhor se adapte \u00e0s suas caracter\u00edsticas, vontade e disponibilidades.<\/p>\n<p>Por forma a cumprir o Regulamento Geral de Prote\u00e7\u00e3o de Dados (RGPD), na qualidade de Respons\u00e1veis pelo Tratamento dos seus dados pessoais o CASPAE solicitar\u00e1 o seu consentimento ao abrigo do artigo 6\u00ba do RGPD, conforme documento Pol\u00edtica de Prote\u00e7\u00e3o de Dados \u2013 Recrutamento-Candidaturas, no que se refere ao recrutamento e candidaturas espont\u00e2neas.<\/p>\n<p>Para mais informa\u00e7\u00f5es contactar : Jo\u00e3o Bigotte \u2013\u00a0<a href=\"mailto:joao.almeida@caspae.pt\">joao.almeida@caspae.pt<\/a><\/p>\n<\/div><div class=\"fusion-text fusion-text-2\"><blockquote>\n<p><strong><i>\u201cA motiva\u00e7\u00e3o para o voluntariado relaciona-se com o altru\u00edsmo e o coletivismo. Os motivos que nos levam ao voluntariado s\u00e3o muitos. Podem passar pelo desejo de ser \u00fatil, a consci\u00eancia da oportunidade de crescimento pessoal e profissional al\u00e9m de promover o bem-estar, nomeadamente, o sentimento de que vale a pena.\u201d (Rosa et al., 2022).<\/i><\/strong><\/p>\n<\/blockquote>\n<\/div><div class=\"fusion-image-element in-legacy-container\" style=\"--awb-caption-title-font-family:var(--h2_typography-font-family);--awb-caption-title-font-weight:var(--h2_typography-font-weight);--awb-caption-title-font-style:var(--h2_typography-font-style);--awb-caption-title-size:var(--h2_typography-font-size);--awb-caption-title-transform:var(--h2_typography-text-transform);--awb-caption-title-line-height:var(--h2_typography-line-height);--awb-caption-title-letter-spacing:var(--h2_typography-letter-spacing);\"><span class=\" fusion-imageframe imageframe-none imageframe-1 hover-type-none\"><img decoding=\"async\" width=\"1280\" height=\"1280\" title=\"Jo\u00e3o &#8211; Voluntariado\" src=\"https:\/\/caspae.pt\/PT\/wp-content\/uploads\/2024\/05\/Joao-Voluntariado.jpg\" alt class=\"img-responsive wp-image-15252\" srcset=\"https:\/\/caspae.pt\/PT\/wp-content\/uploads\/2024\/05\/Joao-Voluntariado-200x200.jpg 200w, https:\/\/caspae.pt\/PT\/wp-content\/uploads\/2024\/05\/Joao-Voluntariado-400x400.jpg 400w, https:\/\/caspae.pt\/PT\/wp-content\/uploads\/2024\/05\/Joao-Voluntariado-600x600.jpg 600w, https:\/\/caspae.pt\/PT\/wp-content\/uploads\/2024\/05\/Joao-Voluntariado-800x800.jpg 800w, https:\/\/caspae.pt\/PT\/wp-content\/uploads\/2024\/05\/Joao-Voluntariado-1200x1200.jpg 1200w, https:\/\/caspae.pt\/PT\/wp-content\/uploads\/2024\/05\/Joao-Voluntariado.jpg 1280w\" sizes=\"(max-width: 1000px) 100vw, 1200px\" \/><\/span><\/div><div class=\"fusion-sep-clear\"><\/div><div class=\"fusion-separator fusion-full-width-sep\" style=\"margin-left: auto;margin-right: auto;margin-top:20px;width:100%;\"><\/div><div class=\"fusion-sep-clear\"><\/div><div class=\"fusion-button-wrapper fusion-aligncenter\"><a class=\"fusion-button button-flat fusion-button-default-size button-lightgray fusion-button-lightgray button-1 fusion-button-default-span fusion-button-default-type fusion-no-large-visibility\" target=\"_self\" href=\"#\" data-toggle=\"modal\" data-target=\".fusion-modal.Call_Joao_Voluntariado\"><i class=\"fa-plus-circle fas awb-button__icon awb-button__icon--default button-icon-left\" aria-hidden=\"true\"><\/i><span class=\"fusion-button-text awb-button__text awb-button__text--default\">Jo\u00e3o Bigotte de Almeida<\/span><\/a><\/div><div class=\"fusion-sep-clear\"><\/div><div class=\"fusion-separator fusion-full-width-sep\" style=\"margin-left: auto;margin-right: auto;margin-top:20px;width:100%;\"><\/div><div class=\"fusion-sep-clear\"><\/div><div class=\"fusion-modal modal fade modal-1 Call_Joao_Voluntariado\" tabindex=\"-1\" role=\"dialog\" aria-labelledby=\"modal-heading-1\" aria-hidden=\"true\" style=\"--awb-border-color:#ecefef;--awb-background:#f2f3f3;\"><div class=\"modal-dialog modal-lg\" role=\"document\"><div class=\"modal-content fusion-modal-content\"><div class=\"modal-header\"><button class=\"close\" type=\"button\" data-dismiss=\"modal\" aria-hidden=\"true\" aria-label=\"Close\">&times;<\/button><h3 class=\"modal-title\" id=\"modal-heading-1\" data-dismiss=\"modal\" aria-hidden=\"true\"><\/h3><\/div><div class=\"modal-body fusion-clearfix\">\n<p><span style=\"font-weight: 400;\">Jo\u00e3o Bigotte de Almeida:<\/span><\/p>\n<p><span style=\"font-weight: 400;\">Licenciado em Anima\u00e7\u00e3o SocioEducativa pela Escola Superior de Educa\u00e7\u00e3o de Coimbra; Formado como T\u00e9cnico de Apoio \u00e0 Gest\u00e3o Hoteleira pela Escola de Hotelaria e Turismo de Coimbra e como T\u00e9cnico Desportivo pela escola Secund\u00e1ria Quinta das Flores.\u00a0<\/span><\/p>\n<p><span style=\"font-weight: 400;\">Testemunho:<\/span><\/p>\n<p><span style=\"font-weight: 400;\">Desde 2013 que tem vindo a Intervir nas \u00e1reas Social, Educacional, Desportiva e Tur\u00edstica com jovens e crian\u00e7as, tanto em Portugal como na Rep\u00fablica Checa, desenvolvendo o seu gosto pela intera\u00e7\u00e3o com pessoas levando-o a desenvolver mais compet\u00eancias neste campo atrav\u00e9s de diferentes experi\u00eancias, tais como Animador de campo de f\u00e9rias, t\u00e9cnico de atividades extracurriculares, Agente de interven\u00e7\u00e3o Social, professor e treinador desportivo. Entrou na equipa da comunica\u00e7\u00e3o e em Agosto de 2021 foi coordenador do Projeto GerArte. Atualmente \u00e9 respons\u00e1vel pela academia desportiva de Corfebol e pelo programa de voluntariado do CASPAE.<\/span><\/p>\n<\/div><div class=\"modal-footer\"><button class=\"fusion-button button-default button-medium button default medium\" type=\"button\" data-dismiss=\"modal\">Close<\/button><\/div><\/div><\/div><\/div><div class=\"fusion-button-wrapper fusion-aligncenter\"><a class=\"fusion-button button-flat fusion-button-default-size button-custom fusion-button-default button-2 fusion-button-default-span fusion-button-default-type\" style=\"--button_accent_color:#ffffff;--button_accent_hover_color:#ffffff;--button_border_hover_color:#ffffff;--button_gradient_top_color:#012f77;--button_gradient_bottom_color:#012f77;--button_gradient_top_color_hover:#012f77;--button_gradient_bottom_color_hover:#012f77;\" target=\"_self\" href=\"https:\/\/docs.google.com\/forms\/d\/e\/1FAIpQLSdr7Smes_FzBwsubVlOqJ-KehGSxFXzUPuYzNlhsEQUkRNRAA\/viewform\"><span class=\"fusion-button-text awb-button__text awb-button__text--default\">Candidate-se<\/span><\/a><\/div><div class=\"fusion-sep-clear\"><\/div><div class=\"fusion-separator fusion-full-width-sep\" style=\"margin-left: auto;margin-right: auto;margin-top:20px;width:100%;\"><\/div><div class=\"fusion-sep-clear\"><\/div><div class=\"fusion-button-wrapper fusion-aligncenter\"><a class=\"fusion-button button-flat fusion-button-default-size button-custom fusion-button-default button-3 fusion-button-default-span fusion-button-default-type\" style=\"--button_accent_color:#ffffff;--button_accent_hover_color:#ffffff;--button_border_hover_color:#ffffff;--button_gradient_top_color:#012f77;--button_gradient_bottom_color:#012f77;--button_gradient_top_color_hover:#012f77;--button_gradient_bottom_color_hover:#012f77;\" target=\"_self\" href=\"https:\/\/caspae.pt\/PT\/wp-content\/uploads\/2019\/12\/Pol%C3%ADtica-de-Prote%C3%A7%C3%A3o-de-Dados-Recrutamento-Candidaturas.pdf\"><span class=\"fusion-button-text awb-button__text awb-button__text--default\">Pol\u00edtica de Privacidade de dados<\/span><\/a><\/div><div class=\"fusion-sep-clear\"><\/div><div class=\"fusion-separator fusion-full-width-sep\" style=\"margin-left: auto;margin-right: auto;margin-top:20px;width:100%;\"><\/div><div class=\"fusion-sep-clear\"><\/div><div class=\"fusion-button-wrapper fusion-aligncenter\"><a class=\"fusion-button button-flat fusion-button-default-size button-default fusion-button-default button-4 fusion-button-default-span fusion-button-default-type\" target=\"_self\" href=\"#\" data-toggle=\"modal\" data-target=\".fusion-modal.Call_VideoMindera\"><span class=\"fusion-button-text awb-button__text awb-button__text--default\">Voluntariado Mindera<\/span><\/a><\/div><div class=\"fusion-clearfix\"><\/div><\/div><\/div><\/div><\/div><div class=\"fusion-fullwidth fullwidth-box fusion-builder-row-2 has-pattern-background has-mask-background nonhundred-percent-fullwidth non-hundred-percent-height-scrolling fusion-no-small-visibility fusion-no-medium-visibility\" style=\"--awb-border-radius-top-left:0px;--awb-border-radius-top-right:0px;--awb-border-radius-bottom-right:0px;--awb-border-radius-bottom-left:0px;--awb-flex-wrap:wrap;\" ><div class=\"fusion-builder-row fusion-row\"><div class=\"fusion-layout-column fusion_builder_column fusion-builder-column-2 fusion_builder_column_1_1 1_1 fusion-one-full fusion-column-first fusion-column-last fusion-animated\" style=\"--awb-bg-size:cover;\" data-animationType=\"fadeInRight\" data-animationDuration=\"0.8\" data-animationOffset=\"top-into-view\"><div class=\"fusion-column-wrapper fusion-flex-column-wrapper-legacy\"><div class=\"fusion-title title fusion-title-2 fusion-sep-none fusion-title-center fusion-title-text fusion-title-size-three\" style=\"--awb-margin-bottom:5px;--awb-margin-top-small:0px;--awb-margin-right-small:0px;--awb-margin-bottom-small:20px;--awb-margin-left-small:0px;\"><h3 class=\"fusion-title-heading title-heading-center fusion-responsive-typography-calculated\" style=\"margin:0;--fontSize:26;--minFontSize:26;line-height:1.3;\"><p style=\"text-align: center;\">Programa de Voluntariado<\/p><\/h3><\/div><div class=\"fusion-clearfix\"><\/div><\/div><\/div><div class=\"fusion-layout-column fusion_builder_column fusion-builder-column-3 fusion_builder_column_1_1 1_1 fusion-one-full fusion-column-first fusion-column-last fusion-animated\" style=\"--awb-bg-size:cover;\" data-animationType=\"fadeInRight\" data-animationDuration=\"0.8\" data-animationOffset=\"top-into-view\"><div class=\"fusion-column-wrapper fusion-flex-column-wrapper-legacy\"><div class=\"fusion-sep-clear\"><\/div><div class=\"fusion-separator fusion-full-width-sep\" style=\"margin-left: auto;margin-right: auto;margin-top:15px;margin-bottom:15px;width:100%;\"><div class=\"fusion-separator-border sep-single sep-solid\" style=\"--awb-height:20px;--awb-amount:20px;border-color:#ecefef;border-top-width:1px;\"><\/div><\/div><div class=\"fusion-sep-clear\"><\/div><div class=\"fusion-text fusion-text-3\"><p>O <em><strong>CASPAE<\/strong><\/em> acolhe volunt\u00e1rios de diversas \u00e1reas de interesse, integrando-os nas suas a\u00e7\u00f5es e projetos, sempre devidamente acompanhados por profissionais qualificados da Institui\u00e7\u00e3o, tendo em vista o cumprimento dos objetivos a que se prop\u00f5em.<\/p>\n<p>As \u00e1reas nas quais s\u00e3o enquadrados os volunt\u00e1rios s\u00e3o as respostas sociais e servi\u00e7os para a Inf\u00e2ncia, Juventude e Idosos.<\/p>\n<p>Os dados recolhidos na sua candidatura permitir\u00e3o a integra\u00e7\u00e3o do candidato na \u00e1rea que melhor se adapte \u00e0s suas caracter\u00edsticas, vontade e disponibilidades.<\/p>\n<\/div><div class=\"fusion-clearfix\"><\/div><\/div><\/div><div class=\"fusion-layout-column fusion_builder_column fusion-builder-column-4 fusion_builder_column_2_3 2_3 fusion-two-third fusion-column-first fusion-animated\" style=\"--awb-bg-size:cover;width:66.666666666667%;width:calc(66.666666666667% - ( ( 10% ) * 0.66666666666667 ) );margin-right: 10%;\" data-animationType=\"fadeInRight\" data-animationDuration=\"0.8\" data-animationOffset=\"top-into-view\"><div class=\"fusion-column-wrapper fusion-flex-column-wrapper-legacy\"><div class=\"fusion-text fusion-text-4\"><p>Por forma a cumprir o Regulamento Geral de Prote\u00e7\u00e3o de Dados (RGPD), na qualidade de Respons\u00e1veis pelo Tratamento dos seus dados pessoais o CASPAE solicitar\u00e1 o seu consentimento ao abrigo do artigo 6\u00ba do RGPD, conforme documento Pol\u00edtica de Prote\u00e7\u00e3o de Dados \u2013 Recrutamento-Candidaturas, no que se refere ao recrutamento e candidaturas espont\u00e2neas.<\/p>\n<p>Para mais informa\u00e7\u00f5es contactar : Jo\u00e3o Bigotte \u2013\u00a0<a href=\"mailto:joao.almeida@caspae.pt\">joao.almeida@caspae.pt<\/a><\/p>\n<\/div><div class=\"fusion-text fusion-text-5\"><blockquote>\n<p><strong><i>\u201cA motiva\u00e7\u00e3o para o voluntariado relaciona-se com o altru\u00edsmo e o coletivismo. Os motivos que nos levam ao voluntariado s\u00e3o muitos. Podem passar pelo desejo de ser \u00fatil, a consci\u00eancia da oportunidade de crescimento pessoal e profissional al\u00e9m de promover o bem-estar, nomeadamente, o sentimento de que vale a pena.\u201d (Rosa et al., 2022).<\/i><\/strong><\/p>\n<\/blockquote>\n<\/div><div class=\"fusion-clearfix\"><\/div><\/div><\/div><div class=\"fusion-layout-column fusion_builder_column fusion-builder-column-5 fusion_builder_column_1_3 1_3 fusion-one-third fusion-column-last fusion-animated\" style=\"--awb-bg-size:cover;width:33.333333333333%;width:calc(33.333333333333% - ( ( 10% ) * 0.33333333333333 ) );\" data-animationType=\"fadeInRight\" data-animationDuration=\"0.8\" data-animationOffset=\"top-into-view\"><div class=\"fusion-column-wrapper fusion-flex-column-wrapper-legacy\"><div class=\"fusion-sep-clear\"><\/div><div class=\"fusion-separator fusion-full-width-sep\" style=\"margin-left: auto;margin-right: auto;margin-top:12%;width:100%;\"><\/div><div class=\"fusion-sep-clear\"><\/div><div class=\"fusion-image-element in-legacy-container\" style=\"--awb-caption-title-font-family:var(--h2_typography-font-family);--awb-caption-title-font-weight:var(--h2_typography-font-weight);--awb-caption-title-font-style:var(--h2_typography-font-style);--awb-caption-title-size:var(--h2_typography-font-size);--awb-caption-title-transform:var(--h2_typography-text-transform);--awb-caption-title-line-height:var(--h2_typography-line-height);--awb-caption-title-letter-spacing:var(--h2_typography-letter-spacing);\"><span class=\" fusion-imageframe imageframe-none imageframe-2 hover-type-none\"><img decoding=\"async\" width=\"1280\" height=\"1280\" title=\"Jo\u00e3o &#8211; Voluntariado\" src=\"https:\/\/caspae.pt\/PT\/wp-content\/uploads\/2024\/05\/Joao-Voluntariado.jpg\" alt class=\"img-responsive wp-image-15252\" srcset=\"https:\/\/caspae.pt\/PT\/wp-content\/uploads\/2024\/05\/Joao-Voluntariado-200x200.jpg 200w, https:\/\/caspae.pt\/PT\/wp-content\/uploads\/2024\/05\/Joao-Voluntariado-400x400.jpg 400w, https:\/\/caspae.pt\/PT\/wp-content\/uploads\/2024\/05\/Joao-Voluntariado-600x600.jpg 600w, https:\/\/caspae.pt\/PT\/wp-content\/uploads\/2024\/05\/Joao-Voluntariado-800x800.jpg 800w, https:\/\/caspae.pt\/PT\/wp-content\/uploads\/2024\/05\/Joao-Voluntariado-1200x1200.jpg 1200w, https:\/\/caspae.pt\/PT\/wp-content\/uploads\/2024\/05\/Joao-Voluntariado.jpg 1280w\" sizes=\"(max-width: 1000px) 100vw, 400px\" \/><\/span><\/div><div class=\"fusion-sep-clear\"><\/div><div class=\"fusion-separator fusion-full-width-sep\" style=\"margin-left: auto;margin-right: auto;margin-top:20px;width:100%;\"><\/div><div class=\"fusion-sep-clear\"><\/div><div class=\"fusion-button-wrapper fusion-aligncenter\"><a class=\"fusion-button button-flat fusion-button-default-size button-lightgray fusion-button-lightgray button-5 fusion-button-default-span fusion-button-default-type fusion-no-small-visibility fusion-no-medium-visibility\" target=\"_self\" href=\"#\" data-toggle=\"modal\" data-target=\".fusion-modal.Call_Joao_Voluntariado\"><i class=\"fa-plus-circle fas awb-button__icon awb-button__icon--default button-icon-left\" aria-hidden=\"true\"><\/i><span class=\"fusion-button-text awb-button__text awb-button__text--default\">Jo\u00e3o Bigotte de Almeida<\/span><\/a><\/div><div class=\"fusion-clearfix\"><\/div><\/div><\/div><\/div><\/div><div class=\"fusion-fullwidth fullwidth-box fusion-builder-row-3 fusion-flex-container has-pattern-background has-mask-background nonhundred-percent-fullwidth non-hundred-percent-height-scrolling fusion-no-small-visibility fusion-no-medium-visibility\" style=\"--awb-border-radius-top-left:0px;--awb-border-radius-top-right:0px;--awb-border-radius-bottom-right:0px;--awb-border-radius-bottom-left:0px;--awb-flex-wrap:wrap;\" ><div class=\"fusion-builder-row fusion-row fusion-flex-align-items-flex-start fusion-flex-content-wrap\" style=\"max-width:1206.4px;margin-left: calc(-4% \/ 2 );margin-right: calc(-4% \/ 2 );\"><div class=\"fusion-layout-column fusion_builder_column fusion-builder-column-6 fusion_builder_column_1_6 1_6 fusion-flex-column\" style=\"--awb-bg-size:cover;--awb-width-large:16.666666666667%;--awb-margin-top-large:25px;--awb-spacing-right-large:11.52%;--awb-margin-bottom-large:25px;--awb-spacing-left-large:11.52%;--awb-width-medium:100%;--awb-order-medium:0;--awb-spacing-right-medium:1.92%;--awb-spacing-left-medium:1.92%;--awb-width-small:100%;--awb-order-small:0;--awb-spacing-right-small:1.92%;--awb-spacing-left-small:1.92%;\"><div class=\"fusion-column-wrapper fusion-column-has-shadow fusion-flex-justify-content-flex-start fusion-content-layout-column\"><\/div><\/div><div class=\"fusion-layout-column fusion_builder_column fusion-builder-column-7 fusion_builder_column_1_5 1_5 fusion-flex-column\" style=\"--awb-bg-size:cover;--awb-width-large:20%;--awb-margin-top-large:25px;--awb-spacing-right-large:9.6%;--awb-margin-bottom-large:25px;--awb-spacing-left-large:9.6%;--awb-width-medium:100%;--awb-order-medium:0;--awb-spacing-right-medium:1.92%;--awb-spacing-left-medium:1.92%;--awb-width-small:100%;--awb-order-small:0;--awb-spacing-right-small:1.92%;--awb-spacing-left-small:1.92%;\"><div class=\"fusion-column-wrapper fusion-column-has-shadow fusion-flex-justify-content-flex-start fusion-content-layout-column\"><div style=\"text-align:center;\"><a class=\"fusion-button button-flat fusion-button-default-size button-custom fusion-button-default button-6 fusion-button-default-span fusion-button-default-type\" style=\"--button_accent_color:#ffffff;--button_accent_hover_color:#ffffff;--button_border_hover_color:#ffffff;--button_gradient_top_color:#012f77;--button_gradient_bottom_color:#012f77;--button_gradient_top_color_hover:#012f77;--button_gradient_bottom_color_hover:#012f77;\" target=\"_self\" href=\"https:\/\/docs.google.com\/forms\/d\/e\/1FAIpQLSdr7Smes_FzBwsubVlOqJ-KehGSxFXzUPuYzNlhsEQUkRNRAA\/viewform\"><span class=\"fusion-button-text awb-button__text awb-button__text--default\">Candidate-se<\/span><\/a><\/div><\/div><\/div><div class=\"fusion-layout-column fusion_builder_column fusion-builder-column-8 fusion_builder_column_1_4 1_4 fusion-flex-column\" style=\"--awb-bg-size:cover;--awb-width-large:25%;--awb-margin-top-large:25px;--awb-spacing-right-large:7.68%;--awb-margin-bottom-large:25px;--awb-spacing-left-large:7.68%;--awb-width-medium:100%;--awb-order-medium:0;--awb-spacing-right-medium:1.92%;--awb-spacing-left-medium:1.92%;--awb-width-small:100%;--awb-order-small:0;--awb-spacing-right-small:1.92%;--awb-spacing-left-small:1.92%;\"><div class=\"fusion-column-wrapper fusion-column-has-shadow fusion-flex-justify-content-flex-start fusion-content-layout-column\"><div style=\"text-align:center;\"><a class=\"fusion-button button-flat fusion-button-default-size button-custom fusion-button-default button-7 fusion-button-default-span fusion-button-default-type\" style=\"--button_accent_color:#ffffff;--button_accent_hover_color:#ffffff;--button_border_hover_color:#ffffff;--button_gradient_top_color:#012f77;--button_gradient_bottom_color:#012f77;--button_gradient_top_color_hover:#012f77;--button_gradient_bottom_color_hover:#012f77;\" target=\"_self\" href=\"https:\/\/caspae.pt\/PT\/wp-content\/uploads\/2019\/12\/Pol%C3%ADtica-de-Prote%C3%A7%C3%A3o-de-Dados-Recrutamento-Candidaturas.pdf\"><span class=\"fusion-button-text awb-button__text awb-button__text--default\">Pol\u00edtica de Privacidade de dados<\/span><\/a><\/div><\/div><\/div><div class=\"fusion-layout-column fusion_builder_column fusion-builder-column-9 fusion_builder_column_1_5 1_5 fusion-flex-column\" style=\"--awb-bg-size:cover;--awb-width-large:20%;--awb-margin-top-large:25px;--awb-spacing-right-large:9.6%;--awb-margin-bottom-large:25px;--awb-spacing-left-large:9.6%;--awb-width-medium:100%;--awb-order-medium:0;--awb-spacing-right-medium:1.92%;--awb-spacing-left-medium:1.92%;--awb-width-small:100%;--awb-order-small:0;--awb-spacing-right-small:1.92%;--awb-spacing-left-small:1.92%;\"><div class=\"fusion-column-wrapper fusion-column-has-shadow fusion-flex-justify-content-flex-start fusion-content-layout-column\"><div style=\"text-align:center;\"><a class=\"fusion-button button-flat fusion-button-default-size button-default fusion-button-default button-8 fusion-button-default-span fusion-button-default-type\" target=\"_self\" href=\"#\" data-toggle=\"modal\" data-target=\".fusion-modal.Call_VideoMindera\"><span class=\"fusion-button-text awb-button__text awb-button__text--default\">Voluntariado Mindera<\/span><\/a><\/div><\/div><\/div><div class=\"fusion-layout-column fusion_builder_column fusion-builder-column-10 fusion_builder_column_1_6 1_6 fusion-flex-column\" style=\"--awb-bg-size:cover;--awb-width-large:16.666666666667%;--awb-margin-top-large:25px;--awb-spacing-right-large:11.52%;--awb-margin-bottom-large:25px;--awb-spacing-left-large:11.52%;--awb-width-medium:100%;--awb-order-medium:0;--awb-spacing-right-medium:1.92%;--awb-spacing-left-medium:1.92%;--awb-width-small:100%;--awb-order-small:0;--awb-spacing-right-small:1.92%;--awb-spacing-left-small:1.92%;\"><div class=\"fusion-column-wrapper fusion-column-has-shadow fusion-flex-justify-content-flex-start fusion-content-layout-column\"><\/div><\/div><div class=\"fusion-layout-column fusion_builder_column fusion-builder-column-11 fusion_builder_column_1_1 1_1 fusion-flex-column\" style=\"--awb-bg-size:cover;--awb-width-large:100%;--awb-margin-top-large:25px;--awb-spacing-right-large:1.92%;--awb-margin-bottom-large:25px;--awb-spacing-left-large:1.92%;--awb-width-medium:100%;--awb-order-medium:0;--awb-spacing-right-medium:1.92%;--awb-spacing-left-medium:1.92%;--awb-width-small:100%;--awb-order-small:0;--awb-spacing-right-small:1.92%;--awb-spacing-left-small:1.92%;\"><div class=\"fusion-column-wrapper fusion-column-has-shadow fusion-flex-justify-content-flex-start fusion-content-layout-column\"><div class=\"fusion-modal modal fade modal-2 Call_VideoMindera\" tabindex=\"-1\" role=\"dialog\" aria-labelledby=\"modal-heading-2\" aria-hidden=\"true\" style=\"--awb-border-color:#ecefef;--awb-background:#f2f3f3;\"><div class=\"modal-dialog modal-lg\" role=\"document\"><div class=\"modal-content fusion-modal-content\"><div class=\"modal-header\"><button class=\"close\" type=\"button\" data-dismiss=\"modal\" aria-hidden=\"true\" aria-label=\"Close\">&times;<\/button><h3 class=\"modal-title\" id=\"modal-heading-2\" data-dismiss=\"modal\" aria-hidden=\"true\"><\/h3><\/div><div class=\"modal-body fusion-clearfix\">\n<div class=\"fusion-video fusion-youtube\" style=\"--awb-max-width:900px;--awb-max-height:500px;\" data-autoplay=\"1\"><div class=\"video-shortcode\"><div class=\"fluid-width-video-wrapper\" style=\"padding-top:55.56%;\" ><iframe title=\"YouTube video player 1\" src=\"https:\/\/www.youtube.com\/embed\/kQ13J7h7-WU?wmode=transparent&autoplay=0\" width=\"900\" height=\"500\" allowfullscreen allow=\"autoplay; clipboard-write; encrypted-media; gyroscope; picture-in-picture;\"><\/iframe><\/div><\/div><\/div>\n<\/div><div class=\"modal-footer\"><button class=\"fusion-button button-default button-medium button default medium\" type=\"button\" data-dismiss=\"modal\">Close<\/button><\/div><\/div><\/div><\/div><\/div><\/div><\/div><\/div><\/p>\n","protected":false},"excerpt":{"rendered":"","protected":false},"author":1,"featured_media":0,"parent":0,"menu_order":0,"comment_status":"closed","ping_status":"closed","template":"100-width.php","meta":{"footnotes":""},"class_list":["post-2673","page","type-page","status-publish","hentry"],"_links":{"self":[{"href":"https:\/\/caspae.pt\/PT\/wp-json\/wp\/v2\/pages\/2673","targetHints":{"allow":["GET"]}}],"collection":[{"href":"https:\/\/caspae.pt\/PT\/wp-json\/wp\/v2\/pages"}],"about":[{"href":"https:\/\/caspae.pt\/PT\/wp-json\/wp\/v2\/types\/page"}],"author":[{"embeddable":true,"href":"https:\/\/caspae.pt\/PT\/wp-json\/wp\/v2\/users\/1"}],"replies":[{"embeddable":true,"href":"https:\/\/caspae.pt\/PT\/wp-json\/wp\/v2\/comments?post=2673"}],"version-history":[{"count":48,"href":"https:\/\/caspae.pt\/PT\/wp-json\/wp\/v2\/pages\/2673\/revisions"}],"predecessor-version":[{"id":15425,"href":"https:\/\/caspae.pt\/PT\/wp-json\/wp\/v2\/pages\/2673\/revisions\/15425"}],"wp:attachment":[{"href":"https:\/\/caspae.pt\/PT\/wp-json\/wp\/v2\/media?parent=2673"}],"curies":[{"name":"wp","href":"https:\/\/api.w.org\/{rel}","templated":true}]}}