{"id":2664,"date":"2019-12-26T16:18:48","date_gmt":"2019-12-26T16:18:48","guid":{"rendered":"https:\/\/caspae.pt\/PT\/?page_id=2664"},"modified":"2024-05-28T21:16:00","modified_gmt":"2024-05-28T21:16:00","slug":"quanto-vale-este-sorriso","status":"publish","type":"page","link":"https:\/\/caspae.pt\/PT\/quanto-vale-este-sorriso\/","title":{"rendered":"Quanto vale este sorriso"},"content":{"rendered":"<p><div class=\"fusion-fullwidth fullwidth-box fusion-builder-row-1 has-pattern-background has-mask-background nonhundred-percent-fullwidth non-hundred-percent-height-scrolling fusion-no-medium-visibility fusion-no-large-visibility\" style=\"--awb-border-radius-top-left:0px;--awb-border-radius-top-right:0px;--awb-border-radius-bottom-right:0px;--awb-border-radius-bottom-left:0px;--awb-flex-wrap:wrap;\" ><div class=\"fusion-builder-row fusion-row\"><div class=\"fusion-layout-column fusion_builder_column fusion-builder-column-0 fusion_builder_column_1_1 1_1 fusion-one-full fusion-column-first fusion-column-last fusion-animated\" style=\"--awb-bg-size:cover;\" data-animationType=\"fadeInRight\" data-animationDuration=\"0.8\" data-animationOffset=\"top-into-view\"><div class=\"fusion-column-wrapper fusion-flex-column-wrapper-legacy\"><div class=\"fusion-title title fusion-title-1 fusion-sep-none fusion-title-text fusion-title-size-three\" style=\"--awb-margin-bottom:5px;--awb-margin-top-small:0px;--awb-margin-right-small:0px;--awb-margin-bottom-small:20px;--awb-margin-left-small:0px;\"><h3 class=\"fusion-title-heading title-heading-left fusion-responsive-typography-calculated\" style=\"margin:0;--fontSize:26;--minFontSize:26;line-height:1.3;\"><p style=\"text-align: center;\">Campanha Solid\u00e1ria<\/p><\/h3><\/div><div class=\"fusion-sep-clear\"><\/div><div class=\"fusion-separator fusion-full-width-sep\" style=\"margin-left: auto;margin-right: auto;margin-top:15px;margin-bottom:15px;width:100%;\"><div class=\"fusion-separator-border sep-single sep-solid\" style=\"--awb-height:20px;--awb-amount:20px;border-color:#ecefef;border-top-width:1px;\"><\/div><\/div><div class=\"fusion-sep-clear\"><\/div><div class=\"fusion-text fusion-text-1\"><p><span style=\"font-weight: 400;\">&#8220;Quanto Vale este Sorriso&#8221; \u00e9 a grande campanha solid\u00e1ria, levada a cabo pelo CASPAE, que integra a realiza\u00e7\u00e3o de diversas atividades, tendo por \u00fanico objetivo reunir o m\u00e1ximo de fundos para que se possa combater a pobreza e a exclus\u00e3o social das crian\u00e7as e jovens bem como de outros p\u00fablicos carenciados.<\/span><\/p>\n<p><span style=\"font-weight: 400;\">O CASPAE, como Institui\u00e7\u00e3o Particular de Solidariedade Social, registada com o n.\u00ba 89\/01, e reconhecida como Institui\u00e7\u00e3o de Utilidade P\u00fablica, est\u00e1 abrangida pela Lei do Mecenato (benef\u00edcio fiscal em sede de IRC e IRS). Poder\u00e1 tornar-se um Mecenas da Institui\u00e7\u00e3o atrav\u00e9s de v\u00e1rias formas:<\/span><\/p>\n<ul>\n<li style=\"font-weight: 400;\" aria-level=\"1\"><span style=\"font-weight: 400;\">Apoio financeiro \u00e0 Institui\u00e7\u00e3o<\/span><\/li>\n<li style=\"font-weight: 400;\" aria-level=\"1\"><span style=\"font-weight: 400;\">Apoio em g\u00e9neros alimentares para distribui\u00e7\u00e3o em campanhas<\/span><\/li>\n<li style=\"font-weight: 400;\" aria-level=\"1\"><span style=\"font-weight: 400;\">Apoio com bens consum\u00edveis para a Institui\u00e7\u00e3o<\/span><\/li>\n<li style=\"font-weight: 400;\" aria-level=\"1\"><span style=\"font-weight: 400;\">Apoio com vestu\u00e1rio para distribui\u00e7\u00e3o em campanhas<\/span><\/li>\n<li style=\"font-weight: 400;\" aria-level=\"1\"><span style=\"font-weight: 400;\">Constituindo-se como tutor de utente da Institui\u00e7\u00e3o<\/span><\/li>\n<li style=\"font-weight: 400;\" aria-level=\"1\"><span style=\"font-weight: 400;\">Doa\u00e7\u00e3o de equipamento e\/ou bens im\u00f3veis \u00e0 Institui\u00e7\u00e3o<\/span><\/li>\n<\/ul>\n<\/div><div class=\"fusion-text fusion-text-2\"><blockquote>\n<p><strong><i>&#8220;Muitos mencionam que a doa\u00e7\u00e3o gera bem-estar, felicidade, satisfa\u00e7\u00e3o, conforto, prazer em ajudar, realiza\u00e7\u00e3o plena e alegria&#8221; (Souza &amp; Freitas, 2019).<\/i><\/strong><\/p>\n<\/blockquote>\n<\/div><div class=\"fusion-text fusion-text-3\"><p><span style=\"font-weight: 400;\">Para se tornar Mecenas do CASPAE poder\u00e1 preencher e submeter o formul\u00e1rio<\/span><a href=\"https:\/\/docs.google.com\/forms\/d\/e\/1FAIpQLSdMo-K0hP8P-WdVJ1XKMFucIrLpQ_2vsRz9hgS6-tQ3pgTDKw\/viewform\"> <span style=\"font-weight: 400;\">Ficha de Mecenas \u2013 CASPAE<\/span><\/a><span style=\"font-weight: 400;\">. Por forma a cumprir o Regulamento Geral de Protec\u00e7\u00e3o de Dados (RGPD), na qualidade de Respons\u00e1veis pelo Tratamento dos seus dados pessoais o CASPAE solicitar\u00e1 o seu consentimento ao abrigo do artigo 6\u00ba do RGPD, conforme documento<\/span><a href=\"https:\/\/caspae.pt\/PT\/wp-content\/uploads\/2019\/12\/Politica-de-privacidade_CASPAE.pdf\"> <span style=\"font-weight: 400;\">Politica de Privacidade_CASPAE<\/span><\/a><span style=\"font-weight: 400;\">.<\/span><\/p>\n<p><span style=\"font-weight: 400;\">Para mais informa\u00e7\u00f5es contactar Gon\u00e7alo Martins \u2013 <\/span><a href=\"mailto:goncalo@caspae.pt\"><span style=\"font-weight: 400;\">goncalo@caspae.pt<\/span><\/a><\/p>\n<\/div><div class=\"fusion-image-element fusion-image-align-center in-legacy-container\" style=\"text-align:center;--awb-caption-title-font-family:var(--h2_typography-font-family);--awb-caption-title-font-weight:var(--h2_typography-font-weight);--awb-caption-title-font-style:var(--h2_typography-font-style);--awb-caption-title-size:var(--h2_typography-font-size);--awb-caption-title-transform:var(--h2_typography-text-transform);--awb-caption-title-line-height:var(--h2_typography-line-height);--awb-caption-title-letter-spacing:var(--h2_typography-letter-spacing);\"><div class=\"imageframe-align-center\"><span class=\" fusion-imageframe imageframe-none imageframe-1 hover-type-none\"><img decoding=\"async\" width=\"300\" height=\"300\" title=\"xr:d:DAFV3pjv4A8:216,j:1805241872081011640,t:24040911\" src=\"https:\/\/caspae.pt\/PT\/wp-content\/uploads\/2024\/05\/Goncalo-300x300.jpg\" alt class=\"img-responsive wp-image-15115\" srcset=\"https:\/\/caspae.pt\/PT\/wp-content\/uploads\/2024\/05\/Goncalo-200x200.jpg 200w, https:\/\/caspae.pt\/PT\/wp-content\/uploads\/2024\/05\/Goncalo-400x400.jpg 400w, https:\/\/caspae.pt\/PT\/wp-content\/uploads\/2024\/05\/Goncalo-600x600.jpg 600w, https:\/\/caspae.pt\/PT\/wp-content\/uploads\/2024\/05\/Goncalo-800x800.jpg 800w, https:\/\/caspae.pt\/PT\/wp-content\/uploads\/2024\/05\/Goncalo-1200x1200.jpg 1200w, https:\/\/caspae.pt\/PT\/wp-content\/uploads\/2024\/05\/Goncalo.jpg 1280w\" sizes=\"(max-width: 1000px) 100vw, 1200px\" \/><\/span><\/div><\/div><div class=\"fusion-sep-clear\"><\/div><div class=\"fusion-separator fusion-full-width-sep\" style=\"margin-left: auto;margin-right: auto;margin-top:20px;width:100%;\"><\/div><div class=\"fusion-sep-clear\"><\/div><div class=\"fusion-button-wrapper fusion-aligncenter\"><a class=\"fusion-button button-flat fusion-button-default-size button-default fusion-button-default button-1 fusion-button-default-span fusion-button-default-type\" target=\"_self\" href=\"https:\/\/docs.google.com\/forms\/d\/e\/1FAIpQLSdMo-K0hP8P-WdVJ1XKMFucIrLpQ_2vsRz9hgS6-tQ3pgTDKw\/viewform\"><span class=\"fusion-button-text awb-button__text awb-button__text--default\">Seja Mecenas<\/span><\/a><\/div><div class=\"fusion-sep-clear\"><\/div><div class=\"fusion-separator fusion-full-width-sep\" style=\"margin-left: auto;margin-right: auto;margin-top:20px;width:100%;\"><\/div><div class=\"fusion-sep-clear\"><\/div><div class=\"fusion-button-wrapper fusion-aligncenter\"><a class=\"fusion-button button-flat fusion-button-default-size button-default fusion-button-default button-2 fusion-button-default-span fusion-button-default-type\" target=\"_self\" href=\"https:\/\/caspae.pt\/PT\/regulamento-geral-de-protecao-de-dados\/\"><span class=\"fusion-button-text awb-button__text awb-button__text--default\">Pol\u00edtica de Privacidade de Dados<\/span><\/a><\/div><div class=\"fusion-sep-clear\"><\/div><div class=\"fusion-separator fusion-full-width-sep\" style=\"margin-left: auto;margin-right: auto;margin-top:10px;width:100%;\"><\/div><div class=\"fusion-sep-clear\"><\/div><div class=\"fusion-clearfix\"><\/div><\/div><\/div><\/div><\/div><div class=\"fusion-fullwidth fullwidth-box fusion-builder-row-2 has-pattern-background has-mask-background nonhundred-percent-fullwidth non-hundred-percent-height-scrolling fusion-no-small-visibility\" style=\"--awb-border-radius-top-left:0px;--awb-border-radius-top-right:0px;--awb-border-radius-bottom-right:0px;--awb-border-radius-bottom-left:0px;--awb-flex-wrap:wrap;\" ><div class=\"fusion-builder-row fusion-row\"><div class=\"fusion-layout-column fusion_builder_column fusion-builder-column-1 fusion_builder_column_1_1 1_1 fusion-one-full fusion-column-first fusion-column-last fusion-animated\" style=\"--awb-bg-size:cover;\" data-animationType=\"fadeInRight\" data-animationDuration=\"0.8\" data-animationOffset=\"top-into-view\"><div class=\"fusion-column-wrapper fusion-flex-column-wrapper-legacy\"><div class=\"fusion-title title fusion-title-2 fusion-sep-none fusion-title-text fusion-title-size-three\" style=\"--awb-margin-bottom:5px;--awb-margin-top-small:0px;--awb-margin-right-small:0px;--awb-margin-bottom-small:20px;--awb-margin-left-small:0px;\"><h3 class=\"fusion-title-heading title-heading-left fusion-responsive-typography-calculated\" style=\"margin:0;--fontSize:26;--minFontSize:26;line-height:1.3;\"><p style=\"text-align: center;\">Campanha Solid\u00e1ria<\/p><\/h3><\/div><div class=\"fusion-sep-clear\"><\/div><div class=\"fusion-separator fusion-full-width-sep\" style=\"margin-left: auto;margin-right: auto;margin-top:15px;margin-bottom:15px;width:100%;\"><div class=\"fusion-separator-border sep-single sep-solid\" style=\"--awb-height:20px;--awb-amount:20px;border-color:#ecefef;border-top-width:1px;\"><\/div><\/div><div class=\"fusion-sep-clear\"><\/div><div class=\"fusion-text fusion-text-4\"><p><span style=\"font-weight: 400;\">&#8220;Quanto Vale este Sorriso&#8221; \u00e9 a grande campanha solid\u00e1ria, levada a cabo pelo CASPAE, que integra a realiza\u00e7\u00e3o de diversas atividades, tendo por \u00fanico objetivo reunir o m\u00e1ximo de fundos para que se possa combater a pobreza e a exclus\u00e3o social das crian\u00e7as e jovens bem como de outros p\u00fablicos carenciados.<\/span><\/p>\n<p><span style=\"font-weight: 400;\">O CASPAE, como Institui\u00e7\u00e3o Particular de Solidariedade Social, registada com o n.\u00ba 89\/01, e reconhecida como Institui\u00e7\u00e3o de Utilidade P\u00fablica, est\u00e1 abrangida pela Lei do Mecenato (benef\u00edcio fiscal em sede de IRC e IRS). Poder\u00e1 tornar-se um Mecenas da Institui\u00e7\u00e3o atrav\u00e9s de v\u00e1rias formas:<\/span><\/p>\n<\/div><div class=\"fusion-clearfix\"><\/div><\/div><\/div><div class=\"fusion-layout-column fusion_builder_column fusion-builder-column-2 fusion_builder_column_2_3 2_3 fusion-two-third fusion-column-first fusion-animated\" style=\"--awb-bg-size:cover;--awb-margin-top:-40px;width:66.666666666667%;width:calc(66.666666666667% - ( ( 10% ) * 0.66666666666667 ) );margin-right: 10%;\" data-animationType=\"fadeInRight\" data-animationDuration=\"0.8\" data-animationOffset=\"top-into-view\" data-scroll-devices=\"small-visibility,medium-visibility,large-visibility\"><div class=\"fusion-column-wrapper fusion-column-has-shadow fusion-flex-column-wrapper-legacy\"><div class=\"fusion-text fusion-text-5\"><ul>\n<li style=\"font-weight: 400;\" aria-level=\"1\"><span style=\"font-weight: 400;\">Apoio financeiro \u00e0 Institui\u00e7\u00e3o<\/span><\/li>\n<li style=\"font-weight: 400;\" aria-level=\"1\"><span style=\"font-weight: 400;\">Apoio em g\u00e9neros alimentares para distribui\u00e7\u00e3o em campanhas<\/span><\/li>\n<li style=\"font-weight: 400;\" aria-level=\"1\"><span style=\"font-weight: 400;\">Apoio com bens consum\u00edveis para a Institui\u00e7\u00e3o<\/span><\/li>\n<li style=\"font-weight: 400;\" aria-level=\"1\"><span style=\"font-weight: 400;\">Apoio com vestu\u00e1rio para distribui\u00e7\u00e3o em campanhas<\/span><\/li>\n<li style=\"font-weight: 400;\" aria-level=\"1\"><span style=\"font-weight: 400;\">Constituindo-se como tutor de utente da Institui\u00e7\u00e3o<\/span><\/li>\n<li style=\"font-weight: 400;\" aria-level=\"1\"><span style=\"font-weight: 400;\">Doa\u00e7\u00e3o de equipamento e\/ou bens im\u00f3veis \u00e0 Institui\u00e7\u00e3o<\/span><\/li>\n<\/ul>\n<\/div><div class=\"fusion-text fusion-text-6\"><blockquote>\n<p><strong><i>&#8220;Muitos mencionam que a doa\u00e7\u00e3o gera bem-estar, felicidade, satisfa\u00e7\u00e3o, conforto, prazer em ajudar, realiza\u00e7\u00e3o plena e alegria&#8221; (Souza &amp; Freitas, 2019).<\/i><\/strong><\/p>\n<\/blockquote>\n<\/div><div class=\"fusion-text fusion-text-7\"><p><span style=\"font-weight: 400;\">Para se tornar Mecenas do CASPAE poder\u00e1 preencher e submeter o formul\u00e1rio<\/span><a href=\"https:\/\/docs.google.com\/forms\/d\/e\/1FAIpQLSdMo-K0hP8P-WdVJ1XKMFucIrLpQ_2vsRz9hgS6-tQ3pgTDKw\/viewform\"> <span style=\"font-weight: 400;\">Ficha de Mecenas \u2013 CASPAE<\/span><\/a><span style=\"font-weight: 400;\">. Por forma a cumprir o Regulamento Geral de Protec\u00e7\u00e3o de Dados (RGPD), na qualidade de Respons\u00e1veis pelo Tratamento dos seus dados pessoais o CASPAE solicitar\u00e1 o seu consentimento ao abrigo do artigo 6\u00ba do RGPD, conforme documento<\/span><a href=\"https:\/\/caspae.pt\/PT\/wp-content\/uploads\/2019\/12\/Politica-de-privacidade_CASPAE.pdf\"> <span style=\"font-weight: 400;\">Politica de Privacidade_CASPAE<\/span><\/a><span style=\"font-weight: 400;\">.<\/span><\/p>\n<p><span style=\"font-weight: 400;\">Para mais informa\u00e7\u00f5es contactar Gon\u00e7alo Martins \u2013 <\/span><a href=\"mailto:goncalo@caspae.pt\"><span style=\"font-weight: 400;\">goncalo@caspae.pt<\/span><\/a><\/p>\n<\/div><div class=\"fusion-builder-row fusion-builder-row-inner fusion-row\"><div class=\"fusion-layout-column fusion_builder_column_inner fusion-builder-nested-column-0 fusion_builder_column_inner_1_3 1_3 fusion-one-third fusion-column-first\" style=\"--awb-bg-size:cover;width:33.333333333333%;width:calc(33.333333333333% - ( ( 4% + 4% ) * 0.33333333333333 ) );margin-right: 4%;\"><div class=\"fusion-column-wrapper fusion-column-has-shadow fusion-flex-column-wrapper-legacy\"><div class=\"fusion-button-wrapper fusion-alignleft\"><a class=\"fusion-button button-flat fusion-button-default-size button-default fusion-button-default button-3 fusion-button-default-span fusion-button-default-type\" target=\"_self\" href=\"https:\/\/docs.google.com\/forms\/d\/e\/1FAIpQLSdMo-K0hP8P-WdVJ1XKMFucIrLpQ_2vsRz9hgS6-tQ3pgTDKw\/viewform\"><span class=\"fusion-button-text awb-button__text awb-button__text--default\">Seja Mecenas<\/span><\/a><\/div><div class=\"fusion-clearfix\"><\/div><\/div><\/div><div class=\"fusion-layout-column fusion_builder_column_inner fusion-builder-nested-column-1 fusion_builder_column_inner_1_2 1_2 fusion-one-half\" style=\"--awb-bg-size:cover;width:50%;width:calc(50% - ( ( 4% + 4% ) * 0.5 ) );margin-right: 4%;\"><div class=\"fusion-column-wrapper fusion-column-has-shadow fusion-flex-column-wrapper-legacy\"><div class=\"fusion-button-wrapper fusion-alignleft\"><a class=\"fusion-button button-flat fusion-button-default-size button-default fusion-button-default button-4 fusion-button-default-span fusion-button-default-type\" target=\"_self\" href=\"https:\/\/caspae.pt\/PT\/regulamento-geral-de-protecao-de-dados\/\"><span class=\"fusion-button-text awb-button__text awb-button__text--default\">Pol\u00edtica de Privacidade de Dados<\/span><\/a><\/div><div class=\"fusion-clearfix\"><\/div><\/div><\/div><div class=\"fusion-layout-column fusion_builder_column_inner fusion-builder-nested-column-2 fusion_builder_column_inner_1_6 1_6 fusion-one-sixth fusion-column-last\" style=\"--awb-bg-size:cover;width:16.666666666667%;width:calc(16.666666666667% - ( ( 4% + 4% ) * 0.16666666666667 ) );\"><div class=\"fusion-column-wrapper fusion-column-has-shadow fusion-flex-column-wrapper-legacy\"><div class=\"fusion-clearfix\"><\/div><\/div><\/div><\/div><div class=\"fusion-clearfix\"><\/div><\/div><\/div><div class=\"fusion-layout-column fusion_builder_column fusion-builder-column-3 fusion_builder_column_1_3 1_3 fusion-one-third fusion-column-last fusion-animated\" style=\"--awb-bg-size:cover;width:33.333333333333%;width:calc(33.333333333333% - ( ( 10% ) * 0.33333333333333 ) );\" data-animationType=\"fadeInRight\" data-animationDuration=\"0.8\" data-animationOffset=\"top-into-view\"><div class=\"fusion-column-wrapper fusion-flex-column-wrapper-legacy\"><div class=\"fusion-image-element fusion-image-align-center in-legacy-container\" style=\"text-align:center;--awb-caption-title-font-family:var(--h2_typography-font-family);--awb-caption-title-font-weight:var(--h2_typography-font-weight);--awb-caption-title-font-style:var(--h2_typography-font-style);--awb-caption-title-size:var(--h2_typography-font-size);--awb-caption-title-transform:var(--h2_typography-text-transform);--awb-caption-title-line-height:var(--h2_typography-line-height);--awb-caption-title-letter-spacing:var(--h2_typography-letter-spacing);\"><div class=\"imageframe-align-center\"><span class=\" fusion-imageframe imageframe-none imageframe-2 hover-type-none\"><img decoding=\"async\" width=\"300\" height=\"300\" title=\"xr:d:DAFV3pjv4A8:216,j:1805241872081011640,t:24040911\" src=\"https:\/\/caspae.pt\/PT\/wp-content\/uploads\/2024\/05\/Goncalo-300x300.jpg\" alt class=\"img-responsive wp-image-15115\" srcset=\"https:\/\/caspae.pt\/PT\/wp-content\/uploads\/2024\/05\/Goncalo-200x200.jpg 200w, https:\/\/caspae.pt\/PT\/wp-content\/uploads\/2024\/05\/Goncalo-400x400.jpg 400w, https:\/\/caspae.pt\/PT\/wp-content\/uploads\/2024\/05\/Goncalo-600x600.jpg 600w, https:\/\/caspae.pt\/PT\/wp-content\/uploads\/2024\/05\/Goncalo-800x800.jpg 800w, https:\/\/caspae.pt\/PT\/wp-content\/uploads\/2024\/05\/Goncalo-1200x1200.jpg 1200w, https:\/\/caspae.pt\/PT\/wp-content\/uploads\/2024\/05\/Goncalo.jpg 1280w\" sizes=\"(max-width: 1000px) 100vw, 400px\" \/><\/span><\/div><\/div><div class=\"fusion-sep-clear\"><\/div><div class=\"fusion-separator fusion-full-width-sep\" style=\"margin-left: auto;margin-right: auto;margin-top:20px;width:100%;\"><\/div><div class=\"fusion-sep-clear\"><\/div><div class=\"aligncenter\"><div class=\"fusion-social-links fusion-social-links-1\" style=\"--awb-margin-top:0px;--awb-margin-right:0px;--awb-margin-bottom:0px;--awb-margin-left:0px;--awb-alignment:center;--awb-box-border-top:0px;--awb-box-border-right:0px;--awb-box-border-bottom:0px;--awb-box-border-left:0px;--awb-icon-colors-hover:rgba(150,159,172,0.8);--awb-box-colors-hover:rgba(150,159,172,0.096);--awb-box-border-color:var(--awb-color3);--awb-box-border-color-hover:var(--awb-color4);\"><div class=\"fusion-social-networks color-type-custom\"><div class=\"fusion-social-networks-wrapper\"><a class=\"fusion-social-network-icon fusion-tooltip fusion-facebook awb-icon-facebook\" style=\"color:#969fac;font-size:16px;\" data-placement=\"top\" data-title=\"Facebook\" data-toggle=\"tooltip\" title=\"Facebook\" aria-label=\"facebook\" target=\"_blank\" rel=\"noopener noreferrer\" href=\"https:\/\/www.facebook.com\/CASPAEIPSS\"><\/a><a class=\"fusion-social-network-icon fusion-tooltip fusion-mail awb-icon-mail\" style=\"color:#969fac;font-size:16px;\" data-placement=\"top\" data-title=\"Email (necess\u00e1rio mas n\u00e3o publicado)\" data-toggle=\"tooltip\" title=\"Email (necess\u00e1rio mas n\u00e3o publicado)\" aria-label=\"mail\" target=\"_blank\" rel=\"noopener noreferrer\" href=\"mailto:&#103;&#111;&#110;&#099;&#097;&#108;&#111;&#064;&#099;&#097;spae.&#112;&#116;\"><\/a><a class=\"fusion-social-network-icon fusion-tooltip fusion-instagram awb-icon-instagram\" style=\"color:#969fac;font-size:16px;\" data-placement=\"top\" data-title=\"Instagram\" data-toggle=\"tooltip\" title=\"Instagram\" aria-label=\"instagram\" target=\"_blank\" rel=\"noopener noreferrer\" href=\"https:\/\/www.instagram.com\/caspae\/\"><\/a><a class=\"fusion-social-network-icon fusion-tooltip fusion-linkedin awb-icon-linkedin\" style=\"color:#969fac;font-size:16px;\" data-placement=\"top\" data-title=\"LinkedIn\" data-toggle=\"tooltip\" title=\"LinkedIn\" aria-label=\"linkedin\" target=\"_blank\" rel=\"noopener noreferrer\" href=\"https:\/\/www.linkedin.com\/company\/1021426\"><\/a><\/div><\/div><\/div><\/div><div class=\"fusion-clearfix\"><\/div><\/div><\/div><\/div><\/div><\/p>\n","protected":false},"excerpt":{"rendered":"","protected":false},"author":1,"featured_media":0,"parent":0,"menu_order":0,"comment_status":"closed","ping_status":"closed","template":"100-width.php","meta":{"footnotes":""},"class_list":["post-2664","page","type-page","status-publish","hentry"],"_links":{"self":[{"href":"https:\/\/caspae.pt\/PT\/wp-json\/wp\/v2\/pages\/2664","targetHints":{"allow":["GET"]}}],"collection":[{"href":"https:\/\/caspae.pt\/PT\/wp-json\/wp\/v2\/pages"}],"about":[{"href":"https:\/\/caspae.pt\/PT\/wp-json\/wp\/v2\/types\/page"}],"author":[{"embeddable":true,"href":"https:\/\/caspae.pt\/PT\/wp-json\/wp\/v2\/users\/1"}],"replies":[{"embeddable":true,"href":"https:\/\/caspae.pt\/PT\/wp-json\/wp\/v2\/comments?post=2664"}],"version-history":[{"count":36,"href":"https:\/\/caspae.pt\/PT\/wp-json\/wp\/v2\/pages\/2664\/revisions"}],"predecessor-version":[{"id":15534,"href":"https:\/\/caspae.pt\/PT\/wp-json\/wp\/v2\/pages\/2664\/revisions\/15534"}],"wp:attachment":[{"href":"https:\/\/caspae.pt\/PT\/wp-json\/wp\/v2\/media?parent=2664"}],"curies":[{"name":"wp","href":"https:\/\/api.w.org\/{rel}","templated":true}]}}