{"id":2645,"date":"2019-12-26T11:52:40","date_gmt":"2019-12-26T11:52:40","guid":{"rendered":"https:\/\/caspae.pt\/PT\/?page_id=2645"},"modified":"2024-05-28T21:17:07","modified_gmt":"2024-05-28T21:17:07","slug":"socio","status":"publish","type":"page","link":"https:\/\/caspae.pt\/PT\/socio\/","title":{"rendered":"S\u00f3cio"},"content":{"rendered":"<p><div class=\"fusion-fullwidth fullwidth-box fusion-builder-row-1 has-pattern-background has-mask-background nonhundred-percent-fullwidth non-hundred-percent-height-scrolling fusion-no-large-visibility\" style=\"--awb-border-radius-top-left:0px;--awb-border-radius-top-right:0px;--awb-border-radius-bottom-right:0px;--awb-border-radius-bottom-left:0px;--awb-flex-wrap:wrap;\" ><div class=\"fusion-builder-row fusion-row\"><div class=\"fusion-layout-column fusion_builder_column fusion-builder-column-0 fusion_builder_column_1_1 1_1 fusion-one-full fusion-column-first fusion-column-last fusion-animated\" style=\"--awb-bg-size:cover;\" data-animationType=\"fadeInRight\" data-animationDuration=\"0.8\" data-animationOffset=\"top-into-view\"><div class=\"fusion-column-wrapper fusion-flex-column-wrapper-legacy\"><div class=\"fusion-title title fusion-title-1 fusion-sep-none fusion-title-text fusion-title-size-three\" style=\"--awb-margin-bottom:5px;--awb-margin-top-small:0px;--awb-margin-right-small:0px;--awb-margin-bottom-small:20px;--awb-margin-left-small:0px;\"><h3 class=\"fusion-title-heading title-heading-left fusion-responsive-typography-calculated\" style=\"margin:0;--fontSize:26;--minFontSize:26;line-height:1.3;\"><p style=\"text-align: center;\">Torne-se S\u00f3cio do CASPAE<\/p><\/h3><\/div><div class=\"fusion-sep-clear\"><\/div><div class=\"fusion-separator fusion-full-width-sep\" style=\"margin-left: auto;margin-right: auto;margin-top:15px;margin-bottom:15px;width:100%;\"><div class=\"fusion-separator-border sep-single sep-solid\" style=\"--awb-height:20px;--awb-amount:20px;border-color:#ecefef;border-top-width:1px;\"><\/div><\/div><div class=\"fusion-sep-clear\"><\/div><div class=\"fusion-text fusion-text-1\"><p>O CASPAE pauta-se por uma vincada finalidade social, recreativa, pedag\u00f3gica e de forma\u00e7\u00e3o, assumindo-se como uma institui\u00e7\u00e3o vocacionada para o apoio a jovens, adultos dependentes e idosos.<\/p>\n<\/div><div class=\"fusion-text fusion-text-2\"><p><span style=\"font-weight: 400;\">Ser s\u00f3cio do CASPAE \u00e9 poder contribuir para a melhoria da qualidade de vida dos nossos Clientes, \u00e9 ser parte da Institui\u00e7\u00e3o. Ajude-nos a saber cuidar bem de quem precisa.<\/span><\/p>\n<\/div><div class=\"fusion-text fusion-text-3\"><p><b>Ao S\u00f3cio<\/b><\/p>\n<ul>\n<li style=\"font-weight: 400;\" aria-level=\"1\"><span style=\"font-weight: 400;\">Contribuir\u00e1 apenas com uma quota anual (15 euros) que ser\u00e1 deduzida no seu IRS;<\/span><\/li>\n<li style=\"font-weight: 400;\" aria-level=\"1\"><span style=\"font-weight: 400;\">Participar\u00e1 em todas as atividades promovidas ou apoiadas pela institu\u00e7\u00e3o;<\/span><\/li>\n<li style=\"font-weight: 400;\" aria-level=\"1\"><span style=\"font-weight: 400;\">Acompanhar\u00e1 a sua gest\u00e3o pelo qua poder\u00e1 aceder \u00e0 informa\u00e7\u00e3o relevante atrav\u00e9s de consulta dos documentos que s\u00e3o apresentados nas Assembleias Gerais e disponibilizados neste site;<\/span><\/li>\n<li style=\"font-weight: 400;\" aria-level=\"1\"><span style=\"font-weight: 400;\">Ser\u00e1 parte integrante da nossa estrutura.<\/span><\/li>\n<\/ul>\n<\/div><div class=\"fusion-text fusion-text-4\"><blockquote>\n<p><strong><i>\u201cO associativismo \u00e9 uma forma de coopera\u00e7\u00e3o, processo utilizado desde os primeiros habitantes deste planeta, em momentos no qual se tornava dif\u00edcil a solu\u00e7\u00e3o de problemas de forma individualizada\u201c (Pereira, Silva &amp; Santos, 2014).<\/i><\/strong><\/p>\n<\/blockquote>\n<\/div><div class=\"fusion-sep-clear\"><\/div><div class=\"fusion-separator fusion-full-width-sep\" style=\"margin-left: auto;margin-right: auto;margin-top:15px;margin-bottom:15px;width:100%;\"><div class=\"fusion-separator-border sep-single sep-solid\" style=\"--awb-height:20px;--awb-amount:20px;border-color:#ecefef;border-top-width:1px;\"><\/div><\/div><div class=\"fusion-sep-clear\"><\/div><div class=\"fusion-text fusion-text-5\"><p><span style=\"font-weight: 400;\">Para tornar-se s\u00f3cio da Institui\u00e7\u00e3o poder\u00e1 preencher e submeter o formul\u00e1rio<\/span><a href=\"https:\/\/docs.google.com\/forms\/d\/e\/1FAIpQLSeiy1avoc7AEn9aSh20q2JEqrwXkDTj-JIEjphzrhmwjDV9zA\/viewform\"> <span style=\"font-weight: 400;\">Ficha de S\u00f3cio \u2013 CASPAE<\/span><\/a><span style=\"font-weight: 400;\">. Por forma a cumprir o Regulamento Geral de Protec\u00e7\u00e3o de Dados (RGPD), na qualidade de Respons\u00e1veis pelo Tratamento dos seus dados pessoais o CASPAE solicitar\u00e1 o seu consentimento ao abrigo do artigo 6\u00ba do RGPD, conforme documento Politica de Privacidade \u2013 CASPAE.<\/span><\/p>\n<p><span style=\"font-weight: 400;\">Para mais informa\u00e7\u00f5es contactar V\u00e2nia Carvalho \u2013 <a href=\"mailto:vania@caspae.pt\">vania@caspae.pt<\/a><\/span><\/p>\n<\/div><div class=\"fusion-sep-clear\"><\/div><div class=\"fusion-separator fusion-full-width-sep\" style=\"margin-left: auto;margin-right: auto;margin-top:10px;margin-bottom:10px;width:100%;\"><\/div><div class=\"fusion-sep-clear\"><\/div><div class=\"fusion-image-element fusion-image-align-center fusion-no-large-visibility in-legacy-container\" style=\"text-align:center;--awb-caption-title-font-family:var(--h2_typography-font-family);--awb-caption-title-font-weight:var(--h2_typography-font-weight);--awb-caption-title-font-style:var(--h2_typography-font-style);--awb-caption-title-size:var(--h2_typography-font-size);--awb-caption-title-transform:var(--h2_typography-text-transform);--awb-caption-title-line-height:var(--h2_typography-line-height);--awb-caption-title-letter-spacing:var(--h2_typography-letter-spacing);\"><div class=\"imageframe-align-center\"><span class=\" fusion-imageframe imageframe-none imageframe-1 hover-type-none\"><img decoding=\"async\" width=\"1280\" height=\"1280\" title=\"V\u00e0nia &#8211; s\u00f3cios\" src=\"https:\/\/caspae.pt\/PT\/wp-content\/uploads\/2024\/05\/Vania-socios.jpg\" alt class=\"img-responsive wp-image-15235\" srcset=\"https:\/\/caspae.pt\/PT\/wp-content\/uploads\/2024\/05\/Vania-socios-200x200.jpg 200w, https:\/\/caspae.pt\/PT\/wp-content\/uploads\/2024\/05\/Vania-socios-400x400.jpg 400w, https:\/\/caspae.pt\/PT\/wp-content\/uploads\/2024\/05\/Vania-socios-600x600.jpg 600w, https:\/\/caspae.pt\/PT\/wp-content\/uploads\/2024\/05\/Vania-socios-800x800.jpg 800w, https:\/\/caspae.pt\/PT\/wp-content\/uploads\/2024\/05\/Vania-socios-1200x1200.jpg 1200w, https:\/\/caspae.pt\/PT\/wp-content\/uploads\/2024\/05\/Vania-socios.jpg 1280w\" sizes=\"(max-width: 1000px) 100vw, 1200px\" \/><\/span><\/div><\/div><div class=\"fusion-sep-clear\"><\/div><div class=\"fusion-separator fusion-full-width-sep\" style=\"margin-left: auto;margin-right: auto;margin-top:10px;width:100%;\"><\/div><div class=\"fusion-sep-clear\"><\/div><div class=\"fusion-button-wrapper fusion-aligncenter\"><a class=\"fusion-button button-flat fusion-button-default-size button-default fusion-button-default button-1 fusion-button-default-span fusion-button-default-type fusion-no-large-visibility\" target=\"_self\" href=\"https:\/\/docs.google.com\/forms\/d\/e\/1FAIpQLSeiy1avoc7AEn9aSh20q2JEqrwXkDTj-JIEjphzrhmwjDV9zA\/viewform\"><span class=\"fusion-button-text awb-button__text awb-button__text--default\">Ficha de s\u00f3cio<\/span><\/a><\/div><div class=\"fusion-sep-clear\"><\/div><div class=\"fusion-separator fusion-full-width-sep\" style=\"margin-left: auto;margin-right: auto;margin-top:10px;width:100%;\"><\/div><div class=\"fusion-sep-clear\"><\/div><div class=\"fusion-button-wrapper fusion-aligncenter\"><a class=\"fusion-button button-flat fusion-button-default-size button-default fusion-button-default button-2 fusion-button-default-span fusion-button-default-type fusion-no-large-visibility\" target=\"_self\" href=\"https:\/\/caspae.pt\/PT\/regulamento-geral-de-protecao-de-dados\/\"><span class=\"fusion-button-text awb-button__text awb-button__text--default\">Pol\u00edtica de Privacidade de Dados<\/span><\/a><\/div><div class=\"fusion-clearfix\"><\/div><\/div><\/div><\/div><\/div><div class=\"fusion-fullwidth fullwidth-box fusion-builder-row-2 has-pattern-background has-mask-background nonhundred-percent-fullwidth non-hundred-percent-height-scrolling fusion-no-small-visibility fusion-no-medium-visibility\" style=\"--awb-border-radius-top-left:0px;--awb-border-radius-top-right:0px;--awb-border-radius-bottom-right:0px;--awb-border-radius-bottom-left:0px;--awb-flex-wrap:wrap;\" ><div class=\"fusion-builder-row fusion-row\"><div class=\"fusion-layout-column fusion_builder_column fusion-builder-column-1 fusion_builder_column_1_1 1_1 fusion-one-full fusion-column-first fusion-column-last fusion-animated\" style=\"--awb-bg-size:cover;\" data-animationType=\"fadeInRight\" data-animationDuration=\"0.8\" data-animationOffset=\"top-into-view\"><div class=\"fusion-column-wrapper fusion-flex-column-wrapper-legacy\"><div class=\"fusion-title title fusion-title-2 fusion-sep-none fusion-title-text fusion-title-size-three\" style=\"--awb-margin-bottom:5px;--awb-margin-top-small:0px;--awb-margin-right-small:0px;--awb-margin-bottom-small:20px;--awb-margin-left-small:0px;\"><h3 class=\"fusion-title-heading title-heading-left fusion-responsive-typography-calculated\" style=\"margin:0;--fontSize:26;--minFontSize:26;line-height:1.3;\"><p style=\"text-align: center;\">Torne-se S\u00f3cio do CASPAE<\/p><\/h3><\/div><div class=\"fusion-sep-clear\"><\/div><div class=\"fusion-separator fusion-full-width-sep\" style=\"margin-left: auto;margin-right: auto;margin-top:15px;margin-bottom:15px;width:100%;\"><div class=\"fusion-separator-border sep-single sep-solid\" style=\"--awb-height:20px;--awb-amount:20px;border-color:#ecefef;border-top-width:1px;\"><\/div><\/div><div class=\"fusion-sep-clear\"><\/div><div class=\"fusion-text fusion-text-6\"><p>O CASPAE pauta-se por uma vincada finalidade social, recreativa, pedag\u00f3gica e de forma\u00e7\u00e3o, assumindo-se como uma institui\u00e7\u00e3o vocacionada para o apoio a jovens, adultos dependentes e idosos.<\/p>\n<\/div><div class=\"fusion-text fusion-text-7\"><p><span style=\"font-weight: 400;\">Ser s\u00f3cio do CASPAE \u00e9 poder contribuir para a melhoria da qualidade de vida dos nossos Clientes, \u00e9 ser parte da Institui\u00e7\u00e3o. Ajude-nos a saber cuidar bem de quem precisa.<\/span><\/p>\n<\/div><div class=\"fusion-clearfix\"><\/div><\/div><\/div><div class=\"fusion-layout-column fusion_builder_column fusion-builder-column-2 fusion_builder_column_2_3 2_3 fusion-two-third fusion-column-first fusion-animated\" style=\"--awb-bg-size:cover;width:66.666666666667%;width:calc(66.666666666667% - ( ( 10% ) * 0.66666666666667 ) );margin-right: 10%;\" data-animationType=\"fadeInRight\" data-animationDuration=\"0.8\" data-animationOffset=\"top-into-view\"><div class=\"fusion-column-wrapper fusion-flex-column-wrapper-legacy\"><div class=\"fusion-text fusion-text-8\"><p><b>Ao S\u00f3cio<\/b><\/p>\n<ul>\n<li style=\"font-weight: 400;\" aria-level=\"1\"><span style=\"font-weight: 400;\">Contribuir\u00e1 apenas com uma quota anual (15 euros) que ser\u00e1 deduzida no seu IRS;<\/span><\/li>\n<li style=\"font-weight: 400;\" aria-level=\"1\"><span style=\"font-weight: 400;\">Participar\u00e1 em todas as atividades promovidas ou apoiadas pela institu\u00e7\u00e3o;<\/span><\/li>\n<li style=\"font-weight: 400;\" aria-level=\"1\"><span style=\"font-weight: 400;\">Acompanhar\u00e1 a sua gest\u00e3o pelo qua poder\u00e1 aceder \u00e0 informa\u00e7\u00e3o relevante atrav\u00e9s de consulta dos documentos que s\u00e3o apresentados nas Assembleias Gerais e disponibilizados neste site;<\/span><\/li>\n<li style=\"font-weight: 400;\" aria-level=\"1\"><span style=\"font-weight: 400;\">Ser\u00e1 parte integrante da nossa estrutura.<\/span><\/li>\n<\/ul>\n<\/div><div class=\"fusion-text fusion-text-9\"><blockquote>\n<p><strong><i>\u201cO associativismo \u00e9 uma forma de coopera\u00e7\u00e3o, processo utilizado desde os primeiros habitantes deste planeta, em momentos no qual se tornava dif\u00edcil a solu\u00e7\u00e3o de problemas de forma individualizada\u201c (Pereira, Silva &amp; Santos, 2014).<\/i><\/strong><\/p>\n<\/blockquote>\n<\/div><div class=\"fusion-clearfix\"><\/div><\/div><\/div><div class=\"fusion-layout-column fusion_builder_column fusion-builder-column-3 fusion_builder_column_1_3 1_3 fusion-one-third fusion-column-last fusion-animated\" style=\"--awb-bg-size:cover;width:33.333333333333%;width:calc(33.333333333333% - ( ( 10% ) * 0.33333333333333 ) );\" data-animationType=\"fadeInRight\" data-animationDuration=\"0.8\" data-animationOffset=\"top-into-view\"><div class=\"fusion-column-wrapper fusion-flex-column-wrapper-legacy\"><div class=\"fusion-sep-clear\"><\/div><div class=\"fusion-separator fusion-full-width-sep\" style=\"margin-left: auto;margin-right: auto;margin-top:18%;width:100%;\"><\/div><div class=\"fusion-sep-clear\"><\/div><div class=\"fusion-image-element in-legacy-container\" style=\"--awb-caption-title-font-family:var(--h2_typography-font-family);--awb-caption-title-font-weight:var(--h2_typography-font-weight);--awb-caption-title-font-style:var(--h2_typography-font-style);--awb-caption-title-size:var(--h2_typography-font-size);--awb-caption-title-transform:var(--h2_typography-text-transform);--awb-caption-title-line-height:var(--h2_typography-line-height);--awb-caption-title-letter-spacing:var(--h2_typography-letter-spacing);\"><span class=\" fusion-imageframe imageframe-none imageframe-2 hover-type-none\"><img decoding=\"async\" width=\"1280\" height=\"1280\" title=\"V\u00e0nia &#8211; s\u00f3cios\" src=\"https:\/\/caspae.pt\/PT\/wp-content\/uploads\/2024\/05\/Vania-socios.jpg\" alt class=\"img-responsive wp-image-15235\" srcset=\"https:\/\/caspae.pt\/PT\/wp-content\/uploads\/2024\/05\/Vania-socios-200x200.jpg 200w, https:\/\/caspae.pt\/PT\/wp-content\/uploads\/2024\/05\/Vania-socios-400x400.jpg 400w, https:\/\/caspae.pt\/PT\/wp-content\/uploads\/2024\/05\/Vania-socios-600x600.jpg 600w, https:\/\/caspae.pt\/PT\/wp-content\/uploads\/2024\/05\/Vania-socios-800x800.jpg 800w, https:\/\/caspae.pt\/PT\/wp-content\/uploads\/2024\/05\/Vania-socios-1200x1200.jpg 1200w, https:\/\/caspae.pt\/PT\/wp-content\/uploads\/2024\/05\/Vania-socios.jpg 1280w\" sizes=\"(max-width: 1000px) 100vw, 400px\" \/><\/span><\/div><div class=\"fusion-clearfix\"><\/div><\/div><\/div><div class=\"fusion-layout-column fusion_builder_column fusion-builder-column-4 fusion_builder_column_1_1 1_1 fusion-one-full fusion-column-first fusion-column-last\" style=\"--awb-bg-size:cover;\"><div class=\"fusion-column-wrapper fusion-column-has-shadow fusion-flex-column-wrapper-legacy\"><div class=\"fusion-text fusion-text-10\"><p><span style=\"font-weight: 400;\">Para tornar-se s\u00f3cio da Institui\u00e7\u00e3o poder\u00e1 preencher e submeter o formul\u00e1rio<\/span><a href=\"https:\/\/docs.google.com\/forms\/d\/e\/1FAIpQLSeiy1avoc7AEn9aSh20q2JEqrwXkDTj-JIEjphzrhmwjDV9zA\/viewform\"> <span style=\"font-weight: 400;\">Ficha de S\u00f3cio \u2013 CASPAE<\/span><\/a><span style=\"font-weight: 400;\">. Por forma a cumprir o Regulamento Geral de Protec\u00e7\u00e3o de Dados (RGPD), na qualidade de Respons\u00e1veis pelo Tratamento dos seus dados pessoais o CASPAE solicitar\u00e1 o seu consentimento ao abrigo do artigo 6\u00ba do RGPD, conforme documento Politica de Privacidade \u2013 CASPAE.<\/span><\/p>\n<p><span style=\"font-weight: 400;\">Para mais informa\u00e7\u00f5es contactar V\u00e2nia Carvalho \u2013 <a href=\"mailto:vania@caspae.pt\">vania@caspae.pt<\/a><\/span><\/p>\n<\/div><div class=\"fusion-clearfix\"><\/div><\/div><\/div><div class=\"fusion-layout-column fusion_builder_column fusion-builder-column-5 fusion_builder_column_1_4 1_4 fusion-one-fourth fusion-column-first fusion-no-small-visibility fusion-no-medium-visibility\" style=\"--awb-bg-size:cover;width:25%;width:calc(25% - ( ( 4% + 4% + 4% ) * 0.25 ) );margin-right: 4%;\" data-scroll-devices=\"small-visibility,medium-visibility,large-visibility\"><div class=\"fusion-column-wrapper fusion-column-has-shadow fusion-flex-column-wrapper-legacy\"><div class=\"fusion-button-wrapper\"><a class=\"fusion-button button-flat fusion-button-default-size button-default fusion-button-default button-3 fusion-button-default-span fusion-button-default-type\" target=\"_self\" href=\"https:\/\/docs.google.com\/forms\/d\/e\/1FAIpQLSeiy1avoc7AEn9aSh20q2JEqrwXkDTj-JIEjphzrhmwjDV9zA\/viewform\"><span class=\"fusion-button-text awb-button__text awb-button__text--default\">Ficha de s\u00f3cio<\/span><\/a><\/div><div class=\"fusion-clearfix\"><\/div><\/div><\/div><div class=\"fusion-layout-column fusion_builder_column fusion-builder-column-6 fusion_builder_column_1_4 1_4 fusion-one-fourth\" style=\"--awb-bg-size:cover;width:25%;width:calc(25% - ( ( 4% + 4% + 4% ) * 0.25 ) );margin-right: 4%;\"><div class=\"fusion-column-wrapper fusion-column-has-shadow fusion-flex-column-wrapper-legacy\"><div class=\"fusion-button-wrapper fusion-aligncenter\"><a class=\"fusion-button button-flat fusion-button-default-size button-default fusion-button-default button-4 fusion-button-default-span fusion-button-default-type fusion-no-small-visibility fusion-no-medium-visibility\" target=\"_self\" href=\"https:\/\/caspae.pt\/PT\/regulamento-geral-de-protecao-de-dados\/\"><span class=\"fusion-button-text awb-button__text awb-button__text--default\">Pol\u00edtica de Privacidade de Dados<\/span><\/a><\/div><div class=\"fusion-clearfix\"><\/div><\/div><\/div><div class=\"fusion-layout-column fusion_builder_column fusion-builder-column-7 fusion_builder_column_1_4 1_4 fusion-one-fourth\" style=\"--awb-bg-size:cover;width:25%;width:calc(25% - ( ( 4% + 4% + 4% ) * 0.25 ) );margin-right: 4%;\"><div class=\"fusion-column-wrapper fusion-column-has-shadow fusion-flex-column-wrapper-legacy\"><div class=\"fusion-clearfix\"><\/div><\/div><\/div><div class=\"fusion-layout-column fusion_builder_column fusion-builder-column-8 fusion_builder_column_1_4 1_4 fusion-one-fourth fusion-column-last\" style=\"--awb-bg-size:cover;width:25%;width:calc(25% - ( ( 4% + 4% + 4% ) * 0.25 ) );\"><div class=\"fusion-column-wrapper fusion-column-has-shadow fusion-flex-column-wrapper-legacy\"><div class=\"fusion-clearfix\"><\/div><\/div><\/div><\/div><\/div><\/p>\n","protected":false},"excerpt":{"rendered":"","protected":false},"author":1,"featured_media":0,"parent":0,"menu_order":0,"comment_status":"closed","ping_status":"closed","template":"100-width.php","meta":{"footnotes":""},"class_list":["post-2645","page","type-page","status-publish","hentry"],"_links":{"self":[{"href":"https:\/\/caspae.pt\/PT\/wp-json\/wp\/v2\/pages\/2645","targetHints":{"allow":["GET"]}}],"collection":[{"href":"https:\/\/caspae.pt\/PT\/wp-json\/wp\/v2\/pages"}],"about":[{"href":"https:\/\/caspae.pt\/PT\/wp-json\/wp\/v2\/types\/page"}],"author":[{"embeddable":true,"href":"https:\/\/caspae.pt\/PT\/wp-json\/wp\/v2\/users\/1"}],"replies":[{"embeddable":true,"href":"https:\/\/caspae.pt\/PT\/wp-json\/wp\/v2\/comments?post=2645"}],"version-history":[{"count":43,"href":"https:\/\/caspae.pt\/PT\/wp-json\/wp\/v2\/pages\/2645\/revisions"}],"predecessor-version":[{"id":15536,"href":"https:\/\/caspae.pt\/PT\/wp-json\/wp\/v2\/pages\/2645\/revisions\/15536"}],"wp:attachment":[{"href":"https:\/\/caspae.pt\/PT\/wp-json\/wp\/v2\/media?parent=2645"}],"curies":[{"name":"wp","href":"https:\/\/api.w.org\/{rel}","templated":true}]}}