{"id":17781,"date":"2026-04-16T19:00:40","date_gmt":"2026-04-16T19:00:40","guid":{"rendered":"https:\/\/caspae.pt\/PT\/?page_id=17781"},"modified":"2026-04-17T13:55:51","modified_gmt":"2026-04-17T13:55:51","slug":"servico-sad","status":"publish","type":"page","link":"https:\/\/caspae.pt\/PT\/servico-sad\/","title":{"rendered":"SAD"},"content":{"rendered":"<div class=\"fusion-fullwidth fullwidth-box fusion-builder-row-1 fusion-flex-container has-pattern-background has-mask-background nonhundred-percent-fullwidth non-hundred-percent-height-scrolling\" style=\"--awb-border-radius-top-left:0px;--awb-border-radius-top-right:0px;--awb-border-radius-bottom-right:0px;--awb-border-radius-bottom-left:0px;--awb-flex-wrap:wrap;\" ><div class=\"fusion-builder-row fusion-row fusion-flex-align-items-flex-start fusion-flex-content-wrap\" style=\"max-width:1206.4px;margin-left: calc(-4% \/ 2 );margin-right: calc(-4% \/ 2 );\"><div class=\"fusion-layout-column fusion_builder_column fusion-builder-column-0 fusion_builder_column_1_1 1_1 fusion-flex-column\" style=\"--awb-bg-size:cover;--awb-width-large:100%;--awb-margin-top-large:25px;--awb-spacing-right-large:1.92%;--awb-margin-bottom-large:25px;--awb-spacing-left-large:1.92%;--awb-width-medium:100%;--awb-order-medium:0;--awb-spacing-right-medium:1.92%;--awb-spacing-left-medium:1.92%;--awb-width-small:100%;--awb-order-small:0;--awb-spacing-right-small:1.92%;--awb-spacing-left-small:1.92%;\"><div class=\"fusion-column-wrapper fusion-column-has-shadow fusion-flex-justify-content-flex-start fusion-content-layout-column\"><div class=\"fusion-text fusion-text-1\"><p>\u00c9 uma Resposta Social t\u00edpica, dirigida a indiv\u00edduos e fam\u00edlias, prioritariamente a pessoas idosas e em situa\u00e7\u00e3o de depend\u00eancia.<\/p>\n<p>Visa contribuir para a melhoria da qualidade de vida garantindo a satisfa\u00e7\u00e3o das necessidades b\u00e1sicas e atividades di\u00e1rias dos seus utentes, no seu pr\u00f3prio domic\u00edlio, nomeadamente refei\u00e7\u00f5es, higiene habitacional e pessoal, acompanhamento do utente em desloca\u00e7\u00f5es ao exterior, entre outros.<\/p>\n<\/div><\/div><\/div><div class=\"fusion-layout-column fusion_builder_column fusion-builder-column-1 fusion_builder_column_1_1 1_1 fusion-flex-column\" style=\"--awb-bg-size:cover;--awb-width-large:100%;--awb-margin-top-large:25px;--awb-spacing-right-large:1.92%;--awb-margin-bottom-large:25px;--awb-spacing-left-large:1.92%;--awb-width-medium:100%;--awb-order-medium:0;--awb-spacing-right-medium:1.92%;--awb-spacing-left-medium:1.92%;--awb-width-small:100%;--awb-order-small:0;--awb-spacing-right-small:1.92%;--awb-spacing-left-small:1.92%;\"><div class=\"fusion-column-wrapper fusion-column-has-shadow fusion-flex-justify-content-flex-start fusion-content-layout-column\"><div class=\"fusion-builder-row fusion-builder-row-inner fusion-row fusion-flex-align-items-flex-start fusion-flex-justify-content-center fusion-flex-content-wrap\" style=\"--awb-flex-grow:0;--awb-flex-grow-medium:0;--awb-flex-grow-small:0;--awb-flex-shrink:0;--awb-flex-shrink-medium:0;--awb-flex-shrink-small:0;width:104% !important;max-width:104% !important;margin-left: calc(-4% \/ 2 );margin-right: calc(-4% \/ 2 );\"><div class=\"fusion-layout-column fusion_builder_column_inner fusion-builder-nested-column-0 fusion_builder_column_inner_1_4 1_4 fusion-flex-column\" style=\"--awb-bg-size:cover;--awb-width-large:25%;--awb-margin-top-large:25px;--awb-spacing-right-large:7.68%;--awb-margin-bottom-large:25px;--awb-spacing-left-large:7.68%;--awb-width-medium:100%;--awb-order-medium:0;--awb-spacing-right-medium:1.92%;--awb-spacing-left-medium:1.92%;--awb-width-small:100%;--awb-order-small:0;--awb-spacing-right-small:1.92%;--awb-spacing-left-small:1.92%;\"><div class=\"fusion-column-wrapper fusion-column-has-shadow fusion-flex-justify-content-flex-start fusion-content-layout-column\"><div class=\"fusion-image-element \" style=\"text-align:center;--awb-caption-title-font-family:var(--h2_typography-font-family);--awb-caption-title-font-weight:var(--h2_typography-font-weight);--awb-caption-title-font-style:var(--h2_typography-font-style);--awb-caption-title-size:var(--h2_typography-font-size);--awb-caption-title-transform:var(--h2_typography-text-transform);--awb-caption-title-line-height:var(--h2_typography-line-height);--awb-caption-title-letter-spacing:var(--h2_typography-letter-spacing);\"><span class=\" fusion-imageframe imageframe-none imageframe-1 hover-type-none\"><a class=\"fusion-no-lightbox\" href=\"https:\/\/caspae.pt\/PT\/sad\/ \" target=\"_self\" aria-label=\"BOTA\u0303O SAD\"><img decoding=\"async\" width=\"300\" height=\"300\" src=\"https:\/\/caspae.pt\/PT\/wp-content\/uploads\/2026\/04\/BOTA\u0303O-SAD-300x300.png\" alt class=\"img-responsive wp-image-17787\" srcset=\"https:\/\/caspae.pt\/PT\/wp-content\/uploads\/2026\/04\/BOTA\u0303O-SAD-200x200.png 200w, https:\/\/caspae.pt\/PT\/wp-content\/uploads\/2026\/04\/BOTA\u0303O-SAD-400x400.png 400w, https:\/\/caspae.pt\/PT\/wp-content\/uploads\/2026\/04\/BOTA\u0303O-SAD-600x600.png 600w, https:\/\/caspae.pt\/PT\/wp-content\/uploads\/2026\/04\/BOTA\u0303O-SAD-800x800.png 800w, https:\/\/caspae.pt\/PT\/wp-content\/uploads\/2026\/04\/BOTA\u0303O-SAD-1200x1200.png 1200w, https:\/\/caspae.pt\/PT\/wp-content\/uploads\/2026\/04\/BOTA\u0303O-SAD.png 1280w\" sizes=\"(max-width: 1024px) 100vw, (max-width: 640px) 100vw, 400px\" \/><\/a><\/span><\/div><\/div><\/div><div class=\"fusion-layout-column fusion_builder_column_inner fusion-builder-nested-column-1 fusion_builder_column_inner_1_4 1_4 fusion-flex-column\" style=\"--awb-bg-size:cover;--awb-width-large:25%;--awb-margin-top-large:25px;--awb-spacing-right-large:7.68%;--awb-margin-bottom-large:25px;--awb-spacing-left-large:7.68%;--awb-width-medium:100%;--awb-order-medium:0;--awb-spacing-right-medium:1.92%;--awb-spacing-left-medium:1.92%;--awb-width-small:100%;--awb-order-small:0;--awb-spacing-right-small:1.92%;--awb-spacing-left-small:1.92%;\"><div class=\"fusion-column-wrapper fusion-column-has-shadow fusion-flex-justify-content-flex-start fusion-content-layout-column\"><div class=\"fusion-image-element \" style=\"text-align:center;--awb-caption-title-font-family:var(--h2_typography-font-family);--awb-caption-title-font-weight:var(--h2_typography-font-weight);--awb-caption-title-font-style:var(--h2_typography-font-style);--awb-caption-title-size:var(--h2_typography-font-size);--awb-caption-title-transform:var(--h2_typography-text-transform);--awb-caption-title-line-height:var(--h2_typography-line-height);--awb-caption-title-letter-spacing:var(--h2_typography-letter-spacing);\"><span class=\" fusion-imageframe imageframe-none imageframe-2 hover-type-none\"><a class=\"fusion-no-lightbox\" href=\"https:\/\/caspae.pt\/PT\/sad-casal-de-lobo\/\" target=\"_self\" aria-label=\"BOTA\u0303O SAD(1)\"><img decoding=\"async\" width=\"300\" height=\"300\" src=\"https:\/\/caspae.pt\/PT\/wp-content\/uploads\/2026\/04\/BOTA\u0303O-SAD1-300x300.png\" alt class=\"img-responsive wp-image-17790\" srcset=\"https:\/\/caspae.pt\/PT\/wp-content\/uploads\/2026\/04\/BOTA\u0303O-SAD1-200x200.png 200w, https:\/\/caspae.pt\/PT\/wp-content\/uploads\/2026\/04\/BOTA\u0303O-SAD1-400x400.png 400w, https:\/\/caspae.pt\/PT\/wp-content\/uploads\/2026\/04\/BOTA\u0303O-SAD1-600x600.png 600w, https:\/\/caspae.pt\/PT\/wp-content\/uploads\/2026\/04\/BOTA\u0303O-SAD1-800x800.png 800w, https:\/\/caspae.pt\/PT\/wp-content\/uploads\/2026\/04\/BOTA\u0303O-SAD1-1200x1200.png 1200w, https:\/\/caspae.pt\/PT\/wp-content\/uploads\/2026\/04\/BOTA\u0303O-SAD1.png 1280w\" sizes=\"(max-width: 1024px) 100vw, (max-width: 640px) 100vw, 400px\" \/><\/a><\/span><\/div><\/div><\/div><\/div><\/div><\/div><\/div><\/div>\n","protected":false},"excerpt":{"rendered":"","protected":false},"author":10,"featured_media":0,"parent":0,"menu_order":0,"comment_status":"closed","ping_status":"closed","template":"","meta":{"footnotes":""},"class_list":["post-17781","page","type-page","status-publish","hentry"],"_links":{"self":[{"href":"https:\/\/caspae.pt\/PT\/wp-json\/wp\/v2\/pages\/17781","targetHints":{"allow":["GET"]}}],"collection":[{"href":"https:\/\/caspae.pt\/PT\/wp-json\/wp\/v2\/pages"}],"about":[{"href":"https:\/\/caspae.pt\/PT\/wp-json\/wp\/v2\/types\/page"}],"author":[{"embeddable":true,"href":"https:\/\/caspae.pt\/PT\/wp-json\/wp\/v2\/users\/10"}],"replies":[{"embeddable":true,"href":"https:\/\/caspae.pt\/PT\/wp-json\/wp\/v2\/comments?post=17781"}],"version-history":[{"count":12,"href":"https:\/\/caspae.pt\/PT\/wp-json\/wp\/v2\/pages\/17781\/revisions"}],"predecessor-version":[{"id":17828,"href":"https:\/\/caspae.pt\/PT\/wp-json\/wp\/v2\/pages\/17781\/revisions\/17828"}],"wp:attachment":[{"href":"https:\/\/caspae.pt\/PT\/wp-json\/wp\/v2\/media?parent=17781"}],"curies":[{"name":"wp","href":"https:\/\/api.w.org\/{rel}","templated":true}]}}