{"id":16777,"date":"2025-02-01T11:27:10","date_gmt":"2025-02-01T11:27:10","guid":{"rendered":"https:\/\/caspae.pt\/PT\/?page_id=16777"},"modified":"2025-09-22T14:36:23","modified_gmt":"2025-09-22T14:36:23","slug":"projeto-corf4all","status":"publish","type":"page","link":"https:\/\/caspae.pt\/PT\/projeto-corf4all\/","title":{"rendered":"Projeto Corf4All"},"content":{"rendered":"<p><div class=\"fusion-fullwidth fullwidth-box fusion-builder-row-1 nonhundred-percent-fullwidth non-hundred-percent-height-scrolling\" style=\"--awb-border-radius-top-left:0px;--awb-border-radius-top-right:0px;--awb-border-radius-bottom-right:0px;--awb-border-radius-bottom-left:0px;--awb-flex-wrap:wrap;\" ><div class=\"fusion-builder-row fusion-row\"><div class=\"fusion-layout-column fusion_builder_column fusion-builder-column-0 fusion_builder_column_1_1 1_1 fusion-one-full fusion-column-first fusion-column-last\" style=\"--awb-bg-size:cover;\"><div class=\"fusion-column-wrapper fusion-column-has-shadow fusion-flex-column-wrapper-legacy\"><div class=\"fusion-modal modal fade modal-1 Call_joao\" tabindex=\"-1\" role=\"dialog\" aria-labelledby=\"modal-heading-1\" aria-hidden=\"true\" style=\"--awb-border-color:#ecefef;--awb-background:#f2f3f3;\"><div class=\"modal-dialog modal-lg\" role=\"document\"><div class=\"modal-content fusion-modal-content\"><div class=\"modal-header\"><button class=\"close\" type=\"button\" data-dismiss=\"modal\" aria-hidden=\"true\" aria-label=\"Close\">&times;<\/button><h3 class=\"modal-title\" id=\"modal-heading-1\" data-dismiss=\"modal\" aria-hidden=\"true\"><\/h3><\/div><div class=\"modal-body fusion-clearfix\">\n<p><strong>Jo\u00e3o Bigotte de Almeida:<\/strong><\/p>\n<p><span style=\"font-weight: 400;\">Licenciado em Anima\u00e7\u00e3o SocioEducativa pela Escola Superior de Educa\u00e7\u00e3o de Coimbra; Formado como T\u00e9cnico de Apoio \u00e0 Gest\u00e3o Hoteleira pela Escola de Hotelaria e Turismo de Coimbra e como T\u00e9cnico Desportivo pela Escola Secund\u00e1ria Quinta das Flores.\u00a0<\/span><\/p>\n<p><strong>Testemunho:<\/strong><\/p>\n<p><span style=\"font-weight: 400;\">Desde 2013 que tem vindo a Intervir nas \u00e1reas Social, Educacional, Desportiva e Tur\u00edstica com jovens e crian\u00e7as, tanto em Portugal como na Rep\u00fablica Checa, desenvolvendo o seu gosto pela intera\u00e7\u00e3o com pessoas levando-o a desenvolver mais compet\u00eancias neste campo atrav\u00e9s de diferentes experi\u00eancias, tais como Animador de campo de f\u00e9rias, t\u00e9cnico de atividades extracurriculares, Agente de interven\u00e7\u00e3o Social, professor e treinador desportivo. Entrou na equipa da comunica\u00e7\u00e3o e em Agosto de 2021 foi coordenador do Projeto GerArte. Atualmente \u00e9 membro do gabinete de comunica\u00e7\u00e3o, respons\u00e1vel pela Academia Desportiva de Corfebol, pelo programa de voluntariado do CASPAE e \u00e9 gestor do Projeto Corf4All.<\/span><\/p>\n<\/div><div class=\"modal-footer\"><button class=\"fusion-button button-default button-medium button default medium\" type=\"button\" data-dismiss=\"modal\">Close<\/button><\/div><\/div><\/div><\/div><div class=\"fusion-clearfix\"><\/div><\/div><\/div><div class=\"fusion-layout-column fusion_builder_column fusion-builder-column-1 fusion_builder_column_2_3 2_3 fusion-two-third fusion-column-first fusion-animated\" style=\"--awb-bg-size:cover;width:66.666666666667%;width:calc(66.666666666667% - ( ( 10% ) * 0.66666666666667 ) );margin-right: 10%;\" data-animationType=\"fadeInRight\" data-animationDuration=\"0.8\" data-animationOffset=\"top-into-view\"><div class=\"fusion-column-wrapper fusion-flex-column-wrapper-legacy\"><div class=\"fusion-sep-clear\"><\/div><div class=\"fusion-separator fusion-full-width-sep\" style=\"margin-left: auto;margin-right: auto;margin-top:15px;margin-bottom:15px;width:100%;\"><\/div><div class=\"fusion-sep-clear\"><\/div><div class=\"fusion-text fusion-text-1\"><p><span style=\"font-weight: 400;\">EDe forma a dar continua\u00e7\u00e3o e complementando a Academia Desportiva de Corfebol, o CASPAE criou o projeto Corf4All que tem como miss\u00e3o promover a pr\u00e1tica de atividade f\u00edsica e desportiva n\u00e3o federada, para todos os cidad\u00e3os, de forma transversal nos diferentes contextos da sociedade. <\/span><\/p>\n<p>O Projeto Corf4All \u00e9 um projeto gerido pelo CASPAE inserido no Programa Nacional Desporto para Todos e financeiramente apoiado pelo Instituto Portugu\u00eas do Desporto e Juventude &#8211; IPDJ<\/p>\n<\/div><div class=\"fusion-text fusion-text-2\"><blockquote>\n<p><strong>O Corfebol \u00e9 a \u00fanica modalidade mista no mundo. A participa\u00e7\u00e3o num desporto como o Corfebol contribui para a evolu\u00e7\u00e3o da humanidade geral&#8221; (Ben Crum).<\/strong><\/p>\n<\/blockquote>\n<\/div><div class=\"fusion-clearfix\"><\/div><\/div><\/div><div class=\"fusion-layout-column fusion_builder_column fusion-builder-column-2 fusion_builder_column_1_3 1_3 fusion-one-third fusion-column-last\" style=\"--awb-bg-size:cover;width:33.333333333333%;width:calc(33.333333333333% - ( ( 10% ) * 0.33333333333333 ) );\"><div class=\"fusion-column-wrapper fusion-column-has-shadow fusion-flex-column-wrapper-legacy\"><div class=\"fusion-person person fusion-person-center fusion-person-1 fusion-person-icon-bottom\" style=\"--awb-pic-style-color:#1b2032;--awb-margin-top:0px;--awb-margin-right:0px;--awb-margin-bottom:0px;--awb-margin-left:0px;--awb-social-box-border-top:0px;--awb-social-box-border-right:0px;--awb-social-box-border-bottom:0px;--awb-social-box-border-left:0px;--awb-social-box-border-color:var(--awb-color3);--awb-social-box-border-color-hover:var(--awb-color4);--awb-social-box-colors-hover:rgba(150,159,172,0.096);--awb-social-icon-boxed-colors:rgba(150,159,172,0.12);--awb-social-icon-colors:#969fac;--awb-social-icon-colors-hover:rgba(150,159,172,0.8);\"><div class=\"person-shortcode-image-wrapper\"><div class=\"person-image-container hover-type-none\" style=\"border:0px solid #ecefef;\"><img decoding=\"async\" class=\"person-img img-responsive wp-image-16767\" width=\"300\" height=\"300\" src=\"https:\/\/caspae.pt\/PT\/wp-content\/uploads\/2023\/07\/DESPORTO-Joao-300x300.jpg\" srcset=\"https:\/\/caspae.pt\/PT\/wp-content\/uploads\/2023\/07\/DESPORTO-Joao-200x200.jpg 200w, https:\/\/caspae.pt\/PT\/wp-content\/uploads\/2023\/07\/DESPORTO-Joao-400x400.jpg 400w, https:\/\/caspae.pt\/PT\/wp-content\/uploads\/2023\/07\/DESPORTO-Joao-600x600.jpg 600w, https:\/\/caspae.pt\/PT\/wp-content\/uploads\/2023\/07\/DESPORTO-Joao-800x800.jpg 800w, https:\/\/caspae.pt\/PT\/wp-content\/uploads\/2023\/07\/DESPORTO-Joao-1200x1200.jpg 1200w, https:\/\/caspae.pt\/PT\/wp-content\/uploads\/2023\/07\/DESPORTO-Joao.jpg 1280w\" sizes=\"(max-width: 1000px) 100vw, 400px\" \/><\/div><\/div><div class=\"person-desc\"><div class=\"person-author\"><div class=\"person-author-wrapper\"><span class=\"person-name\"><\/span><span class=\"person-title\">Gestor do Projeto<\/span><\/div><\/div><div class=\"person-content fusion-clearfix\"><\/div><\/div><\/div><div class=\"fusion-button-wrapper fusion-aligncenter\"><a class=\"fusion-button button-flat fusion-button-default-size button-lightgray fusion-button-lightgray button-1 fusion-button-default-span fusion-button-default-type\" target=\"_self\" href=\"#\" data-toggle=\"modal\" data-target=\".fusion-modal.Call_joao\"><i class=\"fa-plus-circle fas awb-button__icon awb-button__icon--default button-icon-left\" aria-hidden=\"true\"><\/i><span class=\"fusion-button-text awb-button__text awb-button__text--default\">Jo\u00e3o Bigotte de Almeida<\/span><\/a><\/div><div class=\"fusion-sep-clear\"><\/div><div class=\"fusion-separator fusion-full-width-sep\" style=\"margin-left: auto;margin-right: auto;margin-top:20px;width:100%;\"><\/div><div class=\"fusion-sep-clear\"><\/div><div class=\"aligncenter\"><div class=\"fusion-social-links fusion-social-links-1\" style=\"--awb-margin-top:0px;--awb-margin-right:0px;--awb-margin-bottom:0px;--awb-margin-left:0px;--awb-alignment:center;--awb-box-border-top:0px;--awb-box-border-right:0px;--awb-box-border-bottom:0px;--awb-box-border-left:0px;--awb-icon-colors-hover:rgba(150,159,172,0.8);--awb-box-colors-hover:rgba(150,159,172,0.096);--awb-box-border-color:var(--awb-color3);--awb-box-border-color-hover:var(--awb-color4);\"><div class=\"fusion-social-networks color-type-custom\"><div class=\"fusion-social-networks-wrapper\"><a class=\"fusion-social-network-icon fusion-tooltip fusion-facebook awb-icon-facebook\" style=\"color:#969fac;font-size:16px;\" data-placement=\"top\" data-title=\"Facebook\" data-toggle=\"tooltip\" title=\"Facebook\" aria-label=\"facebook\" target=\"_blank\" rel=\"noopener noreferrer\" href=\"https:\/\/www.facebook.com\/groups\/3000567563523848\"><\/a><a class=\"fusion-social-network-icon fusion-tooltip fusion-mail awb-icon-mail\" style=\"color:#969fac;font-size:16px;\" data-placement=\"top\" data-title=\"Email (necess\u00e1rio mas n\u00e3o publicado)\" data-toggle=\"tooltip\" title=\"Email (necess\u00e1rio mas n\u00e3o publicado)\" aria-label=\"mail\" target=\"_blank\" rel=\"noopener noreferrer\" href=\"mailto:nun&#111;&#112;e&#114;&#101;&#115;&#064;&#099;&#097;&#115;&#112;&#097;&#101;&#046;pt\"><\/a><a class=\"fusion-social-network-icon fusion-tooltip fusion-instagram awb-icon-instagram\" style=\"color:#969fac;font-size:16px;\" data-placement=\"top\" data-title=\"Instagram\" data-toggle=\"tooltip\" title=\"Instagram\" aria-label=\"instagram\" target=\"_blank\" rel=\"noopener noreferrer\" href=\"https:\/\/www.instagram.com\/caspae\/\"><\/a><a class=\"fusion-social-network-icon fusion-tooltip fusion-linkedin awb-icon-linkedin\" style=\"color:#969fac;font-size:16px;\" data-placement=\"top\" data-title=\"LinkedIn\" data-toggle=\"tooltip\" title=\"LinkedIn\" aria-label=\"linkedin\" target=\"_blank\" rel=\"noopener noreferrer\" href=\"https:\/\/www.linkedin.com\/company\/caspae-10\/?originalSubdomain=pt\"><\/a><\/div><\/div><\/div><\/div><div class=\"fusion-clearfix\"><\/div><\/div><\/div><div class=\"fusion-layout-column fusion_builder_column fusion-builder-column-3 fusion_builder_column_1_4 1_4 fusion-one-fourth fusion-column-first\" style=\"--awb-bg-size:cover;width:25%;width:calc(25% - ( ( 4% + 4% ) * 0.25 ) );margin-right: 4%;\"><div class=\"fusion-column-wrapper fusion-column-has-shadow fusion-flex-column-wrapper-legacy\"><div class=\"fusion-button-wrapper fusion-aligncenter\"><a class=\"fusion-button button-flat fusion-button-default-size button-default fusion-button-default button-2 fusion-button-default-span fusion-button-default-type\" target=\"_self\" href=\"https:\/\/caspae.dyndns.org\/caspaeinscricoes\/Home\/Registo\"><span class=\"fusion-button-text awb-button__text awb-button__text--default\">Inscri\u00e7\u00f5es<\/span><\/a><\/div><div class=\"fusion-clearfix\"><\/div><\/div><\/div><div class=\"fusion-layout-column fusion_builder_column fusion-builder-column-4 fusion_builder_column_1_4 1_4 fusion-one-fourth\" style=\"--awb-bg-size:cover;width:25%;width:calc(25% - ( ( 4% + 4% ) * 0.25 ) );margin-right: 4%;\"><div class=\"fusion-column-wrapper fusion-column-has-shadow fusion-flex-column-wrapper-legacy\"><div class=\"fusion-button-wrapper fusion-aligncenter\"><a class=\"fusion-button button-flat fusion-button-default-size button-default fusion-button-default button-3 fusion-button-default-span fusion-button-default-type\" target=\"_self\" href=\"https:\/\/caspae.pt\/PT\/wp-content\/uploads\/2023\/07\/Brochura-Corf4All.pdf\"><span class=\"fusion-button-text awb-button__text awb-button__text--default\">Projeto<\/span><\/a><\/div><div class=\"fusion-clearfix\"><\/div><\/div><\/div><div class=\"fusion-layout-column fusion_builder_column fusion-builder-column-5 fusion_builder_column_1_4 1_4 fusion-one-fourth fusion-column-last\" style=\"--awb-bg-size:cover;width:25%;width:calc(25% - ( ( 4% + 4% ) * 0.25 ) );\"><div class=\"fusion-column-wrapper fusion-column-has-shadow fusion-flex-column-wrapper-legacy\"><div class=\"fusion-button-wrapper fusion-aligncenter\"><a class=\"fusion-button button-flat fusion-button-default-size button-default fusion-button-default button-4 fusion-button-default-span fusion-button-default-type\" target=\"_self\" href=\"https:\/\/caspae.pt\/PT\/wp-content\/uploads\/2025\/09\/Relatorio-Corf4All-20242025-2.pdf\"><span class=\"fusion-button-text awb-button__text awb-button__text--default\">Relat\u00f3rio de Projeto 2024\/2025<\/span><\/a><\/div><div class=\"fusion-clearfix\"><\/div><\/div><\/div><\/div><\/div><div class=\"fusion-fullwidth fullwidth-box fusion-builder-row-2 fusion-flex-container has-pattern-background has-mask-background nonhundred-percent-fullwidth non-hundred-percent-height-scrolling\" style=\"--awb-border-radius-top-left:0px;--awb-border-radius-top-right:0px;--awb-border-radius-bottom-right:0px;--awb-border-radius-bottom-left:0px;--awb-flex-wrap:wrap;\" ><div class=\"fusion-builder-row fusion-row fusion-flex-align-items-flex-start fusion-flex-content-wrap\" style=\"max-width:1206.4px;margin-left: calc(-4% \/ 2 );margin-right: calc(-4% \/ 2 );\"><div class=\"fusion-layout-column fusion_builder_column fusion-builder-column-6 fusion_builder_column_1_1 1_1 fusion-flex-column\" style=\"--awb-bg-size:cover;--awb-width-large:100%;--awb-margin-top-large:25px;--awb-spacing-right-large:1.92%;--awb-margin-bottom-large:25px;--awb-spacing-left-large:1.92%;--awb-width-medium:100%;--awb-order-medium:0;--awb-spacing-right-medium:1.92%;--awb-spacing-left-medium:1.92%;--awb-width-small:100%;--awb-order-small:0;--awb-spacing-right-small:1.92%;--awb-spacing-left-small:1.92%;\"><div class=\"fusion-column-wrapper fusion-column-has-shadow fusion-flex-justify-content-flex-start fusion-content-layout-column\"><div class=\"fusion-image-element \" style=\"--awb-caption-title-font-family:var(--h2_typography-font-family);--awb-caption-title-font-weight:var(--h2_typography-font-weight);--awb-caption-title-font-style:var(--h2_typography-font-style);--awb-caption-title-size:var(--h2_typography-font-size);--awb-caption-title-transform:var(--h2_typography-text-transform);--awb-caption-title-line-height:var(--h2_typography-line-height);--awb-caption-title-letter-spacing:var(--h2_typography-letter-spacing);\"><span class=\" fusion-imageframe imageframe-none imageframe-1 hover-type-none\"><img decoding=\"async\" width=\"1024\" height=\"512\" title=\"esquema Banner corfebol\" src=\"https:\/\/caspae.pt\/PT\/wp-content\/uploads\/2023\/07\/esquema-Banner-corfebol-1024x512.png\" alt class=\"img-responsive wp-image-16765\" srcset=\"https:\/\/caspae.pt\/PT\/wp-content\/uploads\/2023\/07\/esquema-Banner-corfebol-200x100.png 200w, https:\/\/caspae.pt\/PT\/wp-content\/uploads\/2023\/07\/esquema-Banner-corfebol-400x200.png 400w, https:\/\/caspae.pt\/PT\/wp-content\/uploads\/2023\/07\/esquema-Banner-corfebol-600x300.png 600w, https:\/\/caspae.pt\/PT\/wp-content\/uploads\/2023\/07\/esquema-Banner-corfebol-800x400.png 800w, https:\/\/caspae.pt\/PT\/wp-content\/uploads\/2023\/07\/esquema-Banner-corfebol-1200x600.png 1200w\" sizes=\"(max-width: 1024px) 100vw, (max-width: 640px) 100vw, 1200px\" \/><\/span><\/div><\/div><\/div><\/div><\/div><\/p>\n","protected":false},"excerpt":{"rendered":"","protected":false},"author":9,"featured_media":0,"parent":0,"menu_order":0,"comment_status":"closed","ping_status":"closed","template":"100-width.php","meta":{"footnotes":""},"class_list":["post-16777","page","type-page","status-publish","hentry"],"_links":{"self":[{"href":"https:\/\/caspae.pt\/PT\/wp-json\/wp\/v2\/pages\/16777","targetHints":{"allow":["GET"]}}],"collection":[{"href":"https:\/\/caspae.pt\/PT\/wp-json\/wp\/v2\/pages"}],"about":[{"href":"https:\/\/caspae.pt\/PT\/wp-json\/wp\/v2\/types\/page"}],"author":[{"embeddable":true,"href":"https:\/\/caspae.pt\/PT\/wp-json\/wp\/v2\/users\/9"}],"replies":[{"embeddable":true,"href":"https:\/\/caspae.pt\/PT\/wp-json\/wp\/v2\/comments?post=16777"}],"version-history":[{"count":9,"href":"https:\/\/caspae.pt\/PT\/wp-json\/wp\/v2\/pages\/16777\/revisions"}],"predecessor-version":[{"id":17304,"href":"https:\/\/caspae.pt\/PT\/wp-json\/wp\/v2\/pages\/16777\/revisions\/17304"}],"wp:attachment":[{"href":"https:\/\/caspae.pt\/PT\/wp-json\/wp\/v2\/media?parent=16777"}],"curies":[{"name":"wp","href":"https:\/\/api.w.org\/{rel}","templated":true}]}}