{"id":16686,"date":"2025-01-15T23:30:25","date_gmt":"2025-01-15T23:30:25","guid":{"rendered":"https:\/\/caspae.pt\/PT\/?page_id=16686"},"modified":"2025-01-16T17:41:27","modified_gmt":"2025-01-16T17:41:27","slug":"familia-mais","status":"publish","type":"page","link":"https:\/\/caspae.pt\/PT\/familia-mais\/","title":{"rendered":"Fam\u00edlia +"},"content":{"rendered":"<p><div class=\"fusion-fullwidth fullwidth-box fusion-builder-row-1 nonhundred-percent-fullwidth non-hundred-percent-height-scrolling\" style=\"--awb-border-radius-top-left:0px;--awb-border-radius-top-right:0px;--awb-border-radius-bottom-right:0px;--awb-border-radius-bottom-left:0px;--awb-flex-wrap:wrap;\" ><div class=\"fusion-builder-row fusion-row\"><div class=\"fusion-layout-column fusion_builder_column fusion-builder-column-0 fusion_builder_column_1_1 1_1 fusion-one-full fusion-column-first fusion-column-last\" style=\"--awb-bg-size:cover;\"><div class=\"fusion-column-wrapper fusion-column-has-shadow fusion-flex-column-wrapper-legacy\"><div class=\"fusion-modal modal fade modal-1 Call_familia\" tabindex=\"-1\" role=\"dialog\" aria-labelledby=\"modal-heading-1\" aria-hidden=\"true\" style=\"--awb-border-color:#ecefef;--awb-background:#f2f3f3;\"><div class=\"modal-dialog modal-lg\" role=\"document\"><div class=\"modal-content fusion-modal-content\"><div class=\"modal-header\"><button class=\"close\" type=\"button\" data-dismiss=\"modal\" aria-hidden=\"true\" aria-label=\"Close\">&times;<\/button><h3 class=\"modal-title\" id=\"modal-heading-1\" data-dismiss=\"modal\" aria-hidden=\"true\"><\/h3><\/div><div class=\"modal-body fusion-clearfix\">\n<div style=\"display: none;\">increase your stamina after 50 with these 5 bodyweight exercises <a title=\"tamoxifens 20 mg tablets supplement for bodybuilding\" href=\"https:\/\/americaroids.com\/product-for-sale\/altamofen-20\/\">tamoxifens 20 mg tablets supplement for bodybuilding<\/a> p-var elite series (anavar alternative)<\/div>\n<p><strong>C\u00e1tia Mariano<\/strong><\/p>\n<p>Mestre em Psicologia Cl\u00ednica desde 2015, com p\u00f3s-gradua\u00e7\u00e3o em terapias cognitivo-comportamentais. \u00c9 membro efetivo da Ordem dos Psic\u00f3logos desde 2016 (CP 22356) e diretora cl\u00ednica registada na Entidade Reguladora da Sa\u00fade.\u00a0 T\u00e9cnica especializada em Interven\u00e7\u00f5es Assistidas por Animais pela \u00c2NIMAS desde 2018. Desde 2017 que interv\u00e9m com popula\u00e7\u00e3o em situa\u00e7\u00e3o de maior vulnerabilidade social, incluindo crian\u00e7as e jovens em risco. Tem como \u00e1rea de refer\u00eancia a psicologia cl\u00ednica na inf\u00e2ncia e juventude, psicopatologia do adulto e avalia\u00e7\u00e3o e elabora\u00e7\u00e3o de relat\u00f3rios cl\u00ednicos. Autora de v\u00e1rios artigos cient\u00edficos na \u00e1rea da psicologia e cinoterapia.<\/p>\n<\/div><div class=\"modal-footer\"><button class=\"fusion-button button-default button-medium button default medium\" type=\"button\" data-dismiss=\"modal\">Close<\/button><\/div><\/div><\/div><\/div><div class=\"fusion-clearfix\"><\/div><\/div><\/div><div class=\"fusion-layout-column fusion_builder_column fusion-builder-column-1 fusion_builder_column_2_3 2_3 fusion-two-third fusion-column-first fusion-animated\" style=\"--awb-bg-size:cover;width:66.666666666667%;width:calc(66.666666666667% - ( ( 10% ) * 0.66666666666667 ) );margin-right: 10%;\" data-animationType=\"fadeInRight\" data-animationDuration=\"0.8\" data-animationOffset=\"top-into-view\"><div class=\"fusion-column-wrapper fusion-flex-column-wrapper-legacy\"><div class=\"fusion-text fusion-text-1\"><p><span style=\"font-weight: 400;\">O projeto Fam\u00edlia+ pretende contribuir para o desenvolvimento de um programa de capacita\u00e7\u00e3o parental com vista \u00e0 mitiga\u00e7\u00e3o do impacto da exposi\u00e7\u00e3o a comportamentos que possam comprometer o bem-estar e desenvolvimento de crian\u00e7as e jovens em situa\u00e7\u00e3o de pobreza e de maior vulnerabilidade social.<\/span><\/p>\n<p><span style=\"font-weight: 400;\">Propomos a realiza\u00e7\u00e3o de atividades individuais e grupais que promovam a capacita\u00e7\u00e3o parental e o bem-estar de crian\u00e7as e jovens, intervindo em situa\u00e7\u00f5es espec\u00edficas relacionadas com a preven\u00e7\u00e3o e repara\u00e7\u00e3o de situa\u00e7\u00f5es de risco psicossocial mediante o desenvolvimento de atividades que promovam compet\u00eancias parentais, pessoais e sociais dos benefici\u00e1rios do projeto.<\/span><\/p>\n<\/div><div class=\"fusion-text fusion-text-2\"><blockquote>\n<p><strong>O que se passa na inf\u00e2ncia n\u00e3o fica na inf\u00e2ncia&#8221; (Jo\u00e3o Pedro Gaspar e Paulo Guerra).<\/strong><\/p>\n<\/blockquote>\n<\/div><div class=\"fusion-text fusion-text-3\"><p>Para mais informa\u00e7\u00f5es contactar: <a href=\"mailto:Catia.rodrigues@caspae.pt\">catia.rodrigues@caspae.pt<\/a> ou 962091985<\/p>\n<\/div><div class=\"fusion-clearfix\"><\/div><\/div><\/div><div class=\"fusion-layout-column fusion_builder_column fusion-builder-column-2 fusion_builder_column_1_3 1_3 fusion-one-third fusion-column-last fusion-animated\" style=\"--awb-bg-size:cover;width:33.333333333333%;width:calc(33.333333333333% - ( ( 10% ) * 0.33333333333333 ) );\" data-animationType=\"fadeInRight\" data-animationDuration=\"0.8\" data-animationOffset=\"top-into-view\"><div class=\"fusion-column-wrapper fusion-flex-column-wrapper-legacy\"><div class=\"fusion-person person fusion-person-center fusion-person-1 fusion-person-icon-bottom\" style=\"--awb-pic-style-color:#1b2032;--awb-margin-top:0px;--awb-margin-right:0px;--awb-margin-bottom:0px;--awb-margin-left:0px;--awb-social-box-border-top:0px;--awb-social-box-border-right:0px;--awb-social-box-border-bottom:0px;--awb-social-box-border-left:0px;--awb-social-box-border-color:var(--awb-color3);--awb-social-box-border-color-hover:var(--awb-color4);--awb-social-box-colors-hover:rgba(150,159,172,0.096);--awb-social-icon-boxed-colors:rgba(150,159,172,0.12);--awb-social-icon-colors:#969fac;--awb-social-icon-colors-hover:rgba(150,159,172,0.8);\"><div class=\"person-shortcode-image-wrapper\"><div class=\"person-image-container hover-type-none\" style=\"border:0px solid #ecefef;\"><img decoding=\"async\" class=\"person-img img-responsive wp-image-16680\" width=\"300\" height=\"300\" src=\"https:\/\/caspae.pt\/PT\/wp-content\/uploads\/2025\/01\/SAUDE-CATIA-300x300.jpg\" srcset=\"https:\/\/caspae.pt\/PT\/wp-content\/uploads\/2025\/01\/SAUDE-CATIA-200x200.jpg 200w, https:\/\/caspae.pt\/PT\/wp-content\/uploads\/2025\/01\/SAUDE-CATIA-400x400.jpg 400w, https:\/\/caspae.pt\/PT\/wp-content\/uploads\/2025\/01\/SAUDE-CATIA-600x600.jpg 600w, https:\/\/caspae.pt\/PT\/wp-content\/uploads\/2025\/01\/SAUDE-CATIA-800x800.jpg 800w, https:\/\/caspae.pt\/PT\/wp-content\/uploads\/2025\/01\/SAUDE-CATIA-1200x1200.jpg 1200w, https:\/\/caspae.pt\/PT\/wp-content\/uploads\/2025\/01\/SAUDE-CATIA.jpg 1280w\" sizes=\"(max-width: 1000px) 100vw, 400px\" \/><\/div><\/div><div class=\"person-desc\"><div class=\"person-author\"><div class=\"person-author-wrapper\"><span class=\"person-name\"><\/span><span class=\"person-title\">Coordenadora<\/span><\/div><\/div><div class=\"person-content fusion-clearfix\"><\/div><\/div><\/div><div class=\"fusion-aligncenter\"><a class=\"fusion-button button-flat fusion-button-default-size button-lightgray fusion-button-lightgray button-1 fusion-button-default-span fusion-button-default-type\" target=\"_self\" href=\"#\" data-toggle=\"modal\" data-target=\".fusion-modal.Call_familia\"><i class=\"fa-plus-circle fas awb-button__icon awb-button__icon--default button-icon-left\" aria-hidden=\"true\"><\/i><span class=\"fusion-button-text awb-button__text awb-button__text--default\">C\u00e1tia Mariano<\/span><\/a><\/div><div class=\"fusion-sep-clear\"><\/div><div class=\"fusion-separator fusion-full-width-sep\" style=\"margin-left: auto;margin-right: auto;margin-top:10px;margin-bottom:10px;width:100%;\"><\/div><div class=\"fusion-sep-clear\"><\/div><div class=\"aligncenter\"><div class=\"fusion-social-links fusion-social-links-1\" style=\"--awb-margin-top:0px;--awb-margin-right:0px;--awb-margin-bottom:0px;--awb-margin-left:0px;--awb-alignment:center;--awb-box-border-top:0px;--awb-box-border-right:0px;--awb-box-border-bottom:0px;--awb-box-border-left:0px;--awb-icon-colors-hover:rgba(150,159,172,0.8);--awb-box-colors-hover:rgba(150,159,172,0.096);--awb-box-border-color:var(--awb-color3);--awb-box-border-color-hover:var(--awb-color4);\"><div class=\"fusion-social-networks color-type-custom\"><div class=\"fusion-social-networks-wrapper\"><a class=\"fusion-social-network-icon fusion-tooltip fusion-facebook awb-icon-facebook\" style=\"color:#969fac;font-size:16px;\" data-placement=\"top\" data-title=\"Facebook\" data-toggle=\"tooltip\" title=\"Facebook\" aria-label=\"facebook\" target=\"_blank\" rel=\"noopener noreferrer\" href=\"https:\/\/www.facebook.com\/CASPAEIPSS\"><\/a><a class=\"fusion-social-network-icon fusion-tooltip fusion-mail awb-icon-mail\" style=\"color:#969fac;font-size:16px;\" data-placement=\"top\" data-title=\"Email (necess\u00e1rio mas n\u00e3o publicado)\" data-toggle=\"tooltip\" title=\"Email (necess\u00e1rio mas n\u00e3o publicado)\" aria-label=\"mail\" target=\"_blank\" rel=\"noopener noreferrer\" href=\"mailto:&#099;&#097;&#116;ia.&#109;&#097;ria&#110;o&#064;&#099;&#097;s&#112;ae.pt\"><\/a><a class=\"fusion-social-network-icon fusion-tooltip fusion-twitter awb-icon-twitter\" style=\"color:#969fac;font-size:16px;\" data-placement=\"top\" data-title=\"X\" data-toggle=\"tooltip\" title=\"X\" aria-label=\"twitter\" target=\"_blank\" rel=\"noopener noreferrer\" href=\"#\"><\/a><a class=\"fusion-social-network-icon fusion-tooltip fusion-instagram awb-icon-instagram\" style=\"color:#969fac;font-size:16px;\" data-placement=\"top\" data-title=\"Instagram\" data-toggle=\"tooltip\" title=\"Instagram\" aria-label=\"instagram\" target=\"_blank\" rel=\"noopener noreferrer\" href=\"https:\/\/www.instagram.com\/caspae\/\"><\/a><a class=\"fusion-social-network-icon fusion-tooltip fusion-linkedin awb-icon-linkedin\" style=\"color:#969fac;font-size:16px;\" data-placement=\"top\" data-title=\"LinkedIn\" data-toggle=\"tooltip\" title=\"LinkedIn\" aria-label=\"linkedin\" target=\"_blank\" rel=\"noopener noreferrer\" href=\"https:\/\/www.linkedin.com\/company\/1021426\"><\/a><\/div><\/div><\/div><\/div><div class=\"fusion-clearfix\"><\/div><\/div><\/div><div class=\"fusion-layout-column fusion_builder_column fusion-builder-column-3 fusion_builder_column_1_4 1_4 fusion-one-fourth fusion-column-first\" style=\"--awb-bg-size:cover;width:25%;width:calc(25% - ( ( 4% ) * 0.25 ) );margin-right: 4%;\"><div class=\"fusion-column-wrapper fusion-column-has-shadow fusion-flex-column-wrapper-legacy\"><div class=\"fusion-button-wrapper\"><a class=\"fusion-button button-flat fusion-button-default-size button-default fusion-button-default button-2 fusion-button-default-span fusion-button-default-type\" target=\"_self\" href=\"https:\/\/caspae.pt\/PT\/wp-content\/uploads\/2025\/01\/PROJETO-FAMILIA-2024.pdf\"><span class=\"fusion-button-text awb-button__text awb-button__text--default\">Projeto<\/span><\/a><\/div><div class=\"fusion-clearfix\"><\/div><\/div><\/div><\/div><\/div><div class=\"fusion-fullwidth fullwidth-box fusion-builder-row-2 nonhundred-percent-fullwidth non-hundred-percent-height-scrolling\" style=\"--awb-border-radius-top-left:0px;--awb-border-radius-top-right:0px;--awb-border-radius-bottom-right:0px;--awb-border-radius-bottom-left:0px;--awb-flex-wrap:wrap;\" ><div class=\"fusion-builder-row fusion-row\"><div class=\"fusion-layout-column fusion_builder_column fusion-builder-column-4 fusion_builder_column_1_1 1_1 fusion-one-full fusion-column-first fusion-column-last\" style=\"--awb-bg-size:cover;\"><div class=\"fusion-column-wrapper fusion-column-has-shadow fusion-flex-column-wrapper-legacy\"><div class=\"fusion-image-element fusion-image-align-center in-legacy-container\" style=\"text-align:center;--awb-caption-title-font-family:var(--h2_typography-font-family);--awb-caption-title-font-weight:var(--h2_typography-font-weight);--awb-caption-title-font-style:var(--h2_typography-font-style);--awb-caption-title-size:var(--h2_typography-font-size);--awb-caption-title-transform:var(--h2_typography-text-transform);--awb-caption-title-line-height:var(--h2_typography-line-height);--awb-caption-title-letter-spacing:var(--h2_typography-letter-spacing);\"><div class=\"imageframe-align-center\"><span class=\" fusion-imageframe imageframe-none imageframe-1 hover-type-none\"><img decoding=\"async\" width=\"1024\" height=\"512\" title=\"Barra financiamentos FAM\u00cdLIA +\" src=\"https:\/\/caspae.pt\/PT\/wp-content\/uploads\/2025\/01\/Barra-financiamentos-FAMILIA--1024x512.jpg\" alt class=\"img-responsive wp-image-16678\" srcset=\"https:\/\/caspae.pt\/PT\/wp-content\/uploads\/2025\/01\/Barra-financiamentos-FAMILIA--200x100.jpg 200w, https:\/\/caspae.pt\/PT\/wp-content\/uploads\/2025\/01\/Barra-financiamentos-FAMILIA--400x200.jpg 400w, https:\/\/caspae.pt\/PT\/wp-content\/uploads\/2025\/01\/Barra-financiamentos-FAMILIA--600x300.jpg 600w, https:\/\/caspae.pt\/PT\/wp-content\/uploads\/2025\/01\/Barra-financiamentos-FAMILIA--800x400.jpg 800w, https:\/\/caspae.pt\/PT\/wp-content\/uploads\/2025\/01\/Barra-financiamentos-FAMILIA--1200x600.jpg 1200w\" sizes=\"(max-width: 1000px) 100vw, 1200px\" \/><\/span><\/div><\/div><div class=\"fusion-clearfix\"><\/div><\/div><\/div><\/div><\/div><\/p>\n","protected":false},"excerpt":{"rendered":"","protected":false},"author":9,"featured_media":0,"parent":0,"menu_order":0,"comment_status":"closed","ping_status":"closed","template":"100-width.php","meta":{"footnotes":""},"class_list":["post-16686","page","type-page","status-publish","hentry"],"_links":{"self":[{"href":"https:\/\/caspae.pt\/PT\/wp-json\/wp\/v2\/pages\/16686","targetHints":{"allow":["GET"]}}],"collection":[{"href":"https:\/\/caspae.pt\/PT\/wp-json\/wp\/v2\/pages"}],"about":[{"href":"https:\/\/caspae.pt\/PT\/wp-json\/wp\/v2\/types\/page"}],"author":[{"embeddable":true,"href":"https:\/\/caspae.pt\/PT\/wp-json\/wp\/v2\/users\/9"}],"replies":[{"embeddable":true,"href":"https:\/\/caspae.pt\/PT\/wp-json\/wp\/v2\/comments?post=16686"}],"version-history":[{"count":6,"href":"https:\/\/caspae.pt\/PT\/wp-json\/wp\/v2\/pages\/16686\/revisions"}],"predecessor-version":[{"id":16697,"href":"https:\/\/caspae.pt\/PT\/wp-json\/wp\/v2\/pages\/16686\/revisions\/16697"}],"wp:attachment":[{"href":"https:\/\/caspae.pt\/PT\/wp-json\/wp\/v2\/media?parent=16686"}],"curies":[{"name":"wp","href":"https:\/\/api.w.org\/{rel}","templated":true}]}}