{"id":13650,"date":"2023-05-15T10:50:26","date_gmt":"2023-05-15T10:50:26","guid":{"rendered":"https:\/\/caspae.pt\/PT\/?page_id=13650"},"modified":"2024-10-19T23:27:28","modified_gmt":"2024-10-19T23:27:28","slug":"aec","status":"publish","type":"page","link":"https:\/\/caspae.pt\/PT\/aec\/","title":{"rendered":"AEC"},"content":{"rendered":"<p><div class=\"fusion-fullwidth fullwidth-box fusion-builder-row-1 has-pattern-background has-mask-background nonhundred-percent-fullwidth non-hundred-percent-height-scrolling\" style=\"--awb-border-radius-top-left:0px;--awb-border-radius-top-right:0px;--awb-border-radius-bottom-right:0px;--awb-border-radius-bottom-left:0px;--awb-flex-wrap:wrap;\" ><div class=\"fusion-builder-row fusion-row\"><div class=\"fusion-layout-column fusion_builder_column fusion-builder-column-0 fusion_builder_column_2_3 2_3 fusion-two-third fusion-column-first fusion-animated\" style=\"--awb-bg-size:cover;width:66.666666666667%;width:calc(66.666666666667% - ( ( 10% ) * 0.66666666666667 ) );margin-right: 10%;\" data-animationType=\"fadeInRight\" data-animationDuration=\"0.8\" data-animationOffset=\"top-into-view\"><div class=\"fusion-column-wrapper fusion-flex-column-wrapper-legacy\"><div class=\"fusion-text fusion-text-1\"><p><span style=\"font-weight: 400;\">A execu\u00e7\u00e3o das AEC pelo CASPAE tem por objetivo primordial oferecer maior diversidade de oferta das AEC, envolvendo os alunos na escolha das atividades que querem desenvolver promovendo a sua responsabilidade. Pretende-se enriquecer o curr\u00edculo n\u00e3o o repetindo, mas antes potenciando o desenvolvimento da criatividade e autonomia da crian\u00e7a.<\/span><\/p>\n<\/div><div class=\"fusion-text fusion-text-2\"><blockquote>\n<p><strong><i>&#8220;AEC no 1.\u00ba ciclo do ensino b\u00e1sico as atividades de car\u00e1cter facultativo e de natureza eminentemente l\u00fadica, formativa e cultural que incidam, nomeadamente, nos dom\u00ednios desportivo, art\u00edstico, cient\u00edfico e tecnol\u00f3gico, de liga\u00e7\u00e3o da escola com o meio, de solidariedade e voluntariado e da dimens\u00e3o europeia da educa\u00e7\u00e3o&#8221;<\/i><i> (<\/i><i>(Minist\u00e9rio da Educa\u00e7\u00e3o).<\/i><i>, 1998).<\/i><\/strong><\/p>\n<\/blockquote>\n<\/div><div class=\"fusion-sep-clear\"><\/div><div class=\"fusion-separator fusion-full-width-sep\" style=\"margin-left: auto;margin-right: auto;margin-top:20px;width:100%;\"><\/div><div class=\"fusion-sep-clear\"><\/div><div class=\"fusion-text fusion-text-3 fusion-no-small-visibility\" style=\"--awb-content-alignment:left;\"><p><b>Para mais informa\u00e7\u00f5es contactar: <a href=\"mailto:caspae@caspae.pt\">caspae@caspae.pt<\/a><\/b><\/p>\n<\/div><div class=\"fusion-clearfix\"><\/div><\/div><\/div><div class=\"fusion-layout-column fusion_builder_column fusion-builder-column-1 fusion_builder_column_1_3 1_3 fusion-one-third fusion-column-last\" style=\"--awb-bg-size:cover;width:33.333333333333%;width:calc(33.333333333333% - ( ( 10% ) * 0.33333333333333 ) );\" data-scroll-devices=\"small-visibility,medium-visibility,large-visibility\"><div class=\"fusion-column-wrapper fusion-column-has-shadow fusion-flex-column-wrapper-legacy\"><div class=\"fusion-person person fusion-person-center fusion-person-1 fusion-person-icon-bottom\" style=\"--awb-pic-style-color:#1b2032;--awb-margin-top:0px;--awb-margin-right:0px;--awb-margin-bottom:0px;--awb-margin-left:0px;--awb-social-box-border-top:0px;--awb-social-box-border-right:0px;--awb-social-box-border-bottom:0px;--awb-social-box-border-left:0px;--awb-social-box-border-color:var(--awb-color3);--awb-social-box-border-color-hover:var(--awb-color4);--awb-social-box-colors-hover:rgba(150,159,172,0.096);--awb-social-icon-boxed-colors:rgba(150,159,172,0.12);--awb-social-icon-colors:#969fac;--awb-social-icon-colors-hover:rgba(150,159,172,0.8);\"><div class=\"person-shortcode-image-wrapper\"><div class=\"person-image-container hover-type-none\" style=\"border:0px solid #ecefef;\"><img decoding=\"async\" class=\"person-img img-responsive wp-image-16284\" width=\"300\" height=\"300\" src=\"https:\/\/caspae.pt\/PT\/wp-content\/uploads\/2024\/10\/CarlaGoncalves_AEC-300x300.png\" srcset=\"https:\/\/caspae.pt\/PT\/wp-content\/uploads\/2024\/10\/CarlaGoncalves_AEC-200x200.png 200w, https:\/\/caspae.pt\/PT\/wp-content\/uploads\/2024\/10\/CarlaGoncalves_AEC-400x400.png 400w, https:\/\/caspae.pt\/PT\/wp-content\/uploads\/2024\/10\/CarlaGoncalves_AEC-600x600.png 600w, https:\/\/caspae.pt\/PT\/wp-content\/uploads\/2024\/10\/CarlaGoncalves_AEC-800x800.png 800w, https:\/\/caspae.pt\/PT\/wp-content\/uploads\/2024\/10\/CarlaGoncalves_AEC-1200x1200.png 1200w, https:\/\/caspae.pt\/PT\/wp-content\/uploads\/2024\/10\/CarlaGoncalves_AEC.png 1280w\" sizes=\"(max-width: 1000px) 100vw, 400px\" \/><\/div><\/div><div class=\"person-desc\"><div class=\"person-author\"><div class=\"person-author-wrapper\"><span class=\"person-name\"><\/span><span class=\"person-title\">Respons\u00e1vel:<\/span><\/div><\/div><div class=\"person-content fusion-clearfix\"><\/div><\/div><\/div><div class=\"fusion-button-wrapper fusion-aligncenter\"><a class=\"fusion-button button-flat fusion-button-default-size button-lightgray fusion-button-lightgray button-1 fusion-button-default-span fusion-button-default-type\" target=\"_self\" href=\"#\" data-toggle=\"modal\" data-target=\".fusion-modal.Call_Carla\"><i class=\"fa-plus-circle fas awb-button__icon awb-button__icon--default button-icon-left\" aria-hidden=\"true\"><\/i><span class=\"fusion-button-text awb-button__text awb-button__text--default\">Carla Gon\u00e7alves<\/span><\/a><\/div><div class=\"fusion-sep-clear\"><\/div><div class=\"fusion-separator fusion-full-width-sep\" style=\"margin-left: auto;margin-right: auto;margin-top:30px;width:100%;\"><\/div><div class=\"fusion-sep-clear\"><\/div><div class=\"aligncenter\"><div class=\"fusion-social-links fusion-social-links-1\" style=\"--awb-margin-top:0px;--awb-margin-right:0px;--awb-margin-bottom:0px;--awb-margin-left:0px;--awb-alignment:center;--awb-box-border-top:0px;--awb-box-border-right:0px;--awb-box-border-bottom:0px;--awb-box-border-left:0px;--awb-icon-colors-hover:rgba(150,159,172,0.8);--awb-box-colors-hover:rgba(150,159,172,0.096);--awb-box-border-color:var(--awb-color3);--awb-box-border-color-hover:var(--awb-color4);\"><div class=\"fusion-social-networks color-type-custom\"><div class=\"fusion-social-networks-wrapper\"><a class=\"fusion-social-network-icon fusion-tooltip fusion-facebook awb-icon-facebook\" style=\"color:#969fac;font-size:16px;\" data-placement=\"top\" data-title=\"Facebook\" data-toggle=\"tooltip\" title=\"Facebook\" aria-label=\"facebook\" target=\"_blank\" rel=\"noopener noreferrer\" href=\"https:\/\/www.facebook.com\/CASPAEIPSS\"><\/a><a class=\"fusion-social-network-icon fusion-tooltip fusion-mail awb-icon-mail\" style=\"color:#969fac;font-size:16px;\" data-placement=\"top\" data-title=\"Email (necess\u00e1rio mas n\u00e3o publicado)\" data-toggle=\"tooltip\" title=\"Email (necess\u00e1rio mas n\u00e3o publicado)\" aria-label=\"mail\" target=\"_blank\" rel=\"noopener noreferrer\" href=\"mailto:carl&#097;&#046;go&#110;&#099;a&#108;&#118;e&#115;&#064;&#099;a&#115;p&#097;&#101;.&#112;&#116;\"><\/a><a class=\"fusion-social-network-icon fusion-tooltip fusion-instagram awb-icon-instagram\" style=\"color:#969fac;font-size:16px;\" data-placement=\"top\" data-title=\"Instagram\" data-toggle=\"tooltip\" title=\"Instagram\" aria-label=\"instagram\" target=\"_blank\" rel=\"noopener noreferrer\" href=\"https:\/\/www.instagram.com\/caspae\/\"><\/a><a class=\"fusion-social-network-icon fusion-tooltip fusion-linkedin awb-icon-linkedin\" style=\"color:#969fac;font-size:16px;\" data-placement=\"top\" data-title=\"LinkedIn\" data-toggle=\"tooltip\" title=\"LinkedIn\" aria-label=\"linkedin\" target=\"_blank\" rel=\"noopener noreferrer\" href=\"https:\/\/www.linkedin.com\/company\/1021426\"><\/a><\/div><\/div><\/div><\/div><div class=\"fusion-modal modal fade modal-1 Call_Carla\" tabindex=\"-1\" role=\"dialog\" aria-labelledby=\"modal-heading-1\" aria-hidden=\"true\" style=\"--awb-border-color:#ecefef;--awb-background:#f2f3f3;\"><div class=\"modal-dialog modal-lg\" role=\"document\"><div class=\"modal-content fusion-modal-content\"><div class=\"modal-header\"><button class=\"close\" type=\"button\" data-dismiss=\"modal\" aria-hidden=\"true\" aria-label=\"Close\">&times;<\/button><h3 class=\"modal-title\" id=\"modal-heading-1\" data-dismiss=\"modal\" aria-hidden=\"true\"><\/h3><\/div><div class=\"modal-body fusion-clearfix\">\n<p><b>Carla Gon\u00e7alves:<\/b><\/p>\n<p><span style=\"font-weight: 400;\">Licenciada em L\u00ednguas e Literaturas Modernas, variante de estudos Ingleses e Alem\u00e3es pela Faculdade de Letras da Universidade de Coimbra, forma\u00e7\u00e3o em Gest\u00e3o Organizacional de Institui\u00e7\u00f5es Sociais no Centro de Emprego e Forma\u00e7\u00e3o Profissional de Coimbra, Gest\u00e3o de Institui\u00e7\u00f5es Sociais, Gest\u00e3o de Recursos Humanos, Gest\u00e3o e Lideran\u00e7a de Equipas, Qualidade. Lecionou ingl\u00eas no 3\u00ba ciclo do ensino b\u00e1sico e 1\u00ba ciclo do ensino b\u00e1sico. Faz parte da equipa de coordena\u00e7\u00e3o do CASPAE, nomeadamente no Departamento Pedag\u00f3gico (AEC e CAF\/CATL), do Departamento de Inova\u00e7\u00e3o e da Acredita\u00e7\u00e3o Erasmus+.<\/span><\/p>\n<\/div><div class=\"modal-footer\"><button class=\"fusion-button button-default button-medium button default medium\" type=\"button\" data-dismiss=\"modal\">Close<\/button><\/div><\/div><\/div><\/div><div class=\"fusion-clearfix\"><\/div><\/div><\/div><div class=\"fusion-layout-column fusion_builder_column fusion-builder-column-2 fusion_builder_column_1_5 1_5 fusion-one-fifth fusion-column-first\" style=\"--awb-bg-size:cover;width:20%;width:calc(20% - ( ( 4% ) * 0.2 ) );margin-right: 4%;\" data-scroll-devices=\"small-visibility,medium-visibility,large-visibility\"><div class=\"fusion-column-wrapper fusion-column-has-shadow fusion-flex-column-wrapper-legacy\"><div class=\"fusion-button-wrapper fusion-aligncenter\"><a class=\"fusion-button button-flat fusion-button-default-size button-default fusion-button-default button-2 fusion-button-default-span fusion-button-default-type\" target=\"_self\" href=\"https:\/\/caspae.pt\/PT\/documentos\/\"><span class=\"fusion-button-text awb-button__text awb-button__text--default\">Regulamentos<\/span><\/a><\/div><div class=\"fusion-sep-clear\"><\/div><div class=\"fusion-separator fusion-full-width-sep\" style=\"margin-left: auto;margin-right: auto;width:100%;\"><\/div><div class=\"fusion-sep-clear\"><\/div><div class=\"fusion-clearfix\"><\/div><\/div><\/div><div class=\"fusion-layout-column fusion_builder_column fusion-builder-column-3 fusion_builder_column_1_5 1_5 fusion-one-fifth fusion-column-last\" style=\"--awb-bg-size:cover;width:20%;width:calc(20% - ( ( 4% ) * 0.2 ) );\" data-scroll-devices=\"small-visibility,medium-visibility,large-visibility\"><div class=\"fusion-column-wrapper fusion-column-has-shadow fusion-flex-column-wrapper-legacy\"><div class=\"fusion-button-wrapper fusion-aligncenter\"><a class=\"fusion-button button-flat fusion-button-default-size button-default fusion-button-default button-3 fusion-button-default-span fusion-button-default-type\" target=\"_self\" href=\"https:\/\/caspae.pt\/PT\/wp-content\/uploads\/2024\/10\/EcoSabao-1.pdf\"><span class=\"fusion-button-text awb-button__text awb-button__text--default\"> Projeto EcoSab\u00e3o <\/span><\/a><\/div><div class=\"fusion-sep-clear\"><\/div><div class=\"fusion-separator fusion-full-width-sep\" style=\"margin-left: auto;margin-right: auto;width:100%;\"><\/div><div class=\"fusion-sep-clear\"><\/div><div class=\"fusion-clearfix\"><\/div><\/div><\/div><div class=\"fusion-layout-column fusion_builder_column fusion-builder-column-4 fusion_builder_column_1_1 1_1 fusion-one-full fusion-column-first fusion-column-last\" style=\"--awb-bg-size:cover;\"><div class=\"fusion-column-wrapper fusion-column-has-shadow fusion-flex-column-wrapper-legacy\"><div class=\"fusion-image-carousel fusion-image-carousel-auto fusion-image-carousel-1 fusion-carousel-border\"><div class=\"awb-carousel awb-swiper awb-swiper-carousel awb-carousel--carousel awb-swiper-dots-position-bottom\" data-layout=\"carousel\" data-autoplay=\"yes\" data-autoplayspeed=\"2500\" data-autoplaypause=\"no\" data-loop=\"yes\" data-columns=\"1\" data-columnsmedium=\"1\" data-columnssmall=\"1\" data-itemmargin=\"13\" data-itemwidth=\"180\" data-touchscroll=\"no\" data-freemode=\"no\" data-imagesize=\"auto\" data-scrollitems=\"0\" data-centeredslides=\"no\" data-rotationangle=\"50\" data-depth=\"100\" data-speed=\"500\" data-shadow=\"no\" data-pagination=\"bullets\" style=\"--awb-columns:1;--awb-border-width:1px;--awb-border-color:#e9eaee;\"><div class=\"swiper-wrapper awb-image-carousel-wrapper fusion-flex-align-items-center\"><div class=\"swiper-slide\"><div class=\"fusion-carousel-item-wrapper\"><div class=\"fusion-image-wrapper hover-type-none\"><img decoding=\"async\" width=\"2560\" height=\"1280\" src=\"https:\/\/caspae.pt\/PT\/wp-content\/uploads\/2024\/10\/aec-scaled.jpg\" class=\"attachment-full size-full\" alt=\"\" srcset=\"https:\/\/caspae.pt\/PT\/wp-content\/uploads\/2024\/10\/aec-200x100.jpg 200w, https:\/\/caspae.pt\/PT\/wp-content\/uploads\/2024\/10\/aec-300x150.jpg 300w, https:\/\/caspae.pt\/PT\/wp-content\/uploads\/2024\/10\/aec-400x200.jpg 400w, https:\/\/caspae.pt\/PT\/wp-content\/uploads\/2024\/10\/aec-600x300.jpg 600w, https:\/\/caspae.pt\/PT\/wp-content\/uploads\/2024\/10\/aec-768x384.jpg 768w, https:\/\/caspae.pt\/PT\/wp-content\/uploads\/2024\/10\/aec-800x400.jpg 800w, https:\/\/caspae.pt\/PT\/wp-content\/uploads\/2024\/10\/aec-1024x512.jpg 1024w, https:\/\/caspae.pt\/PT\/wp-content\/uploads\/2024\/10\/aec-1200x600.jpg 1200w, https:\/\/caspae.pt\/PT\/wp-content\/uploads\/2024\/10\/aec-1536x768.jpg 1536w, https:\/\/caspae.pt\/PT\/wp-content\/uploads\/2024\/10\/aec-scaled.jpg 2560w\" sizes=\"(max-width: 2560px) 100vw, 2560px\" \/><\/div><\/div><\/div><div class=\"swiper-slide\"><div class=\"fusion-carousel-item-wrapper\"><div class=\"fusion-image-wrapper hover-type-none\"><img decoding=\"async\" width=\"2560\" height=\"1280\" src=\"https:\/\/caspae.pt\/PT\/wp-content\/uploads\/2024\/10\/aec-2-scaled.jpg\" class=\"attachment-full size-full\" alt=\"\" srcset=\"https:\/\/caspae.pt\/PT\/wp-content\/uploads\/2024\/10\/aec-2-200x100.jpg 200w, https:\/\/caspae.pt\/PT\/wp-content\/uploads\/2024\/10\/aec-2-300x150.jpg 300w, https:\/\/caspae.pt\/PT\/wp-content\/uploads\/2024\/10\/aec-2-400x200.jpg 400w, https:\/\/caspae.pt\/PT\/wp-content\/uploads\/2024\/10\/aec-2-600x300.jpg 600w, https:\/\/caspae.pt\/PT\/wp-content\/uploads\/2024\/10\/aec-2-768x384.jpg 768w, https:\/\/caspae.pt\/PT\/wp-content\/uploads\/2024\/10\/aec-2-800x400.jpg 800w, https:\/\/caspae.pt\/PT\/wp-content\/uploads\/2024\/10\/aec-2-1024x512.jpg 1024w, https:\/\/caspae.pt\/PT\/wp-content\/uploads\/2024\/10\/aec-2-1200x600.jpg 1200w, https:\/\/caspae.pt\/PT\/wp-content\/uploads\/2024\/10\/aec-2-1536x768.jpg 1536w, https:\/\/caspae.pt\/PT\/wp-content\/uploads\/2024\/10\/aec-2-scaled.jpg 2560w\" sizes=\"(max-width: 2560px) 100vw, 2560px\" \/><\/div><\/div><\/div><div class=\"swiper-slide\"><div class=\"fusion-carousel-item-wrapper\"><div class=\"fusion-image-wrapper hover-type-none\"><img decoding=\"async\" width=\"2560\" height=\"1280\" src=\"https:\/\/caspae.pt\/PT\/wp-content\/uploads\/2024\/10\/aec-4-scaled.jpg\" class=\"attachment-full size-full\" alt=\"\" srcset=\"https:\/\/caspae.pt\/PT\/wp-content\/uploads\/2024\/10\/aec-4-200x100.jpg 200w, https:\/\/caspae.pt\/PT\/wp-content\/uploads\/2024\/10\/aec-4-300x150.jpg 300w, https:\/\/caspae.pt\/PT\/wp-content\/uploads\/2024\/10\/aec-4-400x200.jpg 400w, https:\/\/caspae.pt\/PT\/wp-content\/uploads\/2024\/10\/aec-4-600x300.jpg 600w, https:\/\/caspae.pt\/PT\/wp-content\/uploads\/2024\/10\/aec-4-768x384.jpg 768w, https:\/\/caspae.pt\/PT\/wp-content\/uploads\/2024\/10\/aec-4-800x400.jpg 800w, https:\/\/caspae.pt\/PT\/wp-content\/uploads\/2024\/10\/aec-4-1024x512.jpg 1024w, https:\/\/caspae.pt\/PT\/wp-content\/uploads\/2024\/10\/aec-4-1200x600.jpg 1200w, https:\/\/caspae.pt\/PT\/wp-content\/uploads\/2024\/10\/aec-4-1536x768.jpg 1536w, https:\/\/caspae.pt\/PT\/wp-content\/uploads\/2024\/10\/aec-4-scaled.jpg 2560w\" sizes=\"(max-width: 2560px) 100vw, 2560px\" \/><\/div><\/div><\/div><div class=\"swiper-slide\"><div class=\"fusion-carousel-item-wrapper\"><div class=\"fusion-image-wrapper hover-type-none\"><img decoding=\"async\" width=\"2560\" height=\"1280\" src=\"https:\/\/caspae.pt\/PT\/wp-content\/uploads\/2024\/10\/aec-3-scaled.jpg\" class=\"attachment-full size-full\" alt=\"\" srcset=\"https:\/\/caspae.pt\/PT\/wp-content\/uploads\/2024\/10\/aec-3-200x100.jpg 200w, https:\/\/caspae.pt\/PT\/wp-content\/uploads\/2024\/10\/aec-3-300x150.jpg 300w, https:\/\/caspae.pt\/PT\/wp-content\/uploads\/2024\/10\/aec-3-400x200.jpg 400w, https:\/\/caspae.pt\/PT\/wp-content\/uploads\/2024\/10\/aec-3-600x300.jpg 600w, https:\/\/caspae.pt\/PT\/wp-content\/uploads\/2024\/10\/aec-3-768x384.jpg 768w, https:\/\/caspae.pt\/PT\/wp-content\/uploads\/2024\/10\/aec-3-800x400.jpg 800w, https:\/\/caspae.pt\/PT\/wp-content\/uploads\/2024\/10\/aec-3-1024x512.jpg 1024w, https:\/\/caspae.pt\/PT\/wp-content\/uploads\/2024\/10\/aec-3-1200x600.jpg 1200w, https:\/\/caspae.pt\/PT\/wp-content\/uploads\/2024\/10\/aec-3-1536x768.jpg 1536w, https:\/\/caspae.pt\/PT\/wp-content\/uploads\/2024\/10\/aec-3-scaled.jpg 2560w\" sizes=\"(max-width: 2560px) 100vw, 2560px\" \/><\/div><\/div><\/div><\/div><div class=\"awb-swiper-button awb-swiper-button-prev\"><i class=\"awb-icon-angle-left\" aria-hidden=\"true\"><\/i><\/div><div class=\"awb-swiper-button awb-swiper-button-next\"><i class=\"awb-icon-angle-right\" aria-hidden=\"true\"><\/i><\/div><\/div><\/div><div class=\"fusion-clearfix\"><\/div><\/div><\/div><\/div><\/div><\/p>\n","protected":false},"excerpt":{"rendered":"","protected":false},"author":1,"featured_media":0,"parent":0,"menu_order":0,"comment_status":"closed","ping_status":"closed","template":"100-width.php","meta":{"footnotes":""},"class_list":["post-13650","page","type-page","status-publish","hentry"],"_links":{"self":[{"href":"https:\/\/caspae.pt\/PT\/wp-json\/wp\/v2\/pages\/13650","targetHints":{"allow":["GET"]}}],"collection":[{"href":"https:\/\/caspae.pt\/PT\/wp-json\/wp\/v2\/pages"}],"about":[{"href":"https:\/\/caspae.pt\/PT\/wp-json\/wp\/v2\/types\/page"}],"author":[{"embeddable":true,"href":"https:\/\/caspae.pt\/PT\/wp-json\/wp\/v2\/users\/1"}],"replies":[{"embeddable":true,"href":"https:\/\/caspae.pt\/PT\/wp-json\/wp\/v2\/comments?post=13650"}],"version-history":[{"count":20,"href":"https:\/\/caspae.pt\/PT\/wp-json\/wp\/v2\/pages\/13650\/revisions"}],"predecessor-version":[{"id":16313,"href":"https:\/\/caspae.pt\/PT\/wp-json\/wp\/v2\/pages\/13650\/revisions\/16313"}],"wp:attachment":[{"href":"https:\/\/caspae.pt\/PT\/wp-json\/wp\/v2\/media?parent=13650"}],"curies":[{"name":"wp","href":"https:\/\/api.w.org\/{rel}","templated":true}]}}