{"id":13456,"date":"2023-03-23T22:44:01","date_gmt":"2023-03-23T22:44:01","guid":{"rendered":"https:\/\/caspae.pt\/PT\/?page_id=13456"},"modified":"2024-05-28T20:52:59","modified_gmt":"2024-05-28T20:52:59","slug":"civiact","status":"publish","type":"page","link":"https:\/\/caspae.pt\/PT\/civiact\/","title":{"rendered":"CiviAct"},"content":{"rendered":"<p><div class=\"fusion-fullwidth fullwidth-box fusion-builder-row-1 nonhundred-percent-fullwidth non-hundred-percent-height-scrolling fusion-no-large-visibility\" style=\"--awb-border-radius-top-left:0px;--awb-border-radius-top-right:0px;--awb-border-radius-bottom-right:0px;--awb-border-radius-bottom-left:0px;--awb-flex-wrap:wrap;\" ><div class=\"fusion-builder-row fusion-row\"><div class=\"fusion-layout-column fusion_builder_column fusion-builder-column-0 fusion_builder_column_1_1 1_1 fusion-one-full fusion-column-first fusion-column-last\" style=\"--awb-bg-size:cover;\"><div class=\"fusion-column-wrapper fusion-column-has-shadow fusion-flex-column-wrapper-legacy\"><div class=\"fusion-modal modal fade modal-1 Call_CiciAct\" tabindex=\"-1\" role=\"dialog\" aria-labelledby=\"modal-heading-1\" aria-hidden=\"true\" style=\"--awb-border-color:#ecefef;--awb-background:#f2f3f3;\"><div class=\"modal-dialog modal-lg\" role=\"document\"><div class=\"modal-content fusion-modal-content\"><div class=\"modal-header\"><button class=\"close\" type=\"button\" data-dismiss=\"modal\" aria-hidden=\"true\" aria-label=\"Close\">&times;<\/button><h3 class=\"modal-title\" id=\"modal-heading-1\" data-dismiss=\"modal\" aria-hidden=\"true\"><\/h3><\/div><div class=\"modal-body fusion-clearfix\">\n<p><strong>Marco Gomes:<\/strong><\/p>\n<p><span style=\"font-weight: 400;\">Colaborador desde 2014 iniciou o seu percurso nesta institui\u00e7\u00e3o em 2012 como volunt\u00e1rio. Exerceu fun\u00e7\u00f5es como t\u00e9cnico e dinamizador comunit\u00e1rio (2014) e como animador sociocultural (2016-2021) com crian\u00e7as e jovens residentes em contextos vulner\u00e1veis, assumiu-se como um modelo positivo de inclus\u00e3o social para estes. Nesse per\u00edodo deu apoio \u00e0 coordena\u00e7\u00e3o de projetos (conce\u00e7\u00e3o de relat\u00f3rios de execu\u00e7\u00e3o e \u00e1rea administrativa), organizou e dinamizou eventos culturais, art\u00edsticos e desportivos, criou e dinamizou atividades com crian\u00e7as e jovens com base em estrat\u00e9gias de Educa\u00e7\u00e3o N\u00e3o Formal, realizou mentoring com jovens conduzindo \u00e0 coconstru\u00e7\u00e3o de projetos de vida pessoais e profissionais de sucesso, criou produtos de comunica\u00e7\u00e3o\/divulga\u00e7\u00e3o sendo de destacar a Galeria Fotogr\u00e1fica Reclus@ 008.\u00a0<\/span><\/p>\n<p><span style=\"font-weight: 400;\">A par das v\u00e1rias forma\u00e7\u00f5es complementares, ao seu 12.\u00ba ano, para desenvolvimento e certifica\u00e7\u00e3o de compet\u00eancias \u00e9 s\u00f3cio fundador da Associa\u00e7\u00e3o Juvenil C\u00f3digAtomiko.<\/span><\/p>\n<p><strong>Testemunho:<\/strong><\/p>\n<p><span style=\"font-weight: 400;\">\u201cO projeto CiviAct nasce a partir da identifica\u00e7\u00e3o de um problema central que existe com especial incid\u00eancia em territ\u00f3rios vulner\u00e1veis da Cidade de Coimbra: o n\u00famero de jovens NEET (n\u00e3o trabalham, n\u00e3o estudam nem seguem uma forma\u00e7\u00e3o). Este emerge por via do agravamento de comportamentos de perigo na inf\u00e2ncia e juventude, do abandono escolar e de forma\u00e7\u00e3o precoce dos jovens que influencia formas de inadapta\u00e7\u00e3o e rutura social.<\/span><\/p>\n<p><span style=\"font-weight: 400;\">Assume-se como um projeto piloto que ir\u00e1 implementar uma metodologia experimental como resposta a duas dimens\u00f5es Educa\u00e7\u00e3o-Forma\u00e7\u00e3o e Cidadania Ativa respons\u00e1vel, atrav\u00e9s de uma estrat\u00e9gia que consiste na Capacita\u00e7\u00e3o em:<\/span><\/p>\n<ol>\n<li style=\"font-weight: 400;\" aria-level=\"1\"><span style=\"font-weight: 400;\">Voluntariado (a\u00e7\u00e3o central) enquanto mecanismo de interven\u00e7\u00e3o na preven\u00e7\u00e3o de jovens NEET;<\/span><\/li>\n<li style=\"font-weight: 400;\" aria-level=\"1\"><span style=\"font-weight: 400;\">Recurso \u00e0 Capacita\u00e7\u00e3o pela Arte (A2) em particular o Teatro do Oprimido, enquanto metodologia comprovada na inclus\u00e3o social com p\u00fablicos vulner\u00e1veis.\u201d<\/span><\/li>\n<\/ol>\n<\/div><div class=\"modal-footer\"><button class=\"fusion-button button-default button-medium button default medium\" type=\"button\" data-dismiss=\"modal\">Close<\/button><\/div><\/div><\/div><\/div><div class=\"fusion-clearfix\"><\/div><\/div><\/div><div class=\"fusion-layout-column fusion_builder_column fusion-builder-column-1 fusion_builder_column_1_1 1_1 fusion-one-full fusion-column-first fusion-column-last fusion-animated\" style=\"--awb-bg-size:cover;\" data-animationType=\"fadeInRight\" data-animationDuration=\"0.8\" data-animationOffset=\"top-into-view\"><div class=\"fusion-column-wrapper fusion-flex-column-wrapper-legacy\"><div class=\"fusion-title title fusion-title-1 fusion-sep-none fusion-title-text fusion-title-size-three\" style=\"--awb-margin-bottom:5px;--awb-margin-top-small:0px;--awb-margin-right-small:0px;--awb-margin-bottom-small:20px;--awb-margin-left-small:0px;\"><h3 class=\"fusion-title-heading title-heading-left fusion-responsive-typography-calculated\" style=\"margin:0;--fontSize:26;--minFontSize:26;line-height:1.3;\"><p style=\"text-align: center;\"><b>CIVIACT<\/b><\/p><\/h3><\/div><div class=\"fusion-sep-clear\"><\/div><div class=\"fusion-separator fusion-full-width-sep\" style=\"margin-left: auto;margin-right: auto;margin-top:15px;margin-bottom:15px;width:100%;\"><div class=\"fusion-separator-border sep-single sep-solid\" style=\"--awb-height:20px;--awb-amount:20px;border-color:#ecefef;border-top-width:1px;\"><\/div><\/div><div class=\"fusion-sep-clear\"><\/div><div class=\"fusion-text fusion-text-1\"><p><span style=\"font-weight: 400;\">O CiviAct \u00e9 um projeto piloto que ir\u00e1 implementar uma metodologia experimental como resposta a duas dimens\u00f5es -Educa\u00e7\u00e3o-Forma\u00e7\u00e3o e Cidadania Ativa respons\u00e1vel. Da sua implementa\u00e7\u00e3o ser\u00e3o criados produtos para o empoderamento de grupos vulner\u00e1veis.<br \/>\nO projeto CiviAct \u00e9 promovido pelo CASPAE 10, sedeado em Coimbra, com financiamento proveniente da Isl\u00e2ndia, Liechtenstein e Noruega atrav\u00e9s do Active Citizens Fund\/EEA Grants \u2013 Programa Cidad\u00e3os Ativ@s -, cuja responsabilidade de gest\u00e3o em Portugal \u00e9 da Funda\u00e7\u00e3o Calouste Gulbenkian em cons\u00f3rcio com a Funda\u00e7\u00e3o Bissaya Barreto. \u00c9 implementado pelo CASPAE 10 e pelo parceiro C\u00e2mara Municipal de Coimbra. <\/span><\/p>\n<\/div><div class=\"fusion-text fusion-text-2\"><blockquote>\n<p><strong><i>\u201cNo Teatro do Oprimido, refletimos sobre o passado, ensaiamos sua transforma\u00e7\u00e3o no presente, para inventarmos o futuro desejado, porque ser cidad\u00e3o \u00e9 transformar a realidade e viver \u00e9 mudar o mundo&#8221; (Augusto Boal).<\/i><\/strong><\/p>\n<\/blockquote>\n<\/div><div class=\"fusion-person person fusion-person-center fusion-person-1 fusion-person-icon-bottom\" style=\"--awb-pic-style-color:#1b2032;--awb-margin-top:0px;--awb-margin-right:0px;--awb-margin-bottom:0px;--awb-margin-left:0px;--awb-social-box-border-top:0px;--awb-social-box-border-right:0px;--awb-social-box-border-bottom:0px;--awb-social-box-border-left:0px;--awb-social-box-border-color:var(--awb-color3);--awb-social-box-border-color-hover:var(--awb-color4);--awb-social-box-colors-hover:rgba(150,159,172,0.096);--awb-social-icon-boxed-colors:rgba(150,159,172,0.12);--awb-social-icon-colors:#969fac;--awb-social-icon-colors-hover:rgba(150,159,172,0.8);\"><div class=\"person-shortcode-image-wrapper\"><div class=\"person-image-container hover-type-none\" style=\"border:0px solid #ecefef;\"><img decoding=\"async\" class=\"person-img img-responsive wp-image-14240\" width=\"1024\" height=\"1024\" src=\"https:\/\/caspae.pt\/PT\/wp-content\/uploads\/2023\/08\/ARTE-E-CULTURA-MARCO-GOMES-1024x1024.jpg\" srcset=\"https:\/\/caspae.pt\/PT\/wp-content\/uploads\/2023\/08\/ARTE-E-CULTURA-MARCO-GOMES-200x200.jpg 200w, https:\/\/caspae.pt\/PT\/wp-content\/uploads\/2023\/08\/ARTE-E-CULTURA-MARCO-GOMES-400x400.jpg 400w, https:\/\/caspae.pt\/PT\/wp-content\/uploads\/2023\/08\/ARTE-E-CULTURA-MARCO-GOMES-600x600.jpg 600w, https:\/\/caspae.pt\/PT\/wp-content\/uploads\/2023\/08\/ARTE-E-CULTURA-MARCO-GOMES-800x800.jpg 800w, https:\/\/caspae.pt\/PT\/wp-content\/uploads\/2023\/08\/ARTE-E-CULTURA-MARCO-GOMES-1200x1200.jpg 1200w, https:\/\/caspae.pt\/PT\/wp-content\/uploads\/2023\/08\/ARTE-E-CULTURA-MARCO-GOMES.jpg 1280w\" sizes=\"(max-width: 1000px) 100vw, 1200px\" \/><\/div><\/div><div class=\"person-desc\"><div class=\"person-author\"><div class=\"person-author-wrapper\"><span class=\"person-name\"><\/span><span class=\"person-title\">Gestor<\/span><\/div><\/div><div class=\"person-content fusion-clearfix\"><\/div><\/div><\/div><div class=\"fusion-button-wrapper fusion-aligncenter\"><a class=\"fusion-button button-flat fusion-button-default-size button-lightgray fusion-button-lightgray button-1 fusion-button-default-span fusion-button-default-type\" target=\"_self\" href=\"#\" data-toggle=\"modal\" data-target=\".fusion-modal.Call_CiciAct\"><i class=\"fa-plus-circle fas awb-button__icon awb-button__icon--default button-icon-left\" aria-hidden=\"true\"><\/i><span class=\"fusion-button-text awb-button__text awb-button__text--default\">Marco Gomes<\/span><\/a><\/div><div class=\"fusion-sep-clear\"><\/div><div class=\"fusion-separator fusion-full-width-sep\" style=\"margin-left: auto;margin-right: auto;margin-top:20px;width:100%;\"><\/div><div class=\"fusion-sep-clear\"><\/div><div class=\"aligncenter\"><div class=\"fusion-social-links fusion-social-links-1\" style=\"--awb-margin-top:0px;--awb-margin-right:0px;--awb-margin-bottom:0px;--awb-margin-left:0px;--awb-alignment:center;--awb-box-border-top:0px;--awb-box-border-right:0px;--awb-box-border-bottom:0px;--awb-box-border-left:0px;--awb-icon-colors-hover:rgba(150,159,172,0.8);--awb-box-colors-hover:rgba(150,159,172,0.096);--awb-box-border-color:var(--awb-color3);--awb-box-border-color-hover:var(--awb-color4);\"><div class=\"fusion-social-networks color-type-custom\"><div class=\"fusion-social-networks-wrapper\"><a class=\"fusion-social-network-icon fusion-tooltip fusion-facebook awb-icon-facebook\" style=\"color:#969fac;font-size:16px;\" data-placement=\"top\" data-title=\"Facebook\" data-toggle=\"tooltip\" title=\"Facebook\" aria-label=\"facebook\" target=\"_blank\" rel=\"noopener noreferrer\" href=\"https:\/\/www.facebook.com\/groups\/6390249277661804\/\"><\/a><a class=\"fusion-social-network-icon fusion-tooltip fusion-mail awb-icon-mail\" style=\"color:#969fac;font-size:16px;\" data-placement=\"top\" data-title=\"Email (necess\u00e1rio mas n\u00e3o publicado)\" data-toggle=\"tooltip\" title=\"Email (necess\u00e1rio mas n\u00e3o publicado)\" aria-label=\"mail\" target=\"_blank\" rel=\"noopener noreferrer\" href=\"mailto:mar&#099;&#111;.&#103;om&#101;s&#064;ca&#115;&#112;ae&#046;pt\"><\/a><a class=\"fusion-social-network-icon fusion-tooltip fusion-instagram awb-icon-instagram\" style=\"color:#969fac;font-size:16px;\" data-placement=\"top\" data-title=\"Instagram\" data-toggle=\"tooltip\" title=\"Instagram\" aria-label=\"instagram\" target=\"_blank\" rel=\"noopener noreferrer\" href=\"https:\/\/www.instagram.com\/caspae\/\"><\/a><a class=\"fusion-social-network-icon fusion-tooltip fusion-linkedin awb-icon-linkedin\" style=\"color:#969fac;font-size:16px;\" data-placement=\"top\" data-title=\"LinkedIn\" data-toggle=\"tooltip\" title=\"LinkedIn\" aria-label=\"linkedin\" target=\"_blank\" rel=\"noopener noreferrer\" href=\"https:\/\/www.linkedin.com\/company\/1021426\"><\/a><\/div><\/div><\/div><\/div><div class=\"fusion-sep-clear\"><\/div><div class=\"fusion-separator fusion-full-width-sep\" style=\"margin-left: auto;margin-right: auto;margin-top:20px;width:100%;\"><\/div><div class=\"fusion-sep-clear\"><\/div><div class=\"fusion-button-wrapper fusion-aligncenter\"><a class=\"fusion-button button-flat fusion-button-default-size button-default fusion-button-default button-2 fusion-button-default-span fusion-button-default-type\" target=\"_self\" href=\"https:\/\/caspae.pt\/PT\/wp-content\/uploads\/2023\/03\/PROJETO_CiviAct_2023.pdf\"><span class=\"fusion-button-text awb-button__text awb-button__text--default\">Projeto<\/span><\/a><\/div><div class=\"fusion-sep-clear\"><\/div><div class=\"fusion-separator fusion-full-width-sep\" style=\"margin-left: auto;margin-right: auto;margin-top:20px;width:100%;\"><\/div><div class=\"fusion-sep-clear\"><\/div><div class=\"fusion-button-wrapper fusion-aligncenter\"><a class=\"fusion-button button-flat fusion-button-default-size button-default fusion-button-default button-3 fusion-button-default-span fusion-button-default-type\" target=\"_self\" href=\"https:\/\/youtu.be\/9xQUMobVztI\"><span class=\"fusion-button-text awb-button__text awb-button__text--default\">V\u00eddeo Promocional<\/span><\/a><\/div><div class=\"fusion-sep-clear\"><\/div><div class=\"fusion-separator fusion-full-width-sep\" style=\"margin-left: auto;margin-right: auto;margin-top:20px;width:100%;\"><\/div><div class=\"fusion-sep-clear\"><\/div><div class=\"fusion-clearfix\"><\/div><\/div><\/div><\/div><\/div><div class=\"fusion-fullwidth fullwidth-box fusion-builder-row-2 nonhundred-percent-fullwidth non-hundred-percent-height-scrolling fusion-no-small-visibility fusion-no-medium-visibility\" style=\"--awb-border-radius-top-left:0px;--awb-border-radius-top-right:0px;--awb-border-radius-bottom-right:0px;--awb-border-radius-bottom-left:0px;--awb-flex-wrap:wrap;\" ><div class=\"fusion-builder-row fusion-row\"><div class=\"fusion-layout-column fusion_builder_column fusion-builder-column-2 fusion_builder_column_2_3 2_3 fusion-two-third fusion-column-first fusion-animated\" style=\"--awb-bg-size:cover;width:66.666666666667%;width:calc(66.666666666667% - ( ( 10% ) * 0.66666666666667 ) );margin-right: 10%;\" data-animationType=\"fadeInRight\" data-animationDuration=\"0.8\" data-animationOffset=\"top-into-view\"><div class=\"fusion-column-wrapper fusion-flex-column-wrapper-legacy\"><div class=\"fusion-title title fusion-title-2 fusion-sep-none fusion-title-text fusion-title-size-three\" style=\"--awb-margin-bottom:5px;--awb-margin-top-small:0px;--awb-margin-right-small:0px;--awb-margin-bottom-small:20px;--awb-margin-left-small:0px;\"><h3 class=\"fusion-title-heading title-heading-left fusion-responsive-typography-calculated\" style=\"margin:0;--fontSize:26;--minFontSize:26;line-height:1.3;\"><p style=\"text-align: center;\"><b>CIVIACT<\/b><\/p><\/h3><\/div><div class=\"fusion-sep-clear\"><\/div><div class=\"fusion-separator fusion-full-width-sep\" style=\"margin-left: auto;margin-right: auto;margin-top:15px;margin-bottom:15px;width:100%;\"><div class=\"fusion-separator-border sep-single sep-solid\" style=\"--awb-height:20px;--awb-amount:20px;border-color:#ecefef;border-top-width:1px;\"><\/div><\/div><div class=\"fusion-sep-clear\"><\/div><div class=\"fusion-text fusion-text-3\"><p><span style=\"font-weight: 400;\">O CiviAct \u00e9 um projeto piloto que ir\u00e1 implementar uma metodologia experimental como resposta a duas dimens\u00f5es -Educa\u00e7\u00e3o-Forma\u00e7\u00e3o e Cidadania Ativa respons\u00e1vel. Da sua implementa\u00e7\u00e3o ser\u00e3o criados produtos para o empoderamento de grupos vulner\u00e1veis.<br \/>\nO projeto CiviAct \u00e9 promovido pelo CASPAE 10, sedeado em Coimbra, com financiamento proveniente da Isl\u00e2ndia, Liechtenstein e Noruega atrav\u00e9s do Active Citizens Fund\/EEA Grants \u2013 Programa Cidad\u00e3os Ativ@s -, cuja responsabilidade de gest\u00e3o em Portugal \u00e9 da Funda\u00e7\u00e3o Calouste Gulbenkian em cons\u00f3rcio com a Funda\u00e7\u00e3o Bissaya Barreto. \u00c9 implementado pelo CASPAE 10 e pelo parceiro C\u00e2mara Municipal de Coimbra.<br \/>\n<\/span><\/p>\n<\/div><div class=\"fusion-text fusion-text-4\"><blockquote>\n<p><strong><i>\u201cNo Teatro do Oprimido, refletimos sobre o passado, ensaiamos sua transforma\u00e7\u00e3o no presente, para inventarmos o futuro desejado, porque ser cidad\u00e3o \u00e9 transformar a realidade e viver \u00e9 mudar o mundo&#8221; (Augusto Boal).<\/i><\/strong><\/p>\n<\/blockquote>\n<\/div><div class=\"fusion-clearfix\"><\/div><\/div><\/div><div class=\"fusion-layout-column fusion_builder_column fusion-builder-column-3 fusion_builder_column_1_3 1_3 fusion-one-third fusion-column-last\" style=\"--awb-bg-size:cover;width:33.333333333333%;width:calc(33.333333333333% - ( ( 10% ) * 0.33333333333333 ) );\"><div class=\"fusion-column-wrapper fusion-column-has-shadow fusion-flex-column-wrapper-legacy\"><div class=\"fusion-person person fusion-person-center fusion-person-2 fusion-person-icon-bottom\" style=\"--awb-pic-style-color:#1b2032;--awb-margin-top:0px;--awb-margin-right:0px;--awb-margin-bottom:0px;--awb-margin-left:0px;--awb-social-box-border-top:0px;--awb-social-box-border-right:0px;--awb-social-box-border-bottom:0px;--awb-social-box-border-left:0px;--awb-social-box-border-color:var(--awb-color3);--awb-social-box-border-color-hover:var(--awb-color4);--awb-social-box-colors-hover:rgba(150,159,172,0.096);--awb-social-icon-boxed-colors:rgba(150,159,172,0.12);--awb-social-icon-colors:#969fac;--awb-social-icon-colors-hover:rgba(150,159,172,0.8);\"><div class=\"person-shortcode-image-wrapper\"><div class=\"person-image-container hover-type-none\" style=\"border:0px solid #ecefef;\"><img decoding=\"async\" class=\"person-img img-responsive wp-image-14240\" width=\"1024\" height=\"1024\" src=\"https:\/\/caspae.pt\/PT\/wp-content\/uploads\/2023\/08\/ARTE-E-CULTURA-MARCO-GOMES-1024x1024.jpg\" srcset=\"https:\/\/caspae.pt\/PT\/wp-content\/uploads\/2023\/08\/ARTE-E-CULTURA-MARCO-GOMES-200x200.jpg 200w, https:\/\/caspae.pt\/PT\/wp-content\/uploads\/2023\/08\/ARTE-E-CULTURA-MARCO-GOMES-400x400.jpg 400w, https:\/\/caspae.pt\/PT\/wp-content\/uploads\/2023\/08\/ARTE-E-CULTURA-MARCO-GOMES-600x600.jpg 600w, https:\/\/caspae.pt\/PT\/wp-content\/uploads\/2023\/08\/ARTE-E-CULTURA-MARCO-GOMES-800x800.jpg 800w, https:\/\/caspae.pt\/PT\/wp-content\/uploads\/2023\/08\/ARTE-E-CULTURA-MARCO-GOMES-1200x1200.jpg 1200w, https:\/\/caspae.pt\/PT\/wp-content\/uploads\/2023\/08\/ARTE-E-CULTURA-MARCO-GOMES.jpg 1280w\" sizes=\"(max-width: 1000px) 100vw, 400px\" \/><\/div><\/div><div class=\"person-desc\"><div class=\"person-author\"><div class=\"person-author-wrapper\"><span class=\"person-name\"><\/span><span class=\"person-title\">Gestor<\/span><\/div><\/div><div class=\"person-content fusion-clearfix\"><\/div><\/div><\/div><div class=\"fusion-button-wrapper fusion-aligncenter\"><a class=\"fusion-button button-flat fusion-button-default-size button-lightgray fusion-button-lightgray button-4 fusion-button-default-span fusion-button-default-type\" target=\"_self\" href=\"#\" data-toggle=\"modal\" data-target=\".fusion-modal.Call_CiciAct\"><i class=\"fa-plus-circle fas awb-button__icon awb-button__icon--default button-icon-left\" aria-hidden=\"true\"><\/i><span class=\"fusion-button-text awb-button__text awb-button__text--default\">Marco Gomes<\/span><\/a><\/div><div class=\"fusion-sep-clear\"><\/div><div class=\"fusion-separator fusion-full-width-sep\" style=\"margin-left: auto;margin-right: auto;margin-top:30px;width:100%;\"><\/div><div class=\"fusion-sep-clear\"><\/div><div class=\"aligncenter\"><div class=\"fusion-social-links fusion-social-links-2\" style=\"--awb-margin-top:0px;--awb-margin-right:0px;--awb-margin-bottom:0px;--awb-margin-left:0px;--awb-alignment:center;--awb-box-border-top:0px;--awb-box-border-right:0px;--awb-box-border-bottom:0px;--awb-box-border-left:0px;--awb-icon-colors-hover:rgba(150,159,172,0.8);--awb-box-colors-hover:rgba(150,159,172,0.096);--awb-box-border-color:var(--awb-color3);--awb-box-border-color-hover:var(--awb-color4);\"><div class=\"fusion-social-networks color-type-custom\"><div class=\"fusion-social-networks-wrapper\"><a class=\"fusion-social-network-icon fusion-tooltip fusion-facebook awb-icon-facebook\" style=\"color:#969fac;font-size:16px;\" data-placement=\"top\" data-title=\"Facebook\" data-toggle=\"tooltip\" title=\"Facebook\" aria-label=\"facebook\" target=\"_blank\" rel=\"noopener noreferrer\" href=\"https:\/\/www.facebook.com\/groups\/6390249277661804\/\"><\/a><a class=\"fusion-social-network-icon fusion-tooltip fusion-mail awb-icon-mail\" style=\"color:#969fac;font-size:16px;\" data-placement=\"top\" data-title=\"Email (necess\u00e1rio mas n\u00e3o publicado)\" data-toggle=\"tooltip\" title=\"Email (necess\u00e1rio mas n\u00e3o publicado)\" aria-label=\"mail\" target=\"_blank\" rel=\"noopener noreferrer\" href=\"mailto:ma&#114;&#099;&#111;.go&#109;&#101;s&#064;ca&#115;&#112;a&#101;.&#112;&#116;\"><\/a><a class=\"fusion-social-network-icon fusion-tooltip fusion-instagram awb-icon-instagram\" style=\"color:#969fac;font-size:16px;\" data-placement=\"top\" data-title=\"Instagram\" data-toggle=\"tooltip\" title=\"Instagram\" aria-label=\"instagram\" target=\"_blank\" rel=\"noopener noreferrer\" href=\"https:\/\/www.instagram.com\/caspae\/\"><\/a><a class=\"fusion-social-network-icon fusion-tooltip fusion-linkedin awb-icon-linkedin\" style=\"color:#969fac;font-size:16px;\" data-placement=\"top\" data-title=\"LinkedIn\" data-toggle=\"tooltip\" title=\"LinkedIn\" aria-label=\"linkedin\" target=\"_blank\" rel=\"noopener noreferrer\" href=\"https:\/\/www.linkedin.com\/company\/1021426\"><\/a><\/div><\/div><\/div><\/div><div class=\"fusion-clearfix\"><\/div><\/div><\/div><div class=\"fusion-layout-column fusion_builder_column fusion-builder-column-4 fusion_builder_column_1_4 1_4 fusion-one-fourth fusion-column-first\" style=\"--awb-bg-size:cover;width:25%;width:calc(25% - ( ( 4% ) * 0.25 ) );margin-right: 4%;\"><div class=\"fusion-column-wrapper fusion-column-has-shadow fusion-flex-column-wrapper-legacy\"><div class=\"fusion-button-wrapper fusion-aligncenter\"><a class=\"fusion-button button-flat fusion-button-default-size button-default fusion-button-default button-5 fusion-button-default-span fusion-button-default-type\" target=\"_self\" href=\"https:\/\/caspae.pt\/PT\/wp-content\/uploads\/2023\/03\/PROJETO_CiviAct_2023.pdf\"><span class=\"fusion-button-text awb-button__text awb-button__text--default\">Projeto<\/span><\/a><\/div><div class=\"fusion-clearfix\"><\/div><\/div><\/div><div class=\"fusion-layout-column fusion_builder_column fusion-builder-column-5 fusion_builder_column_1_4 1_4 fusion-one-fourth fusion-column-last\" style=\"--awb-bg-size:cover;width:25%;width:calc(25% - ( ( 4% ) * 0.25 ) );\"><div class=\"fusion-column-wrapper fusion-column-has-shadow fusion-flex-column-wrapper-legacy\"><div class=\"fusion-button-wrapper fusion-aligncenter\"><a class=\"fusion-button button-flat fusion-button-default-size button-default fusion-button-default button-6 fusion-button-default-span fusion-button-default-type\" target=\"_self\" href=\"https:\/\/youtu.be\/9xQUMobVztI\"><span class=\"fusion-button-text awb-button__text awb-button__text--default\">V\u00eddeo Promocional<\/span><\/a><\/div><div class=\"fusion-clearfix\"><\/div><\/div><\/div><\/div><\/div><div class=\"fusion-fullwidth fullwidth-box fusion-builder-row-3 fusion-flex-container nonhundred-percent-fullwidth non-hundred-percent-height-scrolling\" style=\"--awb-border-radius-top-left:0px;--awb-border-radius-top-right:0px;--awb-border-radius-bottom-right:0px;--awb-border-radius-bottom-left:0px;--awb-flex-wrap:wrap;\" ><div class=\"fusion-builder-row fusion-row fusion-flex-align-items-flex-start fusion-flex-content-wrap\" style=\"max-width:1206.4px;margin-left: calc(-4% \/ 2 );margin-right: calc(-4% \/ 2 );\"><div class=\"fusion-layout-column fusion_builder_column fusion-builder-column-6 fusion_builder_column_1_1 1_1 fusion-flex-column\" style=\"--awb-bg-size:cover;--awb-width-large:100%;--awb-margin-top-large:25px;--awb-spacing-right-large:1.92%;--awb-margin-bottom-large:25px;--awb-spacing-left-large:1.92%;--awb-width-medium:100%;--awb-order-medium:0;--awb-spacing-right-medium:1.92%;--awb-spacing-left-medium:1.92%;--awb-width-small:100%;--awb-order-small:0;--awb-spacing-right-small:1.92%;--awb-spacing-left-small:1.92%;\"><div class=\"fusion-column-wrapper fusion-column-has-shadow fusion-flex-justify-content-flex-start fusion-content-layout-column\"><div class=\"fusion-image-element \" style=\"--awb-caption-title-font-family:var(--h2_typography-font-family);--awb-caption-title-font-weight:var(--h2_typography-font-weight);--awb-caption-title-font-style:var(--h2_typography-font-style);--awb-caption-title-size:var(--h2_typography-font-size);--awb-caption-title-transform:var(--h2_typography-text-transform);--awb-caption-title-line-height:var(--h2_typography-line-height);--awb-caption-title-letter-spacing:var(--h2_typography-letter-spacing);\"><span class=\" fusion-imageframe imageframe-none imageframe-1 hover-type-none\"><img decoding=\"async\" width=\"2560\" height=\"1280\" title=\"Barra financiamentos civiact&#8217;s\" src=\"https:\/\/caspae.pt\/PT\/wp-content\/uploads\/2023\/03\/Barra-financiamentos-civiacts-scaled.jpg\" alt class=\"img-responsive wp-image-13459\" srcset=\"https:\/\/caspae.pt\/PT\/wp-content\/uploads\/2023\/03\/Barra-financiamentos-civiacts-200x100.jpg 200w, https:\/\/caspae.pt\/PT\/wp-content\/uploads\/2023\/03\/Barra-financiamentos-civiacts-400x200.jpg 400w, https:\/\/caspae.pt\/PT\/wp-content\/uploads\/2023\/03\/Barra-financiamentos-civiacts-600x300.jpg 600w, https:\/\/caspae.pt\/PT\/wp-content\/uploads\/2023\/03\/Barra-financiamentos-civiacts-800x400.jpg 800w, https:\/\/caspae.pt\/PT\/wp-content\/uploads\/2023\/03\/Barra-financiamentos-civiacts-1200x600.jpg 1200w, https:\/\/caspae.pt\/PT\/wp-content\/uploads\/2023\/03\/Barra-financiamentos-civiacts-scaled.jpg 2560w\" sizes=\"(max-width: 1024px) 100vw, (max-width: 640px) 100vw, 1200px\" \/><\/span><\/div><\/div><\/div><\/div><\/div><\/p>\n","protected":false},"excerpt":{"rendered":"","protected":false},"author":1,"featured_media":0,"parent":0,"menu_order":0,"comment_status":"closed","ping_status":"closed","template":"100-width.php","meta":{"footnotes":""},"class_list":["post-13456","page","type-page","status-publish","hentry"],"_links":{"self":[{"href":"https:\/\/caspae.pt\/PT\/wp-json\/wp\/v2\/pages\/13456","targetHints":{"allow":["GET"]}}],"collection":[{"href":"https:\/\/caspae.pt\/PT\/wp-json\/wp\/v2\/pages"}],"about":[{"href":"https:\/\/caspae.pt\/PT\/wp-json\/wp\/v2\/types\/page"}],"author":[{"embeddable":true,"href":"https:\/\/caspae.pt\/PT\/wp-json\/wp\/v2\/users\/1"}],"replies":[{"embeddable":true,"href":"https:\/\/caspae.pt\/PT\/wp-json\/wp\/v2\/comments?post=13456"}],"version-history":[{"count":11,"href":"https:\/\/caspae.pt\/PT\/wp-json\/wp\/v2\/pages\/13456\/revisions"}],"predecessor-version":[{"id":15527,"href":"https:\/\/caspae.pt\/PT\/wp-json\/wp\/v2\/pages\/13456\/revisions\/15527"}],"wp:attachment":[{"href":"https:\/\/caspae.pt\/PT\/wp-json\/wp\/v2\/media?parent=13456"}],"curies":[{"name":"wp","href":"https:\/\/api.w.org\/{rel}","templated":true}]}}