{"id":13261,"date":"2023-03-01T10:45:41","date_gmt":"2023-03-01T10:45:41","guid":{"rendered":"https:\/\/caspae.pt\/PT\/?page_id=13261"},"modified":"2024-08-08T13:53:19","modified_gmt":"2024-08-08T13:53:19","slug":"caspae-arte-e-cultura","status":"publish","type":"page","link":"https:\/\/caspae.pt\/PT\/caspae-arte-e-cultura\/","title":{"rendered":"CASPAE Arte &#038; Cultura"},"content":{"rendered":"<p><div class=\"fusion-fullwidth fullwidth-box fusion-builder-row-1 nonhundred-percent-fullwidth non-hundred-percent-height-scrolling fusion-no-large-visibility\" style=\"--awb-border-radius-top-left:0px;--awb-border-radius-top-right:0px;--awb-border-radius-bottom-right:0px;--awb-border-radius-bottom-left:0px;--awb-flex-wrap:wrap;\" ><div class=\"fusion-builder-row fusion-row\"><div class=\"fusion-layout-column fusion_builder_column fusion-builder-column-0 fusion_builder_column_1_1 1_1 fusion-one-full fusion-column-first fusion-column-last fusion-animated\" style=\"--awb-bg-size:cover;\" data-animationType=\"fadeInRight\" data-animationDuration=\"0.8\" data-animationOffset=\"top-into-view\"><div class=\"fusion-column-wrapper fusion-flex-column-wrapper-legacy\"><div class=\"fusion-sep-clear\"><\/div><div class=\"fusion-separator fusion-full-width-sep\" style=\"margin-left: auto;margin-right: auto;margin-top:15px;margin-bottom:15px;width:100%;\"><\/div><div class=\"fusion-sep-clear\"><\/div><div class=\"fusion-text fusion-text-1\"><div class=\"fusion-sep-clear\" style=\"text-align: center;\"><span style=\"font-weight: 400;\">O CASPAE Arte &amp; Cultura oferece-lhe os benef\u00edcios das artes para diferentes idades, com o Mu(n)dArte e o CiviAct.<\/span><\/div>\n<\/div><div class=\"fusion-sep-clear\"><\/div><div class=\"fusion-separator fusion-full-width-sep\" style=\"margin-left: auto;margin-right: auto;margin-top:15px;margin-bottom:15px;width:100%;\"><\/div><div class=\"fusion-sep-clear\"><\/div><div class=\"fusion-image-element in-legacy-container\" style=\"--awb-caption-title-font-family:var(--h2_typography-font-family);--awb-caption-title-font-weight:var(--h2_typography-font-weight);--awb-caption-title-font-style:var(--h2_typography-font-style);--awb-caption-title-size:var(--h2_typography-font-size);--awb-caption-title-transform:var(--h2_typography-text-transform);--awb-caption-title-line-height:var(--h2_typography-line-height);--awb-caption-title-letter-spacing:var(--h2_typography-letter-spacing);\"><span class=\" fusion-imageframe imageframe-none imageframe-1 hover-type-none\"><a class=\"fusion-no-lightbox\" href=\"https:\/\/caspae.pt\/PT\/mundarte\/\" target=\"_self\" aria-label=\"Button_Submarca_Mundarte\"><img decoding=\"async\" width=\"300\" height=\"300\" src=\"https:\/\/caspae.pt\/PT\/wp-content\/uploads\/2023\/03\/Button_Submarca_Mundarte-300x300.jpg\" alt class=\"img-responsive wp-image-13264\" srcset=\"https:\/\/caspae.pt\/PT\/wp-content\/uploads\/2023\/03\/Button_Submarca_Mundarte-200x200.jpg 200w, https:\/\/caspae.pt\/PT\/wp-content\/uploads\/2023\/03\/Button_Submarca_Mundarte-400x400.jpg 400w, https:\/\/caspae.pt\/PT\/wp-content\/uploads\/2023\/03\/Button_Submarca_Mundarte-600x600.jpg 600w, https:\/\/caspae.pt\/PT\/wp-content\/uploads\/2023\/03\/Button_Submarca_Mundarte-800x800.jpg 800w, https:\/\/caspae.pt\/PT\/wp-content\/uploads\/2023\/03\/Button_Submarca_Mundarte-1200x1200.jpg 1200w, https:\/\/caspae.pt\/PT\/wp-content\/uploads\/2023\/03\/Button_Submarca_Mundarte.jpg 1280w\" sizes=\"(max-width: 1000px) 100vw, 1200px\" \/><\/a><\/span><\/div><div class=\"fusion-sep-clear\"><\/div><div class=\"fusion-separator fusion-full-width-sep\" style=\"margin-left: auto;margin-right: auto;margin-top:15px;margin-bottom:15px;width:100%;\"><\/div><div class=\"fusion-sep-clear\"><\/div><div class=\"fusion-text fusion-text-2\"><p style=\"text-align: center;\">O Mu(n)dArte, trabalhando as Artes Pl\u00e1sticas, desenvolve no indiv\u00edduo a sua intelig\u00eancia e a sua capacidade perceptiva, que poder\u00e1 aplicar em qualquer \u00e1rea da vida.<\/p>\n<\/div><div class=\"fusion-sep-clear\"><\/div><div class=\"fusion-separator fusion-full-width-sep\" style=\"margin-left: auto;margin-right: auto;margin-top:15px;margin-bottom:15px;width:100%;\"><\/div><div class=\"fusion-sep-clear\"><\/div><div class=\"fusion-image-element in-legacy-container\" style=\"--awb-caption-title-font-family:var(--h2_typography-font-family);--awb-caption-title-font-weight:var(--h2_typography-font-weight);--awb-caption-title-font-style:var(--h2_typography-font-style);--awb-caption-title-size:var(--h2_typography-font-size);--awb-caption-title-transform:var(--h2_typography-text-transform);--awb-caption-title-line-height:var(--h2_typography-line-height);--awb-caption-title-letter-spacing:var(--h2_typography-letter-spacing);\"><span class=\" fusion-imageframe imageframe-none imageframe-2 hover-type-none\"><a class=\"fusion-no-lightbox\" href=\"https:\/\/caspae.pt\/PT\/civiact\/\" target=\"_self\" aria-label=\"Sub Marca &#8211; civiact\"><img decoding=\"async\" width=\"1280\" height=\"1280\" src=\"https:\/\/caspae.pt\/PT\/wp-content\/uploads\/2024\/08\/Sub-Marca-civiact.jpg\" alt class=\"img-responsive wp-image-15975\" srcset=\"https:\/\/caspae.pt\/PT\/wp-content\/uploads\/2024\/08\/Sub-Marca-civiact-200x200.jpg 200w, https:\/\/caspae.pt\/PT\/wp-content\/uploads\/2024\/08\/Sub-Marca-civiact-400x400.jpg 400w, https:\/\/caspae.pt\/PT\/wp-content\/uploads\/2024\/08\/Sub-Marca-civiact-600x600.jpg 600w, https:\/\/caspae.pt\/PT\/wp-content\/uploads\/2024\/08\/Sub-Marca-civiact-800x800.jpg 800w, https:\/\/caspae.pt\/PT\/wp-content\/uploads\/2024\/08\/Sub-Marca-civiact-1200x1200.jpg 1200w, https:\/\/caspae.pt\/PT\/wp-content\/uploads\/2024\/08\/Sub-Marca-civiact.jpg 1280w\" sizes=\"(max-width: 1000px) 100vw, 1200px\" \/><\/a><\/span><\/div><div class=\"fusion-sep-clear\"><\/div><div class=\"fusion-separator fusion-full-width-sep\" style=\"margin-left: auto;margin-right: auto;margin-top:15px;margin-bottom:15px;width:100%;\"><\/div><div class=\"fusion-sep-clear\"><\/div><div class=\"fusion-text fusion-text-3\"><p style=\"text-align: center;\"><span style=\"font-weight: 400;\">O projeto CiviAct, desenvolvido de 2023 a 2024, integrou o teatro do oprimido como metodologia de interven\u00e7\u00e3o social.<\/span><\/p>\n<\/div><div class=\"fusion-sep-clear\"><\/div><div class=\"fusion-separator fusion-full-width-sep\" style=\"margin-left: auto;margin-right: auto;width:100%;\"><\/div><div class=\"fusion-sep-clear\"><\/div><div class=\"fusion-clearfix\"><\/div><\/div><\/div><\/div><\/div><div class=\"fusion-fullwidth fullwidth-box fusion-builder-row-2 nonhundred-percent-fullwidth non-hundred-percent-height-scrolling fusion-no-small-visibility fusion-no-medium-visibility\" style=\"--awb-border-radius-top-left:0px;--awb-border-radius-top-right:0px;--awb-border-radius-bottom-right:0px;--awb-border-radius-bottom-left:0px;--awb-flex-wrap:wrap;\" ><div class=\"fusion-builder-row fusion-row\"><div class=\"fusion-layout-column fusion_builder_column fusion-builder-column-1 fusion_builder_column_1_1 1_1 fusion-one-full fusion-column-first fusion-column-last fusion-animated\" style=\"--awb-bg-size:cover;\" data-animationType=\"fadeInRight\" data-animationDuration=\"0.8\" data-animationOffset=\"top-into-view\"><div class=\"fusion-column-wrapper fusion-flex-column-wrapper-legacy\"><div class=\"fusion-sep-clear\"><\/div><div class=\"fusion-separator fusion-full-width-sep\" style=\"margin-left: auto;margin-right: auto;margin-top:15px;margin-bottom:15px;width:100%;\"><\/div><div class=\"fusion-sep-clear\"><\/div><div class=\"fusion-text fusion-text-4\"><p><span style=\"font-weight: 400;\">O CASPAE Arte &amp; Cultura oferece-lhe os benef\u00edcios das artes para diferentes idades, com o Mu(n)dArte e o CiviAct.<\/span><\/p>\n<\/div><div class=\"fusion-clearfix\"><\/div><\/div><\/div><div class=\"fusion-layout-column fusion_builder_column fusion-builder-column-2 fusion_builder_column_1_3 1_3 fusion-one-third fusion-column-first fusion-column-inner-bg-wrapper\" style=\"--awb-inner-bg-size:cover;width:33.333333333333%;width:calc(33.333333333333% - ( ( 4% + 4% ) * 0.33333333333333 ) );margin-right: 4%;\"><span class=\"fusion-column-inner-bg hover-type-none\"><a class=\"fusion-column-anchor\" href=\"https:\/\/caspae.pt\/PT\/cinoterapia\/\"><span class=\"fusion-column-inner-bg-image\"><\/span><\/a><\/span><div class=\"fusion-column-wrapper fusion-column-has-shadow fusion-flex-column-wrapper-legacy\"><div class=\"fusion-clearfix\"><\/div><\/div><\/div><div class=\"fusion-layout-column fusion_builder_column fusion-builder-column-3 fusion_builder_column_1_4 1_4 fusion-one-fourth fusion-column-inner-bg-wrapper\" style=\"--awb-inner-bg-size:cover;width:25%;width:calc(25% - ( ( 4% + 4% ) * 0.25 ) );margin-right: 4%;\"><span class=\"fusion-column-inner-bg hover-type-none\"><a class=\"fusion-column-anchor\" href=\"https:\/\/caspae.pt\/PT\/mundarte\/\"><span class=\"fusion-column-inner-bg-image\"><\/span><\/a><\/span><div class=\"fusion-column-wrapper fusion-column-has-shadow fusion-flex-column-wrapper-legacy\"><div class=\"fusion-image-element in-legacy-container\" style=\"--awb-caption-title-font-family:var(--h2_typography-font-family);--awb-caption-title-font-weight:var(--h2_typography-font-weight);--awb-caption-title-font-style:var(--h2_typography-font-style);--awb-caption-title-size:var(--h2_typography-font-size);--awb-caption-title-transform:var(--h2_typography-text-transform);--awb-caption-title-line-height:var(--h2_typography-line-height);--awb-caption-title-letter-spacing:var(--h2_typography-letter-spacing);\"><span class=\" fusion-imageframe imageframe-none imageframe-3 hover-type-none\"><a class=\"fusion-no-lightbox\" href=\"#\" target=\"_self\" aria-label=\"Button_Submarca_Mundarte\"><img decoding=\"async\" width=\"300\" height=\"300\" src=\"https:\/\/caspae.pt\/PT\/wp-content\/uploads\/2023\/03\/Button_Submarca_Mundarte-300x300.jpg\" alt class=\"img-responsive wp-image-13264\" srcset=\"https:\/\/caspae.pt\/PT\/wp-content\/uploads\/2023\/03\/Button_Submarca_Mundarte-200x200.jpg 200w, https:\/\/caspae.pt\/PT\/wp-content\/uploads\/2023\/03\/Button_Submarca_Mundarte-400x400.jpg 400w, https:\/\/caspae.pt\/PT\/wp-content\/uploads\/2023\/03\/Button_Submarca_Mundarte-600x600.jpg 600w, https:\/\/caspae.pt\/PT\/wp-content\/uploads\/2023\/03\/Button_Submarca_Mundarte-800x800.jpg 800w, https:\/\/caspae.pt\/PT\/wp-content\/uploads\/2023\/03\/Button_Submarca_Mundarte-1200x1200.jpg 1200w, https:\/\/caspae.pt\/PT\/wp-content\/uploads\/2023\/03\/Button_Submarca_Mundarte.jpg 1280w\" sizes=\"(max-width: 1000px) 100vw, 400px\" \/><\/a><\/span><\/div><div class=\"fusion-sep-clear\"><\/div><div class=\"fusion-separator fusion-full-width-sep\" style=\"margin-left: auto;margin-right: auto;margin-top:10px;width:100%;\"><\/div><div class=\"fusion-sep-clear\"><\/div><div class=\"fusion-text fusion-text-5\"><p style=\"text-align: center;\"><span style=\"font-weight: 400;\">O Mu(n)dArte, trabalhando as Artes Pl\u00e1sticas, desenvolve no indiv\u00edduo a sua intelig\u00eancia e a sua capacidade perceptiva, que poder\u00e1 aplicar em qualquer \u00e1rea da vida.<\/span><\/p>\n<\/div><div class=\"fusion-clearfix\"><\/div><\/div><\/div><div class=\"fusion-layout-column fusion_builder_column fusion-builder-column-4 fusion_builder_column_1_3 1_3 fusion-one-third fusion-column-last fusion-column-inner-bg-wrapper\" style=\"--awb-inner-bg-size:cover;width:33.333333333333%;width:calc(33.333333333333% - ( ( 4% + 4% ) * 0.33333333333333 ) );\"><span class=\"fusion-column-inner-bg hover-type-none\"><a class=\"fusion-column-anchor\" href=\"https:\/\/caspae.pt\/PT\/cinoterapia\/\"><span class=\"fusion-column-inner-bg-image\"><\/span><\/a><\/span><div class=\"fusion-column-wrapper fusion-column-has-shadow fusion-flex-column-wrapper-legacy\"><div class=\"fusion-clearfix\"><\/div><\/div><\/div><div class=\"fusion-layout-column fusion_builder_column fusion-builder-column-5 fusion_builder_column_1_1 1_1 fusion-one-full fusion-column-first fusion-column-last fusion-column-inner-bg-wrapper\" style=\"--awb-inner-bg-size:cover;\"><span class=\"fusion-column-inner-bg hover-type-none\"><a class=\"fusion-column-anchor\" href=\"https:\/\/caspae.pt\/PT\/quintaal\/\"><span class=\"fusion-column-inner-bg-image\"><\/span><\/a><\/span><div class=\"fusion-column-wrapper fusion-column-has-shadow fusion-flex-column-wrapper-legacy\"><div class=\"fusion-sep-clear\"><\/div><div class=\"fusion-separator fusion-full-width-sep\" style=\"margin-left: auto;margin-right: auto;width:100%;\"><div class=\"fusion-separator-border sep-single sep-solid\" style=\"--awb-height:20px;--awb-amount:20px;border-color:#ecefef;border-top-width:1px;\"><\/div><\/div><div class=\"fusion-sep-clear\"><\/div><div class=\"fusion-clearfix\"><\/div><\/div><\/div><div class=\"fusion-layout-column fusion_builder_column fusion-builder-column-6 fusion_builder_column_1_3 1_3 fusion-one-third fusion-column-first fusion-column-inner-bg-wrapper\" style=\"--awb-inner-bg-size:cover;width:33.333333333333%;width:calc(33.333333333333% - ( ( 4% + 4% ) * 0.33333333333333 ) );margin-right: 4%;\"><span class=\"fusion-column-inner-bg hover-type-none\"><a class=\"fusion-column-anchor\" href=\"https:\/\/caspae.pt\/PT\/quintaal\/\"><span class=\"fusion-column-inner-bg-image\"><\/span><\/a><\/span><div class=\"fusion-column-wrapper fusion-column-has-shadow fusion-flex-column-wrapper-legacy\"><div class=\"fusion-clearfix\"><\/div><\/div><\/div><div class=\"fusion-layout-column fusion_builder_column fusion-builder-column-7 fusion_builder_column_1_4 1_4 fusion-one-fourth fusion-column-inner-bg-wrapper\" style=\"--awb-inner-bg-size:cover;width:25%;width:calc(25% - ( ( 4% + 4% ) * 0.25 ) );margin-right: 4%;\"><span class=\"fusion-column-inner-bg hover-type-none\"><a class=\"fusion-column-anchor\" href=\"https:\/\/caspae.pt\/PT\/civiact\/\"><span class=\"fusion-column-inner-bg-image\"><\/span><\/a><\/span><div class=\"fusion-column-wrapper fusion-column-has-shadow fusion-flex-column-wrapper-legacy\"><div class=\"fusion-image-element in-legacy-container\" style=\"--awb-caption-title-font-family:var(--h2_typography-font-family);--awb-caption-title-font-weight:var(--h2_typography-font-weight);--awb-caption-title-font-style:var(--h2_typography-font-style);--awb-caption-title-size:var(--h2_typography-font-size);--awb-caption-title-transform:var(--h2_typography-text-transform);--awb-caption-title-line-height:var(--h2_typography-line-height);--awb-caption-title-letter-spacing:var(--h2_typography-letter-spacing);\"><span class=\" fusion-imageframe imageframe-none imageframe-4 hover-type-none\"><a class=\"fusion-no-lightbox\" href=\"https:\/\/caspae.pt\/PT\/poapmc\/\" target=\"_self\" aria-label=\"Sub Marca &#8211; civiact\"><img decoding=\"async\" width=\"1280\" height=\"1280\" src=\"https:\/\/caspae.pt\/PT\/wp-content\/uploads\/2024\/08\/Sub-Marca-civiact.jpg\" alt class=\"img-responsive wp-image-15975\" srcset=\"https:\/\/caspae.pt\/PT\/wp-content\/uploads\/2024\/08\/Sub-Marca-civiact-200x200.jpg 200w, https:\/\/caspae.pt\/PT\/wp-content\/uploads\/2024\/08\/Sub-Marca-civiact-400x400.jpg 400w, https:\/\/caspae.pt\/PT\/wp-content\/uploads\/2024\/08\/Sub-Marca-civiact-600x600.jpg 600w, https:\/\/caspae.pt\/PT\/wp-content\/uploads\/2024\/08\/Sub-Marca-civiact-800x800.jpg 800w, https:\/\/caspae.pt\/PT\/wp-content\/uploads\/2024\/08\/Sub-Marca-civiact-1200x1200.jpg 1200w, https:\/\/caspae.pt\/PT\/wp-content\/uploads\/2024\/08\/Sub-Marca-civiact.jpg 1280w\" sizes=\"(max-width: 1000px) 100vw, 400px\" \/><\/a><\/span><\/div><div class=\"fusion-sep-clear\"><\/div><div class=\"fusion-separator fusion-full-width-sep\" style=\"margin-left: auto;margin-right: auto;margin-top:10px;width:100%;\"><\/div><div class=\"fusion-sep-clear\"><\/div><div class=\"fusion-text fusion-text-6\"><p style=\"text-align: center;\"><span style=\"font-weight: 400;\">O projeto CiviAct, desenvolvido de 2023 a 2024, integrou o teatro do oprimido como metodologia de interven\u00e7\u00e3o social.<\/span><\/p>\n<\/div><div class=\"fusion-clearfix\"><\/div><\/div><\/div><div class=\"fusion-layout-column fusion_builder_column fusion-builder-column-8 fusion_builder_column_1_3 1_3 fusion-one-third fusion-column-last fusion-column-inner-bg-wrapper\" style=\"--awb-inner-bg-size:cover;width:33.333333333333%;width:calc(33.333333333333% - ( ( 4% + 4% ) * 0.33333333333333 ) );\"><span class=\"fusion-column-inner-bg hover-type-none\"><a class=\"fusion-column-anchor\" href=\"https:\/\/caspae.pt\/PT\/quintaal\/\"><span class=\"fusion-column-inner-bg-image\"><\/span><\/a><\/span><div class=\"fusion-column-wrapper fusion-column-has-shadow fusion-flex-column-wrapper-legacy\"><div class=\"fusion-clearfix\"><\/div><\/div><\/div><div class=\"fusion-layout-column fusion_builder_column fusion-builder-column-9 fusion_builder_column_1_1 1_1 fusion-one-full fusion-column-first fusion-column-last\" style=\"--awb-bg-size:cover;\"><div class=\"fusion-column-wrapper fusion-column-has-shadow fusion-flex-column-wrapper-legacy\"><div class=\"fusion-sep-clear\"><\/div><div class=\"fusion-separator fusion-full-width-sep\" style=\"margin-left: auto;margin-right: auto;width:100%;\"><\/div><div class=\"fusion-sep-clear\"><\/div><div class=\"fusion-clearfix\"><\/div><\/div><\/div><\/div><\/div><\/p>\n","protected":false},"excerpt":{"rendered":"","protected":false},"author":1,"featured_media":0,"parent":0,"menu_order":0,"comment_status":"closed","ping_status":"closed","template":"100-width.php","meta":{"footnotes":""},"class_list":["post-13261","page","type-page","status-publish","hentry"],"_links":{"self":[{"href":"https:\/\/caspae.pt\/PT\/wp-json\/wp\/v2\/pages\/13261","targetHints":{"allow":["GET"]}}],"collection":[{"href":"https:\/\/caspae.pt\/PT\/wp-json\/wp\/v2\/pages"}],"about":[{"href":"https:\/\/caspae.pt\/PT\/wp-json\/wp\/v2\/types\/page"}],"author":[{"embeddable":true,"href":"https:\/\/caspae.pt\/PT\/wp-json\/wp\/v2\/users\/1"}],"replies":[{"embeddable":true,"href":"https:\/\/caspae.pt\/PT\/wp-json\/wp\/v2\/comments?post=13261"}],"version-history":[{"count":12,"href":"https:\/\/caspae.pt\/PT\/wp-json\/wp\/v2\/pages\/13261\/revisions"}],"predecessor-version":[{"id":15982,"href":"https:\/\/caspae.pt\/PT\/wp-json\/wp\/v2\/pages\/13261\/revisions\/15982"}],"wp:attachment":[{"href":"https:\/\/caspae.pt\/PT\/wp-json\/wp\/v2\/media?parent=13261"}],"curies":[{"name":"wp","href":"https:\/\/api.w.org\/{rel}","templated":true}]}}