{"id":12886,"date":"2023-02-15T21:45:03","date_gmt":"2023-02-15T21:45:03","guid":{"rendered":"https:\/\/caspae.pt\/PT\/?page_id=12886"},"modified":"2023-04-26T22:14:26","modified_gmt":"2023-04-26T22:14:26","slug":"manual-de-boas-praticas-3cs-sos-vamos-falar","status":"publish","type":"page","link":"https:\/\/caspae.pt\/PT\/manual-de-boas-praticas-3cs-sos-vamos-falar\/","title":{"rendered":"Manual de Boas Pr\u00e1ticas \u2013 3C\u00b4S SOS &#8211; Vamos Falar?"},"content":{"rendered":"<p><div class=\"fusion-fullwidth fullwidth-box fusion-builder-row-1 fusion-flex-container nonhundred-percent-fullwidth non-hundred-percent-height-scrolling\" style=\"--awb-border-radius-top-left:0px;--awb-border-radius-top-right:0px;--awb-border-radius-bottom-right:0px;--awb-border-radius-bottom-left:0px;--awb-flex-wrap:wrap;\" ><div class=\"fusion-builder-row fusion-row fusion-flex-align-items-flex-start fusion-flex-content-wrap\" style=\"max-width:1206.4px;margin-left: calc(-4% \/ 2 );margin-right: calc(-4% \/ 2 );\"><div class=\"fusion-layout-column fusion_builder_column fusion-builder-column-0 fusion_builder_column_1_4 1_4 fusion-flex-column\" style=\"--awb-bg-size:cover;--awb-width-large:25%;--awb-margin-top-large:25px;--awb-spacing-right-large:7.68%;--awb-margin-bottom-large:25px;--awb-spacing-left-large:7.68%;--awb-width-medium:100%;--awb-order-medium:0;--awb-spacing-right-medium:1.92%;--awb-spacing-left-medium:1.92%;--awb-width-small:100%;--awb-order-small:0;--awb-spacing-right-small:1.92%;--awb-spacing-left-small:1.92%;\"><div class=\"fusion-column-wrapper fusion-column-has-shadow fusion-flex-justify-content-flex-start fusion-content-layout-column\"><div class=\"fusion-image-element \" style=\"--awb-caption-title-font-family:var(--h2_typography-font-family);--awb-caption-title-font-weight:var(--h2_typography-font-weight);--awb-caption-title-font-style:var(--h2_typography-font-style);--awb-caption-title-size:var(--h2_typography-font-size);--awb-caption-title-transform:var(--h2_typography-text-transform);--awb-caption-title-line-height:var(--h2_typography-line-height);--awb-caption-title-letter-spacing:var(--h2_typography-letter-spacing);\"><span class=\" fusion-imageframe imageframe-none imageframe-1 hover-type-none\"><img decoding=\"async\" width=\"1080\" height=\"1080\" title=\"imagem_1B\" src=\"https:\/\/caspae.pt\/PT\/wp-content\/uploads\/2023\/02\/imagem_1B.jpg\" alt class=\"img-responsive wp-image-12891\" srcset=\"https:\/\/caspae.pt\/PT\/wp-content\/uploads\/2023\/02\/imagem_1B-200x200.jpg 200w, https:\/\/caspae.pt\/PT\/wp-content\/uploads\/2023\/02\/imagem_1B-400x400.jpg 400w, https:\/\/caspae.pt\/PT\/wp-content\/uploads\/2023\/02\/imagem_1B-600x600.jpg 600w, https:\/\/caspae.pt\/PT\/wp-content\/uploads\/2023\/02\/imagem_1B-800x800.jpg 800w, https:\/\/caspae.pt\/PT\/wp-content\/uploads\/2023\/02\/imagem_1B.jpg 1080w\" sizes=\"(max-width: 1024px) 100vw, (max-width: 640px) 100vw, 400px\" \/><\/span><\/div><\/div><\/div><div class=\"fusion-layout-column fusion_builder_column fusion-builder-column-1 fusion_builder_column_3_4 3_4 fusion-flex-column\" style=\"--awb-bg-size:cover;--awb-width-large:75%;--awb-margin-top-large:25px;--awb-spacing-right-large:2.56%;--awb-margin-bottom-large:25px;--awb-spacing-left-large:2.56%;--awb-width-medium:100%;--awb-order-medium:0;--awb-spacing-right-medium:1.92%;--awb-spacing-left-medium:1.92%;--awb-width-small:100%;--awb-order-small:0;--awb-spacing-right-small:1.92%;--awb-spacing-left-small:1.92%;\"><div class=\"fusion-column-wrapper fusion-column-has-shadow fusion-flex-justify-content-flex-start fusion-content-layout-column\"><div class=\"fusion-text fusion-text-1\"><p style=\"text-align: left;\"><span style=\"font-weight: 400;\">Familiares ou amigo\/a que vivam situa\u00e7\u00e3o igual<img decoding=\"async\" class=\" wp-image-12901 alignright\" src=\"https:\/\/caspae.pt\/PT\/wp-content\/uploads\/2023\/02\/IMG_SOS.jpg\" alt=\"\" width=\"127\" height=\"127\" srcset=\"https:\/\/caspae.pt\/PT\/wp-content\/uploads\/2023\/02\/IMG_SOS-66x66.jpg 66w, https:\/\/caspae.pt\/PT\/wp-content\/uploads\/2023\/02\/IMG_SOS-150x150.jpg 150w, https:\/\/caspae.pt\/PT\/wp-content\/uploads\/2023\/02\/IMG_SOS-200x200.jpg 200w, https:\/\/caspae.pt\/PT\/wp-content\/uploads\/2023\/02\/IMG_SOS-300x300.jpg 300w, https:\/\/caspae.pt\/PT\/wp-content\/uploads\/2023\/02\/IMG_SOS-400x400.jpg 400w, https:\/\/caspae.pt\/PT\/wp-content\/uploads\/2023\/02\/IMG_SOS-600x600.jpg 600w, https:\/\/caspae.pt\/PT\/wp-content\/uploads\/2023\/02\/IMG_SOS-768x768.jpg 768w, https:\/\/caspae.pt\/PT\/wp-content\/uploads\/2023\/02\/IMG_SOS-800x800.jpg 800w, https:\/\/caspae.pt\/PT\/wp-content\/uploads\/2023\/02\/IMG_SOS-1024x1024.jpg 1024w, https:\/\/caspae.pt\/PT\/wp-content\/uploads\/2023\/02\/IMG_SOS.jpg 1080w\" sizes=\"(max-width: 127px) 100vw, 127px\" \/><\/span><\/p>\n<p style=\"text-align: left;\"><span style=\"font-weight: 400;\">Psic\u00f3logo\/a<\/span><\/p>\n<p style=\"text-align: left;\"><span style=\"font-weight: 400;\">Professor\/a \/ Educador\/a Social \/ Assistente Social<\/span><\/p>\n<\/div><\/div><\/div><\/div><\/div><div class=\"fusion-fullwidth fullwidth-box fusion-builder-row-2 fusion-flex-container nonhundred-percent-fullwidth non-hundred-percent-height-scrolling\" style=\"--awb-border-radius-top-left:0px;--awb-border-radius-top-right:0px;--awb-border-radius-bottom-right:0px;--awb-border-radius-bottom-left:0px;--awb-flex-wrap:wrap;\" ><div class=\"fusion-builder-row fusion-row fusion-flex-align-items-flex-start fusion-flex-content-wrap\" style=\"max-width:1206.4px;margin-left: calc(-4% \/ 2 );margin-right: calc(-4% \/ 2 );\"><div class=\"fusion-layout-column fusion_builder_column fusion-builder-column-2 fusion_builder_column_3_4 3_4 fusion-flex-column\" style=\"--awb-bg-size:cover;--awb-width-large:75%;--awb-margin-top-large:25px;--awb-spacing-right-large:2.56%;--awb-margin-bottom-large:25px;--awb-spacing-left-large:2.56%;--awb-width-medium:100%;--awb-order-medium:0;--awb-spacing-right-medium:1.92%;--awb-spacing-left-medium:1.92%;--awb-width-small:100%;--awb-order-small:0;--awb-spacing-right-small:1.92%;--awb-spacing-left-small:1.92%;\"><div class=\"fusion-column-wrapper fusion-column-has-shadow fusion-flex-justify-content-flex-start fusion-content-layout-column\"><div class=\"fusion-text fusion-text-2\"><h3 style=\"text-align: right;\"><strong>CASPAE<\/strong><\/h3>\n<p style=\"text-align: right;\"><b>Website: <a href=\"https:\/\/caspae.pt\">https:\/\/caspae.pt<\/a>\u00a0 | Telem\u00f3vel: +351 969 830 718 | E-mail: <\/b><a href=\"mailto:caspae@caspae.pt\"><b>caspae@caspae.pt<\/b><\/a><\/p>\n<h3 style=\"text-align: right;\"><strong>CONFIAR<\/strong><\/h3>\n<p style=\"text-align: right;\"><b>Website: <a href=\"https:\/\/confiarportugal.pt\">https:\/\/confiarportugal.pt<\/a> | Telem\u00f3vel: +351<\/b><b> 910 326 048<\/b><span style=\"font-weight: 400;\"> | E<\/span><b>-mail: <\/b><a href=\"mailto:info@confiarportugal.pt\"><b>info@confiarportugal.pt<\/b><\/a><\/p>\n<h3 style=\"text-align: right;\"><strong>APROXIMAR<\/strong><\/h3>\n<p style=\"text-align: right;\"><b>Website: <a href=\"https:\/\/www.aproximar.pt \">https:\/\/www.aproximar.pt <\/a> | Telem\u00f3vel: +351<\/b><b> 911 939 224 <\/b><span style=\"font-weight: 400;\"> | E<\/span><b>-mail: <\/b><a href=\"mailto: contacto@aproximar.pt\"><b> contacto@aproximar.pt<\/b><\/a><\/p>\n<h3 style=\"text-align: right;\"><strong>ASSOCIA\u00c7\u00c3O JUVENIL CODIGAT\u00d3MIKO<\/strong><\/h3>\n<p style=\"text-align: right;\"><b>Redes Sociais: @codigatomiko | E-mail: <a href=\"mailto:codigatomiko@gmail.com\">codigatomiko@gmail.com<\/a>\u00a0<\/b><\/p>\n<\/div><\/div><\/div><div class=\"fusion-layout-column fusion_builder_column fusion-builder-column-3 fusion_builder_column_1_4 1_4 fusion-flex-column\" style=\"--awb-bg-size:cover;--awb-width-large:25%;--awb-margin-top-large:25px;--awb-spacing-right-large:7.68%;--awb-margin-bottom-large:25px;--awb-spacing-left-large:7.68%;--awb-width-medium:100%;--awb-order-medium:0;--awb-spacing-right-medium:1.92%;--awb-spacing-left-medium:1.92%;--awb-width-small:100%;--awb-order-small:0;--awb-spacing-right-small:1.92%;--awb-spacing-left-small:1.92%;\"><div class=\"fusion-column-wrapper fusion-column-has-shadow fusion-flex-justify-content-flex-start fusion-content-layout-column\"><div class=\"fusion-image-element \" style=\"--awb-caption-title-font-family:var(--h2_typography-font-family);--awb-caption-title-font-weight:var(--h2_typography-font-weight);--awb-caption-title-font-style:var(--h2_typography-font-style);--awb-caption-title-size:var(--h2_typography-font-size);--awb-caption-title-transform:var(--h2_typography-text-transform);--awb-caption-title-line-height:var(--h2_typography-line-height);--awb-caption-title-letter-spacing:var(--h2_typography-letter-spacing);\"><span class=\" fusion-imageframe imageframe-none imageframe-2 hover-type-none\"><img decoding=\"async\" width=\"1080\" height=\"1080\" title=\"imagem_2B\" src=\"https:\/\/caspae.pt\/PT\/wp-content\/uploads\/2023\/02\/imagem_2B.jpg\" alt class=\"img-responsive wp-image-12893\" srcset=\"https:\/\/caspae.pt\/PT\/wp-content\/uploads\/2023\/02\/imagem_2B-200x200.jpg 200w, https:\/\/caspae.pt\/PT\/wp-content\/uploads\/2023\/02\/imagem_2B-400x400.jpg 400w, https:\/\/caspae.pt\/PT\/wp-content\/uploads\/2023\/02\/imagem_2B-600x600.jpg 600w, https:\/\/caspae.pt\/PT\/wp-content\/uploads\/2023\/02\/imagem_2B-800x800.jpg 800w, https:\/\/caspae.pt\/PT\/wp-content\/uploads\/2023\/02\/imagem_2B.jpg 1080w\" sizes=\"(max-width: 1024px) 100vw, (max-width: 640px) 100vw, 400px\" \/><\/span><\/div><div class=\"fusion-separator fusion-full-width-sep\" style=\"align-self: center;margin-left: auto;margin-right: auto;margin-top:10px;width:100%;\"><\/div><\/div><\/div><div class=\"fusion-layout-column fusion_builder_column fusion-builder-column-4 fusion_builder_column_1_2 1_2 fusion-flex-column fusion-flex-align-self-center\" style=\"--awb-bg-size:cover;--awb-width-large:50%;--awb-margin-top-large:25px;--awb-spacing-right-large:3.84%;--awb-margin-bottom-large:25px;--awb-spacing-left-large:3.84%;--awb-width-medium:100%;--awb-order-medium:0;--awb-spacing-right-medium:1.92%;--awb-spacing-left-medium:1.92%;--awb-width-small:100%;--awb-order-small:0;--awb-spacing-right-small:1.92%;--awb-spacing-left-small:1.92%;\"><div class=\"fusion-column-wrapper fusion-column-has-shadow fusion-flex-justify-content-flex-start fusion-content-layout-column\"><div style=\"text-align:left;\"><a class=\"fusion-button button-flat button-large button-default fusion-button-default button-1 fusion-button-default-span fusion-button-default-type\" target=\"_self\" href=\"https:\/\/iacrianca.pt\/intervencao\/sos-crianca\/ \"><span class=\"fusion-button-text awb-button__text awb-button__text--default\">LINHA SOS CRIAN\u00c7A &#8211; Instituto de Apoio \u00e0 Crian\u00e7a | IAC<\/span><\/a><\/div><\/div><\/div><div class=\"fusion-layout-column fusion_builder_column fusion-builder-column-5 fusion_builder_column_1_3 1_3 fusion-flex-column fusion-flex-align-self-center\" style=\"--awb-bg-size:cover;--awb-width-large:33.333333333333%;--awb-margin-top-large:25px;--awb-spacing-right-large:5.76%;--awb-margin-bottom-large:25px;--awb-spacing-left-large:5.76%;--awb-width-medium:100%;--awb-order-medium:0;--awb-spacing-right-medium:1.92%;--awb-spacing-left-medium:1.92%;--awb-width-small:100%;--awb-order-small:0;--awb-spacing-right-small:1.92%;--awb-spacing-left-small:1.92%;\"><div class=\"fusion-column-wrapper fusion-column-has-shadow fusion-flex-justify-content-flex-start fusion-content-layout-column\"><\/div><\/div><div class=\"fusion-layout-column fusion_builder_column fusion-builder-column-6 fusion_builder_column_1_6 1_6 fusion-flex-column fusion-flex-align-self-center\" style=\"--awb-bg-size:cover;--awb-width-large:16.666666666667%;--awb-margin-top-large:25px;--awb-spacing-right-large:-20px;--awb-margin-bottom-large:25px;--awb-spacing-left-large:11.52%;--awb-width-medium:100%;--awb-order-medium:0;--awb-spacing-right-medium:1.92%;--awb-spacing-left-medium:1.92%;--awb-width-small:100%;--awb-order-small:0;--awb-spacing-right-small:1.92%;--awb-spacing-left-small:1.92%;\"><div class=\"fusion-column-wrapper fusion-column-has-shadow fusion-flex-justify-content-flex-start fusion-content-layout-column\"><div style=\"text-align:center;\"><a class=\"fusion-button button-flat fusion-button-default-size button-default fusion-button-default button-2 fusion-button-default-span fusion-button-default-type\" target=\"_self\" href=\"https:\/\/caspae.pt\/PT\/manual-de-boas-praticas-3cs\/\"><i class=\"fa-angle-left fas awb-button__icon awb-button__icon--default button-icon-left\" aria-hidden=\"true\"><\/i><span class=\"fusion-button-text awb-button__text awb-button__text--default\">In\u00edcio<\/span><\/a><\/div><\/div><\/div><\/div><\/div><div class=\"fusion-fullwidth fullwidth-box fusion-builder-row-3 fusion-flex-container nonhundred-percent-fullwidth non-hundred-percent-height-scrolling fusion-no-medium-visibility fusion-no-large-visibility\" style=\"--awb-border-radius-top-left:0px;--awb-border-radius-top-right:0px;--awb-border-radius-bottom-right:0px;--awb-border-radius-bottom-left:0px;--awb-flex-wrap:wrap;\" ><div class=\"fusion-builder-row fusion-row fusion-flex-align-items-flex-start fusion-flex-content-wrap\" style=\"max-width:1206.4px;margin-left: calc(-4% \/ 2 );margin-right: calc(-4% \/ 2 );\"><div class=\"fusion-layout-column fusion_builder_column fusion-builder-column-7 fusion_builder_column_1_1 1_1 fusion-flex-column fusion-flex-align-self-center\" style=\"--awb-bg-size:cover;--awb-width-large:100%;--awb-margin-top-large:25px;--awb-spacing-right-large:1.92%;--awb-margin-bottom-large:25px;--awb-spacing-left-large:1.92%;--awb-width-medium:100%;--awb-order-medium:0;--awb-spacing-right-medium:1.92%;--awb-spacing-left-medium:1.92%;--awb-width-small:100%;--awb-order-small:0;--awb-spacing-right-small:1.92%;--awb-spacing-left-small:1.92%;\"><div class=\"fusion-column-wrapper fusion-column-has-shadow fusion-flex-justify-content-center fusion-content-layout-column\"><div class=\"fusion-image-element \" style=\"--awb-caption-title-font-family:var(--h2_typography-font-family);--awb-caption-title-font-weight:var(--h2_typography-font-weight);--awb-caption-title-font-style:var(--h2_typography-font-style);--awb-caption-title-size:var(--h2_typography-font-size);--awb-caption-title-transform:var(--h2_typography-text-transform);--awb-caption-title-line-height:var(--h2_typography-line-height);--awb-caption-title-letter-spacing:var(--h2_typography-letter-spacing);\"><span class=\" fusion-imageframe imageframe-none imageframe-3 hover-type-none\"><img decoding=\"async\" width=\"1024\" height=\"512\" title=\"financiamentos manual\" src=\"https:\/\/caspae.pt\/PT\/wp-content\/uploads\/2023\/02\/financiamentos-manual-1024x512.jpg\" alt class=\"img-responsive wp-image-12746\" srcset=\"https:\/\/caspae.pt\/PT\/wp-content\/uploads\/2023\/02\/financiamentos-manual-200x100.jpg 200w, https:\/\/caspae.pt\/PT\/wp-content\/uploads\/2023\/02\/financiamentos-manual-400x200.jpg 400w, https:\/\/caspae.pt\/PT\/wp-content\/uploads\/2023\/02\/financiamentos-manual-600x300.jpg 600w, https:\/\/caspae.pt\/PT\/wp-content\/uploads\/2023\/02\/financiamentos-manual-800x400.jpg 800w, https:\/\/caspae.pt\/PT\/wp-content\/uploads\/2023\/02\/financiamentos-manual-1200x600.jpg 1200w\" sizes=\"(max-width: 1024px) 100vw, (max-width: 640px) 100vw, 1200px\" \/><\/span><\/div><\/div><\/div><\/div><\/div><div class=\"fusion-fullwidth fullwidth-box fusion-builder-row-4 fusion-flex-container nonhundred-percent-fullwidth non-hundred-percent-height-scrolling fusion-no-small-visibility\" style=\"--awb-border-radius-top-left:0px;--awb-border-radius-top-right:0px;--awb-border-radius-bottom-right:0px;--awb-border-radius-bottom-left:0px;--awb-flex-wrap:wrap;\" ><div class=\"fusion-builder-row fusion-row fusion-flex-align-items-flex-start fusion-flex-content-wrap\" style=\"max-width:1206.4px;margin-left: calc(-4% \/ 2 );margin-right: calc(-4% \/ 2 );\"><div class=\"fusion-layout-column fusion_builder_column fusion-builder-column-8 fusion_builder_column_1_1 1_1 fusion-flex-column\" style=\"--awb-bg-size:cover;--awb-width-large:100%;--awb-margin-top-large:25px;--awb-spacing-right-large:1.92%;--awb-margin-bottom-large:25px;--awb-spacing-left-large:1.92%;--awb-width-medium:100%;--awb-order-medium:0;--awb-spacing-right-medium:1.92%;--awb-spacing-left-medium:1.92%;--awb-width-small:100%;--awb-order-small:0;--awb-spacing-right-small:1.92%;--awb-spacing-left-small:1.92%;\"><div class=\"fusion-column-wrapper fusion-column-has-shadow fusion-flex-justify-content-flex-start fusion-content-layout-column\"><div class=\"fusion-image-element \" style=\"--awb-caption-title-font-family:var(--h2_typography-font-family);--awb-caption-title-font-weight:var(--h2_typography-font-weight);--awb-caption-title-font-style:var(--h2_typography-font-style);--awb-caption-title-size:var(--h2_typography-font-size);--awb-caption-title-transform:var(--h2_typography-text-transform);--awb-caption-title-line-height:var(--h2_typography-line-height);--awb-caption-title-letter-spacing:var(--h2_typography-letter-spacing);\"><span class=\" fusion-imageframe imageframe-none imageframe-4 hover-type-none\"><img decoding=\"async\" width=\"1024\" height=\"512\" title=\"financiamentos manual\" src=\"https:\/\/caspae.pt\/PT\/wp-content\/uploads\/2023\/02\/financiamentos-manual-1024x512.jpg\" alt class=\"img-responsive wp-image-12746\" srcset=\"https:\/\/caspae.pt\/PT\/wp-content\/uploads\/2023\/02\/financiamentos-manual-200x100.jpg 200w, https:\/\/caspae.pt\/PT\/wp-content\/uploads\/2023\/02\/financiamentos-manual-400x200.jpg 400w, https:\/\/caspae.pt\/PT\/wp-content\/uploads\/2023\/02\/financiamentos-manual-600x300.jpg 600w, https:\/\/caspae.pt\/PT\/wp-content\/uploads\/2023\/02\/financiamentos-manual-800x400.jpg 800w, https:\/\/caspae.pt\/PT\/wp-content\/uploads\/2023\/02\/financiamentos-manual-1200x600.jpg 1200w\" sizes=\"(max-width: 1024px) 100vw, (max-width: 640px) 100vw, 1200px\" \/><\/span><\/div><\/div><\/div><\/div><\/div><\/p>\n","protected":false},"excerpt":{"rendered":"","protected":false},"author":1,"featured_media":0,"parent":0,"menu_order":0,"comment_status":"closed","ping_status":"closed","template":"100-width.php","meta":{"footnotes":""},"class_list":["post-12886","page","type-page","status-publish","hentry"],"_links":{"self":[{"href":"https:\/\/caspae.pt\/PT\/wp-json\/wp\/v2\/pages\/12886","targetHints":{"allow":["GET"]}}],"collection":[{"href":"https:\/\/caspae.pt\/PT\/wp-json\/wp\/v2\/pages"}],"about":[{"href":"https:\/\/caspae.pt\/PT\/wp-json\/wp\/v2\/types\/page"}],"author":[{"embeddable":true,"href":"https:\/\/caspae.pt\/PT\/wp-json\/wp\/v2\/users\/1"}],"replies":[{"embeddable":true,"href":"https:\/\/caspae.pt\/PT\/wp-json\/wp\/v2\/comments?post=12886"}],"version-history":[{"count":28,"href":"https:\/\/caspae.pt\/PT\/wp-json\/wp\/v2\/pages\/12886\/revisions"}],"predecessor-version":[{"id":13586,"href":"https:\/\/caspae.pt\/PT\/wp-json\/wp\/v2\/pages\/12886\/revisions\/13586"}],"wp:attachment":[{"href":"https:\/\/caspae.pt\/PT\/wp-json\/wp\/v2\/media?parent=12886"}],"curies":[{"name":"wp","href":"https:\/\/api.w.org\/{rel}","templated":true}]}}